{"id":12638,"date":"2024-07-19T00:54:20","date_gmt":"2024-07-18T16:54:20","guid":{"rendered":"https:\/\/www.luleey.com\/?post_type=product&#038;p=12638"},"modified":"2025-08-02T22:26:32","modified_gmt":"2025-08-02T14:26:32","slug":"8-pon-gpon-olt","status":"publish","type":"product","link":"https:\/\/www.luleey.com\/pt\/produto\/8-pon-gpon-olt\/","title":{"rendered":"8 PON GPON OLT, LL-GPOLT-XE-G08"},"content":{"rendered":"<h3>Recursos<\/h3>\n<ol data-spm-anchor-id=\"a2g0o.detail.1000023.i0.1472leN2leN24S\">\n<li>Suporte \u00e0 taxa espectral de 1:128<\/li>\n<li>Suporta at\u00e9 1024 ONUs<\/li>\n<li>Suporte a protocolos de roteamento, como RIP\/OSPF<\/li>\n<li>Suporte \u00e0 fun\u00e7\u00e3o de roteamento est\u00e1tico IPV4\/IPV6<\/li>\n<li>Suporte para a fun\u00e7\u00e3o QinQ<\/li>\n<li>Rack 1U de 19 polegadas<\/li>\n<li>Tamanho: 440mmx260mmx44mm<\/li>\n<li>8 * GPON SFP, 4 * 10GE\/GE SFP+, 4 * 10\/100\/1000MaseT<\/li>\n<li>Dist\u00e2ncia de transmiss\u00e3o da porta PON: 20 km<\/li>\n<li>Comprimento de onda de trabalho da porta PON: envio de 1490nm. Aceita 1310nm<\/li>\n<li>Tipo de interface PON: Fibra de modo \u00fanico SC 9\/125um<\/li>\n<li>Sensibilidade de recep\u00e7\u00e3o de PON: -30dbm<\/li>\n<\/ol>\n<div class=\"structure-row\">\n<div class=\"col-left\" data-spm-anchor-id=\"a2700.details.0.i25.78ff2908MBBelt\">\n<div class=\"structure-row\">\n<h3>Especifica\u00e7\u00e3o<\/h3>\n<\/div>\n<div class=\"structure-row\">\n<div class=\"col-right\">\n<table width=\"776\">\n<tbody>\n<tr>\n<td>Marca<\/td>\n<td>LuLeey<\/td>\n<\/tr>\n<tr>\n<td>Modelo<\/td>\n<td>LL-GPOLT-XE-G08<\/td>\n<\/tr>\n<tr>\n<td width=\"239\">Caracter\u00edsticas da interface PON<\/td>\n<td width=\"537\">Taxa de transmiss\u00e3o de downlink de 2,5 Gbps\/uplink de 1,25 Gbps<br \/>\nSuporta m\u00f3dulos Classe B+, Classe C+GPON<br \/>\nSeguran\u00e7a: Mecanismo de autentica\u00e7\u00e3o da ONU<\/td>\n<\/tr>\n<tr>\n<td>Padr\u00f5es<\/td>\n<td width=\"537\">ITU-T G.984\/G.988<br \/>\nIEEE 802.1D, Spanning Tree<br \/>\nIEEE 802.1Q, VLAN<br \/>\nIEEE 802.1w, RSTP<br \/>\nIEEE 802.3ad LACP<br \/>\nEthernet -II<\/td>\n<\/tr>\n<tr>\n<td>QoS<\/td>\n<td width=\"537\">Controle de fluxo de contrapress\u00e3o (half duplex)<br \/>\nControle de fluxo IEEE 802.3x (Full Duplex)<br \/>\nIEEE 802.1p, CoS<br \/>\nAlgoritmos de programa\u00e7\u00e3o de filas WRR, SP e FIFO<br \/>\nFun\u00e7\u00e3o de limite de velocidade para uplink e downlink com base em cada ONU<br \/>\nOferece suporte \u00e0s fun\u00e7\u00f5es de DBA e SLA<\/td>\n<\/tr>\n<tr>\n<td>VLAN<\/td>\n<td width=\"537\">VLAN baseada em porta, 4K entradas de tabela de VLAN<br \/>\nQinQ e suporta QinQ flex\u00edvel<\/td>\n<\/tr>\n<tr>\n<td>Multicast<\/td>\n<td width=\"537\">Multicast L2<br \/>\nIGMP Snooping<br \/>\nMLD Snooping<\/td>\n<\/tr>\n<tr>\n<td>Confiabilidade<\/td>\n<td width=\"537\">Protocolo de detec\u00e7\u00e3o de link unidirecional para evitar loops de \u00e1rvore de sobreviv\u00eancia<br \/>\nSlot de expans\u00e3o M\u00f3dulo \u00f3ptico GPON com troca a quente<br \/>\nProte\u00e7\u00e3o do caminho \u00f3ptico GPON (classe b\/c, port\u00e1til, etc.)<br \/>\nSuporte \u00e0 fun\u00e7\u00e3o de detec\u00e7\u00e3o de ONUs com emiss\u00e3o de luz anormal, como emiss\u00e3o de luz longa<\/td>\n<\/tr>\n<tr>\n<td>Seguran\u00e7a de rede<\/td>\n<td width=\"537\">Limitar o n\u00famero m\u00e1ximo de usu\u00e1rios por porta<br \/>\nIsolamento de portas<br \/>\nControle de tempestade de mensagens<br \/>\nFun\u00e7\u00e3o de controle de acesso ACL com base no fluxo de dados<br \/>\nCriptografia de dados para transmiss\u00e3o de porta PON<\/td>\n<\/tr>\n<tr>\n<td>Gerenciamento de configura\u00e7\u00e3o<\/td>\n<td width=\"537\">V\u00e1rios m\u00e9todos de gerenciamento, como CLI, SNMP, TELNET, etc.<br \/>\nAtualiza\u00e7\u00e3o de software poss\u00edvel por meio de TFTP<br \/>\nDepura\u00e7\u00e3o de sa\u00edda<\/td>\n<\/tr>\n<tr>\n<td>Propriedade f\u00edsica<\/td>\n<td width=\"537\">442,5 mm (L) x 304 mm (P) x 44 mm (A)<br \/>\nInstala\u00e7\u00e3o: Rack padr\u00e3o de 19\u201c<\/td>\n<\/tr>\n<tr>\n<td>Requisitos ambientais<\/td>\n<td width=\"537\">Ambiente de trabalho: 0 \u2103~45 \u2103; 10% -85% sem condensa\u00e7\u00e3o<br \/>\nAmbiente de armazenamento: -40 \u2103~80 \u2103; 5% -95% sem condensa\u00e7\u00e3o<\/td>\n<\/tr>\n<tr>\n<td>Fonte de alimenta\u00e7\u00e3o<\/td>\n<td width=\"537\">Tens\u00e3o de entrada: AC90~264V, DC 36~72V<br \/>\nSuporta entrada dupla de energia, inser\u00e7\u00e3o mista de fontes de alimenta\u00e7\u00e3o CA e CC e troca a quente de m\u00f3dulos de energia<\/td>\n<\/tr>\n<\/tbody>\n<\/table>\n<\/div>\n<\/div>\n<\/div>\n<\/div>","protected":false},"excerpt":{"rendered":"<p>\u2018- Rede eficiente: A OLT LL-GPOLT308 8GPON suporta uma rela\u00e7\u00e3o espectral de 1:128, permitindo conex\u00f5es est\u00e1veis e de alta velocidade para at\u00e9 1024 ONUs.<br \/>\n- Conectividade vers\u00e1til: Equipada com 4 * 10GE\/GE SFP+ e 4 * 10\/100\/1000 portas de uplink RJ45, essa OLT oferece op\u00e7\u00f5es flex\u00edveis de conectividade para uma integra\u00e7\u00e3o perfeita em qualquer configura\u00e7\u00e3o de rede.<br \/>\n- Desempenho aprimorado: A sensibilidade de recep\u00e7\u00e3o da PON de -30 dBm garante uma excelente recep\u00e7\u00e3o de sinal, permitindo uma transmiss\u00e3o de dados confi\u00e1vel e ininterrupta.<br \/>\n- Desempenho aprimorado: A sensibilidade de recep\u00e7\u00e3o da PON de -30 dBm garante uma excelente recep\u00e7\u00e3o de sinal, permitindo uma transmiss\u00e3o de dados confi\u00e1vel e ininterrupta.<br \/>\n- Instala\u00e7\u00e3o simplificada: Essa OLT 8GPON foi projetada para facilitar a instala\u00e7\u00e3o e pode ser rapidamente instalada e configurada para uma rede eficiente sem nenhum inc\u00f4modo.<\/p>","protected":false},"featured_media":12675,"comment_status":"open","ping_status":"closed","template":"","meta":[],"product_brand":[],"product_cat":[360],"product_tag":[95,172,229,1089,269],"class_list":{"0":"post-12638","1":"product","2":"type-product","3":"status-publish","4":"has-post-thumbnail","6":"product_cat-gpon-olt","7":"product_tag-1024-onu","8":"product_tag-8-gpon","9":"product_tag-gpon-olt","10":"product_tag-ll-gpolt-xe-g08","11":"product_tag-olt","13":"first","14":"instock","15":"sale","16":"shipping-taxable","17":"purchasable","18":"product-type-variable","19":"has-default-attributes"},"_links":{"self":[{"href":"https:\/\/www.luleey.com\/pt\/wp-json\/wp\/v2\/product\/12638","targetHints":{"allow":["GET"]}}],"collection":[{"href":"https:\/\/www.luleey.com\/pt\/wp-json\/wp\/v2\/product"}],"about":[{"href":"https:\/\/www.luleey.com\/pt\/wp-json\/wp\/v2\/types\/product"}],"replies":[{"embeddable":true,"href":"https:\/\/www.luleey.com\/pt\/wp-json\/wp\/v2\/comments?post=12638"}],"wp:featuredmedia":[{"embeddable":true,"href":"https:\/\/www.luleey.com\/pt\/wp-json\/wp\/v2\/media\/12675"}],"wp:attachment":[{"href":"https:\/\/www.luleey.com\/pt\/wp-json\/wp\/v2\/media?parent=12638"}],"wp:term":[{"taxonomy":"product_brand","embeddable":true,"href":"https:\/\/www.luleey.com\/pt\/wp-json\/wp\/v2\/product_brand?post=12638"},{"taxonomy":"product_cat","embeddable":true,"href":"https:\/\/www.luleey.com\/pt\/wp-json\/wp\/v2\/product_cat?post=12638"},{"taxonomy":"product_tag","embeddable":true,"href":"https:\/\/www.luleey.com\/pt\/wp-json\/wp\/v2\/product_tag?post=12638"}],"curies":[{"name":"wp","href":"https:\/\/api.w.org\/{rel}","templated":true}]}}