{"id":12641,"date":"2024-07-19T00:54:20","date_gmt":"2024-07-18T16:54:20","guid":{"rendered":"https:\/\/www.luleey.com\/?post_type=product&#038;p=12641"},"modified":"2025-06-28T10:51:11","modified_gmt":"2025-06-28T02:51:11","slug":"4ge-poe-gpon-onu","status":"publish","type":"product","link":"https:\/\/www.luleey.com\/pt\/produto\/4ge-poe-gpon-onu\/","title":{"rendered":"4GE POE GPON ONU"},"content":{"rendered":"<h3 align=\"left\"><strong data-spm-anchor-id=\"a2g0o.detail.1000023.i0.6e6d2ca3EqJnmk\">Fonte de alimenta\u00e7\u00e3o 4GE POE GPON ONU (IEEE802.3af\/at 15.4W\/30W) GPON ONU<\/strong><\/h3>\n<h3>Recursos<\/h3>\n<ol>\n<li>SFU ONU, Plug and play<\/li>\n<li>Fun\u00e7\u00e3o POE, pot\u00eancia total de 70W<\/li>\n<li>Suporte ao padr\u00e3o ITU-TG.984.x, em conformidade com as especifica\u00e7\u00f5es t\u00e9cnicas do GPON<\/li>\n<li>Suporte a IE802.3\/IEEE802.3u\/IEEE802.3ab\/IGMP Snooping V2\/IEEE802.1Q VLAN\/IEEE802.1P QoS<\/li>\n<li>Descoberta e registro autom\u00e1ticos (DBA) da ONU, plug and play<\/li>\n<li>Carca\u00e7a de ferro, boa dissipa\u00e7\u00e3o de calor<\/li>\n<li>Luz indicadora de suporte para facilitar a manuten\u00e7\u00e3o<\/li>\n<li>10\/100\/1000Mbps adaptativo<\/li>\n<\/ol>\n<h3>Especifica\u00e7\u00e3o<\/h3>\n<table width=\"790\">\n<tbody>\n<tr>\n<td width=\"229\">Modelo<\/td>\n<td width=\"561\">LL-GP-4GE-POE<\/td>\n<\/tr>\n<tr>\n<td>Fonte de alimenta\u00e7\u00e3o<\/td>\n<td>\u00a0DC48V<\/td>\n<\/tr>\n<tr>\n<td>Temperatura de trabalho<\/td>\n<td>\u00a0-10~55 graus Celsius<\/td>\n<\/tr>\n<tr>\n<td>Temperatura de armazenamento<\/td>\n<td>\u00a0-40~85 graus Celsius<\/td>\n<\/tr>\n<tr>\n<td>Espa\u00e7o de buffer<\/td>\n<td>1,25 MB<\/td>\n<\/tr>\n<tr>\n<td>Tipo de interface PON<\/td>\n<td>\u00a0SC\/PC<\/td>\n<\/tr>\n<tr>\n<td>Comprimento de onda de trabalho<\/td>\n<td>\u00a01310TX\/1490RX<\/td>\n<\/tr>\n<tr>\n<td>Aceita\u00e7\u00e3o Sensibilidade<\/td>\n<td>\u00a0-28dBm<\/td>\n<\/tr>\n<tr>\n<td>GPON\/EPON<\/td>\n<td>GPON<\/td>\n<\/tr>\n<\/tbody>\n<\/table>","protected":false},"excerpt":{"rendered":"<p>4GE POE GPON ONU power supply (IEEE802.3af\/at 15.4W\/30W) GPON ONU Features SFU ONU, Plug and play POE function, Total power<\/p>","protected":false},"featured_media":12683,"comment_status":"open","ping_status":"closed","template":"","meta":[],"product_brand":[],"product_cat":[291],"product_tag":[145,228,289,292],"class_list":{"0":"post-12641","1":"product","2":"type-product","3":"status-publish","4":"has-post-thumbnail","6":"product_cat-poe-gpon-epon-onu","7":"product_tag-4-port","8":"product_tag-gpon","9":"product_tag-poe","10":"product_tag-poe-onu","12":"first","13":"instock","14":"sale","15":"featured","16":"shipping-taxable","17":"purchasable","18":"product-type-variable","19":"has-default-attributes"},"_links":{"self":[{"href":"https:\/\/www.luleey.com\/pt\/wp-json\/wp\/v2\/product\/12641","targetHints":{"allow":["GET"]}}],"collection":[{"href":"https:\/\/www.luleey.com\/pt\/wp-json\/wp\/v2\/product"}],"about":[{"href":"https:\/\/www.luleey.com\/pt\/wp-json\/wp\/v2\/types\/product"}],"replies":[{"embeddable":true,"href":"https:\/\/www.luleey.com\/pt\/wp-json\/wp\/v2\/comments?post=12641"}],"wp:featuredmedia":[{"embeddable":true,"href":"https:\/\/www.luleey.com\/pt\/wp-json\/wp\/v2\/media\/12683"}],"wp:attachment":[{"href":"https:\/\/www.luleey.com\/pt\/wp-json\/wp\/v2\/media?parent=12641"}],"wp:term":[{"taxonomy":"product_brand","embeddable":true,"href":"https:\/\/www.luleey.com\/pt\/wp-json\/wp\/v2\/product_brand?post=12641"},{"taxonomy":"product_cat","embeddable":true,"href":"https:\/\/www.luleey.com\/pt\/wp-json\/wp\/v2\/product_cat?post=12641"},{"taxonomy":"product_tag","embeddable":true,"href":"https:\/\/www.luleey.com\/pt\/wp-json\/wp\/v2\/product_tag?post=12641"}],"curies":[{"name":"wp","href":"https:\/\/api.w.org\/{rel}","templated":true}]}}