{"id":12643,"date":"2024-07-19T00:54:21","date_gmt":"2024-07-18T16:54:21","guid":{"rendered":"https:\/\/www.luleey.com\/?post_type=product&#038;p=12643"},"modified":"2024-12-17T10:38:04","modified_gmt":"2024-12-17T02:38:04","slug":"gigabit-48-port-l3-layers-poe-ethernet-switch","status":"publish","type":"product","link":"https:\/\/www.luleey.com\/pt\/produto\/gigabit-48-port-l3-layers-poe-ethernet-switch\/","title":{"rendered":"Switch Ethernet Gigabit POE de 48 portas com camadas L3"},"content":{"rendered":"<h3>Switch Ethernet Gigabit POE de 48 portas com camadas L3<\/h3>\n<h3><strong>Recurso<\/strong><\/h3>\n<ol>\n<li>Suporta o protocolo de \u00e1rvore de abrang\u00eancia STP\/RSTP\/MSTP tradicional, bem como a tecnologia de prote\u00e7\u00e3o Ethernet inteligente SEP, inovadora e independente da Huawei, e o novo padr\u00e3o de rede em anel Ethernet ERPS do setor.<\/li>\n<li>Suporte \u00e0 fun\u00e7\u00e3o SmartLink, conectando v\u00e1rios links a v\u00e1rios switches de agrega\u00e7\u00e3o, obtendo backup de uplink e melhorando consideravelmente a confiabilidade dos dispositivos do lado do acesso.<\/li>\n<li>Oferece suporte a um OAM Ethernet abrangente (IEEE 802.3ah\/802.1ag) para detec\u00e7\u00e3o r\u00e1pida de falhas de link.<\/li>\n<li>Porta de downlink: 10\/100\/100OOM Porta de uplink: 4 x 1000M\/10G SFP\/SFP+<\/li>\n<li>Gerenciamento de rede da Web<\/li>\n<li>Suporte \u00e0 fonte de alimenta\u00e7\u00e3o POE<\/li>\n<\/ol>\n<h3>Especifica\u00e7\u00e3o<\/h3>\n<table width=\"790\">\n<tbody>\n<tr>\n<td width=\"229\">modelo<\/td>\n<td width=\"561\">LL-48GE-L3<\/td>\n<\/tr>\n<tr>\n<td>Porta de rede<\/td>\n<td>\u00a048 * porta RJ45 10\/100\/1000M; 4 * SFP 100\/1000\/2500\/1000M<\/td>\n<\/tr>\n<tr>\n<td>Porta de gerenciamento<\/td>\n<td>\u00a01 porta de console<\/td>\n<\/tr>\n<tr>\n<td>Chave de reinicializa\u00e7\u00e3o<\/td>\n<td>1<\/td>\n<\/tr>\n<tr>\n<td>CPU<\/td>\n<td>\u00a0MIFS-34Kcdual core 1GHz<\/td>\n<\/tr>\n<tr>\n<td>DDR<\/td>\n<td>\u00a04G DDR3<\/td>\n<\/tr>\n<tr>\n<td>FLASH<\/td>\n<td>\u00a0512MBytes<\/td>\n<\/tr>\n<tr>\n<td>RAM<\/td>\n<td>\u00a0512MBytes<\/td>\n<\/tr>\n<tr>\n<td>Largura de banda<\/td>\n<td>\u00a0256 Gbps<\/td>\n<\/tr>\n<tr>\n<td>Encaminhamento de pacotes<\/td>\n<td>\u00a0160,71Mpps<\/td>\n<\/tr>\n<tr>\n<td>Endere\u00e7o MAC<\/td>\n<td>\u00a032K<\/td>\n<\/tr>\n<tr>\n<td>Cache<\/td>\n<td>\u00a0Buffer de pacotes SRAM de 16 Mbit<\/td>\n<\/tr>\n<tr>\n<td>Jumbo frame de at\u00e9 12KE<\/td>\n<td><\/td>\n<\/tr>\n<tr>\n<td>Endere\u00e7o da VLAN<\/td>\n<td>\u00a04K<\/td>\n<\/tr>\n<tr>\n<td>Agrega\u00e7\u00e3o de links<\/td>\n<td>\u00a0Suporta 128 grupos de retransmiss\u00e3o, com um m\u00e1ximo de 8 membros por grupo<\/td>\n<\/tr>\n<tr>\n<td>Roteamento L3<\/td>\n<td>\u00a0O IPV4 suporta 12K; o IPV6 suporta 12K3<\/td>\n<\/tr>\n<tr>\n<td>Fila de Qos<\/td>\n<td>8<\/td>\n<\/tr>\n<tr>\n<td>Dist\u00e2ncia de transmiss\u00e3o<\/td>\n<td width=\"561\">10 Mbps: Cat3,4,5 UTF (\u2264 250 metros); 100M: cat5 ou UTF posterior (150 metros); 1000M: cat6 ou UTF posterior (150 metros); SFP: suporta m\u00f3dulos \u00f3pticos multimodo de modo \u00fanico 100M\/1G\/2,5G\/10G, com uma dist\u00e2ncia m\u00e1xima de \u2264 120 km (dependendo do m\u00f3dulo \u00f3ptico)<\/td>\n<\/tr>\n<tr>\n<td>Luz indicadora de LED<\/td>\n<td width=\"561\">PWR: luz indicadora de energia; SYS: luz indicadora do sistema; 1-48: luz indicadora de conex\u00e3o de rede 10\/100, 1000M, 49-52: luz indicadora de conex\u00e3o de porta \u00f3ptica 10 Gigabit SFP<\/td>\n<\/tr>\n<tr>\n<td>Fonte de alimenta\u00e7\u00e3o<\/td>\n<td>Fonte de alimenta\u00e7\u00e3o embutida CA: 100-240 VCA 50-60 Hz 0,6 A, m\u00e1ximo de 45 W<\/td>\n<\/tr>\n<tr>\n<td>Temperatura\/humidade de trabalho<\/td>\n<td>\u00a0-10~+55 \u00b0 C; 5%~90% n\u00e3o solidificado<\/td>\n<\/tr>\n<tr>\n<td>Temperatura\/humidade de armazenamento<\/td>\n<td>\u00a0-40~+75 \u00b0 C; 5%~95% n\u00e3o solidificado<\/td>\n<\/tr>\n<tr>\n<td>Tamanho do produto\/embalagem (C * L * A)<\/td>\n<td>\u00a0440 mm * 360 mm * 45 mm; 553 mm * 403 mm * 93 mm<\/td>\n<\/tr>\n<tr>\n<td>N\u00edvel de prote\u00e7\u00e3o contra raios\/sobretens\u00e3o<\/td>\n<td>\u00a06Kv 8\/20us; IP30<\/td>\n<\/tr>\n<tr>\n<td>M\u00e9todo de instala\u00e7\u00e3o<\/td>\n<td>\u00a0tipo de rack (entrega de acess\u00f3rios de orelha do rack)<\/td>\n<\/tr>\n<\/tbody>\n<\/table>","protected":false},"excerpt":{"rendered":"<p>Switch Ethernet POE<\/p>\n<p>48 portas RJ45 10\/100\/1000Base-T<br \/>\nPorta \u00f3ptica SFP de 4 x 10G\/Gigabit<br \/>\n1 x porta de controle do console<br \/>\nTaxa de transmiss\u00e3o: 1000Mbps<br \/>\nLargura de banda do backplane: 256 Gbps (GB)<br \/>\nDimens\u00f5es externas: 440 * 360 * 45 (mm)<br \/>\nFonte de alimenta\u00e7\u00e3o: AC100-240V<br \/>\nConsumo de energia em modo de espera: \uff1c 35W (VA)<br \/>\nConsumo de energia com carga total: \uff1c 55W (VA)<\/p>","protected":false},"featured_media":12686,"comment_status":"open","ping_status":"closed","template":"","meta":[],"product_brand":[],"product_cat":[258,290],"product_tag":[89,151,244,289,322],"class_list":{"0":"post-12643","1":"product","2":"type-product","3":"status-publish","4":"has-post-thumbnail","6":"product_cat-managed-switches","7":"product_cat-poe-switches","8":"product_tag-1000m","9":"product_tag-48-port","10":"product_tag-l3-managed","11":"product_tag-poe","12":"product_tag-sfp","14":"first","15":"instock","16":"sale","17":"shipping-taxable","18":"purchasable","19":"product-type-variable"},"_links":{"self":[{"href":"https:\/\/www.luleey.com\/pt\/wp-json\/wp\/v2\/product\/12643","targetHints":{"allow":["GET"]}}],"collection":[{"href":"https:\/\/www.luleey.com\/pt\/wp-json\/wp\/v2\/product"}],"about":[{"href":"https:\/\/www.luleey.com\/pt\/wp-json\/wp\/v2\/types\/product"}],"replies":[{"embeddable":true,"href":"https:\/\/www.luleey.com\/pt\/wp-json\/wp\/v2\/comments?post=12643"}],"wp:featuredmedia":[{"embeddable":true,"href":"https:\/\/www.luleey.com\/pt\/wp-json\/wp\/v2\/media\/12686"}],"wp:attachment":[{"href":"https:\/\/www.luleey.com\/pt\/wp-json\/wp\/v2\/media?parent=12643"}],"wp:term":[{"taxonomy":"product_brand","embeddable":true,"href":"https:\/\/www.luleey.com\/pt\/wp-json\/wp\/v2\/product_brand?post=12643"},{"taxonomy":"product_cat","embeddable":true,"href":"https:\/\/www.luleey.com\/pt\/wp-json\/wp\/v2\/product_cat?post=12643"},{"taxonomy":"product_tag","embeddable":true,"href":"https:\/\/www.luleey.com\/pt\/wp-json\/wp\/v2\/product_tag?post=12643"}],"curies":[{"name":"wp","href":"https:\/\/api.w.org\/{rel}","templated":true}]}}