{"id":12657,"date":"2024-07-19T00:54:44","date_gmt":"2024-07-18T16:54:44","guid":{"rendered":"https:\/\/www.luleey.com\/?post_type=product&#038;p=12657"},"modified":"2024-07-19T23:05:23","modified_gmt":"2024-07-19T15:05:23","slug":"rj11-rj45-tester-sc8108","status":"publish","type":"product","link":"https:\/\/www.luleey.com\/pt\/produto\/rj11-rj45-tester-sc8108\/","title":{"rendered":"Testador RJ11 RJ45 SC8108"},"content":{"rendered":"<h3>Testador RJ45 Para seguran\u00e7a no transporte, n\u00e3o ser\u00e3o fornecidas baterias. Obrigado por sua compreens\u00e3o.<\/h3>\n<div>\n<div>\n<div>\n<div>\n<div>\n<div>\n<div><\/div>\n<p align=\"left\"><strong data-spm-anchor-id=\"a2g0o.detail.1000023.i0.6e6d2ca3EqJnmk\">Produto\u00a0<\/strong><strong>Recursos<\/strong><\/p>\n<div>\n<p class=\"tgt\" data-section=\"3\"><span class=\"tgt\" data-group=\"3-0\" data-section=\"3\" data-sentence=\"0\">1. O escaneamento autom\u00e1tico \u00e9 adotado para testes r\u00e1pidos.<\/span><br \/>\n<span class=\"tgt\" data-group=\"4-0\" data-section=\"4\" data-sentence=\"0\">2. Formato aerodin\u00e2mico e design ergon\u00f4mico.<\/span><br \/>\n<span class=\"tgt\" data-group=\"5-0\" data-section=\"5\" data-sentence=\"0\">3. Design antiqueda e antiluz, mais alinhado com a constru\u00e7\u00e3o do local.<\/span><\/p>\n<p><strong>M\u00e9todo de teste:<\/strong><\/div>\n<div>1. Teste o fio de par tran\u00e7ado 1, 2, 3, 4, 5, 6, 7, 8, G raiz por raiz (direita) para determinar qual \u00e9 o fio errado, o curto-circuito e o circuito aberto.<\/div>\n<div>2. O interruptor \u201cOFF\u201d significa DESLIGADO, ON significa velocidade de teste normal e \u201cS\u201d significa velocidade de teste lenta.<\/div>\n<div>3. Teste de par tran\u00e7ado: ligue a alimenta\u00e7\u00e3o, conecte o cabo de rede ao testador principal e ao testador remoto, respectivamente, e a luz indicadora do host pisca uma a uma, de 1 a G, conforme mostrado na figura a seguir:<\/div>\n<div>Testador principal: 1-2-3-4-5-6-7-8-g<\/div>\n<div>Testador remoto: 1-2-3-4-5-6-7-8-g (RJ45)<\/div>\n<div>O 1-2-3-4 - - - - - - - - - - - - - - - (RJ11)<\/div>\n<div>Se a conex\u00e3o n\u00e3o estiver normal, exiba o seguinte:<\/div>\n<div>A. Quando houver um cabo de rede, como o circuito no. 3, o testador principal e a l\u00e2mpada n\u00ba. 3 na extremidade do teste remoto n\u00e3o acender\u00e3o.<\/div>\n<div>B. Quando v\u00e1rias linhas estiverem desconectadas, elas n\u00e3o acender\u00e3o. Quando menos de duas linhas estiverem conectadas, a luz n\u00e3o acender\u00e1.<\/div>\n<div>C. Quando as duas extremidades das linhas de rede est\u00e3o fora de ordem, como mostrado nos exemplos 2 e 4, elas s\u00e3o mostradas da seguinte forma:<\/div>\n<div>Testador principal inalterado: 1-2-3-4-5-6-7-8-g<\/div>\n<div>A extremidade do teste remoto \u00e9: 1-4-3-2-5-6-7-8-g<\/div>\n<div>D. Quando houver 2 curtos-circuitos no cabo de rede, o testador principal n\u00e3o acender\u00e1, enquanto a extremidade do teste remoto mostra que ambos os curtos-circuitos estar\u00e3o ligeiramente brilhantes. Se houver mais de 3 (incluindo 3), todas as luzes das v\u00e1rias linhas no curto-circuito n\u00e3o acender\u00e3o.<\/div>\n<div>4. Se estiver medindo o quadro de distribui\u00e7\u00e3o e o m\u00f3dulo de bloco de parede, dois jumpers correspondentes (como 110P4-RJ45) devem ser levados ao testador.<\/div>\n<div>5. Teste do cabo coaxial: se o cabo estiver bom, as luzes BNC em ambas as extremidades piscam em verde ao mesmo tempo.<\/p>\n<ul>\n<li class=\"tgt\" data-section=\"3\">Cabo de teste: RJ45 RJ11<\/li>\n<li class=\"tgt\" data-section=\"1\"><span class=\"tgt\" data-group=\"1-0\" data-section=\"1\" data-sentence=\"0\">Fonte de alimenta\u00e7\u00e3o: Bateria laminada de 9V CC<\/span><\/li>\n<li class=\"tgt\" data-section=\"2\"><span class=\"tgt\" data-group=\"2-0\" data-section=\"2\" data-sentence=\"0\">Consumo de energia: 25 ma<\/span><\/li>\n<li class=\"tgt\" data-section=\"3\"><span class=\"tgt\" data-group=\"3-0\" data-section=\"3\" data-sentence=\"0\">Tamanho: 105 * 105 * 26 mm<\/span><\/li>\n<li class=\"tgt\" data-section=\"4\"><span class=\"tgt\" data-group=\"4-0\" data-section=\"4\" data-sentence=\"0\">Peso: 200 g<\/span><\/li>\n<\/ul>\n<\/div>\n<\/div>\n<\/div>\n<\/div>\n<\/div>\n<\/div>\n<\/div>","protected":false},"excerpt":{"rendered":"<p>Testador RJ11\/RJ45<\/p>\n<p><span class=\"tgt\" data-group=\"3-0\" data-section=\"3\" data-sentence=\"0\">1. O escaneamento autom\u00e1tico \u00e9 adotado para testes r\u00e1pidos.<\/span><br \/>\n<span class=\"tgt\" data-group=\"4-0\" data-section=\"4\" data-sentence=\"0\">2. Formato aerodin\u00e2mico e design ergon\u00f4mico.<\/span><br \/>\n<span class=\"tgt\" data-group=\"5-0\" data-section=\"5\" data-sentence=\"0\">3. Design antiqueda e antiluz, mais alinhado com a constru\u00e7\u00e3o do local.<\/span><\/p>","protected":false},"featured_media":12687,"comment_status":"open","ping_status":"closed","template":"","meta":[],"product_brand":[],"product_cat":[352],"product_tag":[300,301,311],"class_list":{"0":"post-12657","1":"product","2":"type-product","3":"status-publish","4":"has-post-thumbnail","6":"product_cat-copper-tools","7":"product_tag-rj11","8":"product_tag-rj45","9":"product_tag-sc8108","11":"first","12":"instock","13":"shipping-taxable","14":"purchasable","15":"product-type-variable"},"_links":{"self":[{"href":"https:\/\/www.luleey.com\/pt\/wp-json\/wp\/v2\/product\/12657","targetHints":{"allow":["GET"]}}],"collection":[{"href":"https:\/\/www.luleey.com\/pt\/wp-json\/wp\/v2\/product"}],"about":[{"href":"https:\/\/www.luleey.com\/pt\/wp-json\/wp\/v2\/types\/product"}],"replies":[{"embeddable":true,"href":"https:\/\/www.luleey.com\/pt\/wp-json\/wp\/v2\/comments?post=12657"}],"wp:featuredmedia":[{"embeddable":true,"href":"https:\/\/www.luleey.com\/pt\/wp-json\/wp\/v2\/media\/12687"}],"wp:attachment":[{"href":"https:\/\/www.luleey.com\/pt\/wp-json\/wp\/v2\/media?parent=12657"}],"wp:term":[{"taxonomy":"product_brand","embeddable":true,"href":"https:\/\/www.luleey.com\/pt\/wp-json\/wp\/v2\/product_brand?post=12657"},{"taxonomy":"product_cat","embeddable":true,"href":"https:\/\/www.luleey.com\/pt\/wp-json\/wp\/v2\/product_cat?post=12657"},{"taxonomy":"product_tag","embeddable":true,"href":"https:\/\/www.luleey.com\/pt\/wp-json\/wp\/v2\/product_tag?post=12657"}],"curies":[{"name":"wp","href":"https:\/\/api.w.org\/{rel}","templated":true}]}}