{"id":12662,"date":"2024-07-19T00:54:45","date_gmt":"2024-07-18T16:54:45","guid":{"rendered":"https:\/\/www.luleey.com\/?post_type=product&#038;p=12662"},"modified":"2025-02-20T22:32:55","modified_gmt":"2025-02-20T14:32:55","slug":"1x64-sc-apc-plc-splitter","status":"publish","type":"product","link":"https:\/\/www.luleey.com\/pt\/produto\/1x64-sc-apc-plc-splitter\/","title":{"rendered":"Divisor 1\u00d764 SC APC PLC"},"content":{"rendered":"<div>\n<div>\n<h3>Recursos<\/h3>\n<p>1. <span class=\"tagify__tag-text\" contenteditable=\"true\">divisor sc\/apc<\/span> novo inv\u00f3lucro de resina sint\u00e9tica pl\u00e1stica ABS, resist\u00eancia ao impacto, resist\u00eancia ao calor.<br \/>\n2. Fio de alta qualidade, alto desempenho e prote\u00e7\u00e3o ambiental O revestimento de PVC \u00e9 resistente a \u00e1cidos e \u00e1lcalis e dur\u00e1vel.<br \/>\n3. N\u00facleo de inser\u00e7\u00e3o de cer\u00e2mica de alto desempenho, transmiss\u00e3o \u00f3ptica uniforme, boa estabilidade ambiental.<\/p>\n<\/div>\n<\/div>\n<p>&nbsp;<\/p>\n<p>O divisor \u00f3ptico de guia de onda planar PLC (PLC Splitter) \u00e9 um dispositivo integrado de distribui\u00e7\u00e3o de energia \u00f3ptica de guia de onda baseado em um substrato de quartzo. Assim como um sistema de transmiss\u00e3o por cabo coaxial, um sistema de rede \u00f3ptica tamb\u00e9m precisa acoplar, ramificar e distribuir sinais \u00f3pticos. Para isso, \u00e9 necess\u00e1rio um divisor \u00f3ptico.<br \/>\nAplicativo<br \/>\nTipo de caixa ABS: instalada em um rack padr\u00e3o de 19 polegadas; quando a fibra se ramifica para dentro da casa, o equipamento de instala\u00e7\u00e3o fornecido \u00e9 a caixa de transfer\u00eancia de cabos de fibra \u00f3ptica; quando a fibra se ramifica para dentro da casa, o equipamento especificado pelo cliente \u00e9 instalado.<br \/>\nVantagens<br \/>\n1) A perda n\u00e3o \u00e9 sens\u00edvel ao comprimento de onda da luz transmitida e pode atender \u00e0s necessidades de transmiss\u00e3o de diferentes comprimentos de onda.<br \/>\n(2) A luz \u00e9 distribu\u00edda uniformemente, e o sinal pode ser distribu\u00eddo uniformemente aos usu\u00e1rios.<br \/>\n(3) A estrutura \u00e9 compacta e o volume \u00e9 pequeno, podendo ser instalada diretamente nas v\u00e1rias caixas de transfer\u00eancia existentes, sem a necessidade de um projeto especial para deixar um grande espa\u00e7o de instala\u00e7\u00e3o.<br \/>\n(4) H\u00e1 muitos canais de deriva\u00e7\u00e3o em um \u00fanico dispositivo, que podem chegar a mais de 16 canais.<br \/>\n(5) O custo de v\u00e1rios canais \u00e9 baixo. Quanto mais filiais, mais \u00f3bvia \u00e9 a vantagem de custo.<\/p>\n<h3>Especifica\u00e7\u00e3o<\/h3>\n<table width=\"834\">\n<tbody>\n<tr>\n<td width=\"273\">Tamanho da caixa<\/td>\n<td width=\"561\">\u00a0100*80*10mm<\/td>\n<\/tr>\n<tr>\n<td>Temperatura de armazenamento<\/td>\n<td>\u00a0-40~85 \u2103<\/td>\n<\/tr>\n<tr>\n<td>Temperatura de trabalho<\/td>\n<td>\u00a0-40~85 \u2103<\/td>\n<\/tr>\n<tr>\n<td>Tipo de conector<\/td>\n<td>\u00a0SC\/APC<\/td>\n<\/tr>\n<tr>\n<td>Comprimento de onda de trabalho<\/td>\n<td>\u00a01260~1650nm<\/td>\n<\/tr>\n<\/tbody>\n<\/table>","protected":false},"excerpt":{"rendered":"<div>\n<div>1. <span class=\"tagify__tag-text\" contenteditable=\"true\">Divisor PLC<\/span> novo inv\u00f3lucro de resina sint\u00e9tica pl\u00e1stica ABS, resist\u00eancia ao impacto, resist\u00eancia ao calor.<br \/>\n2. Fio de alta qualidade, alto desempenho e prote\u00e7\u00e3o ambiental O revestimento de PVC \u00e9 resistente a \u00e1cidos e \u00e1lcalis e dur\u00e1vel.<br \/>\n3. N\u00facleo de inser\u00e7\u00e3o de cer\u00e2mica de alto desempenho, transmiss\u00e3o \u00f3ptica uniforme, boa estabilidade ambiental.<\/div>\n<\/div>\n<div>\n<div>\n<div>\n<div>\n<div id=\"offer-template-0\">\n<ul>\n<li>Tamanho da caixa: 100*80*10mm<\/li>\n<li>Temperatura de armazenamento: -40~85 \u2103<\/li>\n<li>Temperatura de trabalho: -40~85 \u2103<\/li>\n<li>Tipo de conector: SC\/APC<\/li>\n<li data-spm-anchor-id=\"a2g0o.detail.1000023.i0.fae1E0h8E0h8i7\">Comprimento de onda de trabalho: 1260~1650nm<\/li>\n<\/ul>\n<\/div>\n<\/div>\n<\/div>\n<\/div>\n<\/div>","protected":false},"featured_media":12146,"comment_status":"open","ping_status":"closed","template":"","meta":[],"product_brand":[],"product_cat":[366],"product_tag":[121,306,326],"class_list":{"0":"post-12662","1":"product","2":"type-product","3":"status-publish","4":"has-post-thumbnail","6":"product_cat-optical-splitters-and-splitter-box","7":"product_tag-1x64","8":"product_tag-sc-apc","9":"product_tag-splitter","11":"first","12":"instock","13":"shipping-taxable","14":"purchasable","15":"product-type-variable"},"_links":{"self":[{"href":"https:\/\/www.luleey.com\/pt\/wp-json\/wp\/v2\/product\/12662","targetHints":{"allow":["GET"]}}],"collection":[{"href":"https:\/\/www.luleey.com\/pt\/wp-json\/wp\/v2\/product"}],"about":[{"href":"https:\/\/www.luleey.com\/pt\/wp-json\/wp\/v2\/types\/product"}],"replies":[{"embeddable":true,"href":"https:\/\/www.luleey.com\/pt\/wp-json\/wp\/v2\/comments?post=12662"}],"wp:featuredmedia":[{"embeddable":true,"href":"https:\/\/www.luleey.com\/pt\/wp-json\/wp\/v2\/media\/12146"}],"wp:attachment":[{"href":"https:\/\/www.luleey.com\/pt\/wp-json\/wp\/v2\/media?parent=12662"}],"wp:term":[{"taxonomy":"product_brand","embeddable":true,"href":"https:\/\/www.luleey.com\/pt\/wp-json\/wp\/v2\/product_brand?post=12662"},{"taxonomy":"product_cat","embeddable":true,"href":"https:\/\/www.luleey.com\/pt\/wp-json\/wp\/v2\/product_cat?post=12662"},{"taxonomy":"product_tag","embeddable":true,"href":"https:\/\/www.luleey.com\/pt\/wp-json\/wp\/v2\/product_tag?post=12662"}],"curies":[{"name":"wp","href":"https:\/\/api.w.org\/{rel}","templated":true}]}}