{"id":12664,"date":"2024-07-19T00:54:45","date_gmt":"2024-07-18T16:54:45","guid":{"rendered":"https:\/\/www.luleey.com\/?post_type=product&#038;p=12664"},"modified":"2024-10-11T09:07:36","modified_gmt":"2024-10-11T01:07:36","slug":"fc-apc-to-lc-apc-single-mode-2-5mm-to-1-25mm-ll-fcapc2lcapc","status":"publish","type":"product","link":"https:\/\/www.luleey.com\/pt\/produto\/fc-apc-to-lc-apc-single-mode-2-5mm-to-1-25mm-ll-fcapc2lcapc\/","title":{"rendered":"Conversor FC\/APC para LC\/APC de modo \u00fanico de 2,5 mm para 1,25 mm LL-FCAPC2LCAPC"},"content":{"rendered":"<div class=\"title--wrap--Ms9Zv4A\">\n<h3>Recursos<\/h3>\n<ol>\n<li><span class=\"\">N\u00facleo de cer\u00e2mica, desempenho est\u00e1vel<\/span><\/li>\n<li><span class=\"\">Suporta 1000 repeti\u00e7\u00f5es de inser\u00e7\u00e3o e remo\u00e7\u00e3o, reutiliz\u00e1vel<\/span><\/li>\n<li><span class=\"\">Par\u00e2metros reais para evitar perdas<\/span><\/li>\n<\/ol>\n<h3>Especifica\u00e7\u00e3o<\/h3>\n<table width=\"588\">\n<tbody>\n<tr>\n<td>Marca<\/td>\n<td>LuLeey<\/td>\n<\/tr>\n<tr>\n<td width=\"229\">Nome do produto<\/td>\n<td width=\"359\">Modo \u00fanico FC\/APC para LC\/APC 2,5 mm a 1,25 mm LL-FCAPC2LCAPC<\/td>\n<\/tr>\n<tr>\n<td width=\"229\">Conector<\/td>\n<td>SCUPC SCAPC<\/td>\n<\/tr>\n<tr>\n<td>SM\/MM<\/td>\n<td width=\"359\">Modo \u00fanico<\/td>\n<\/tr>\n<tr>\n<td>Comprimento de onda de trabalho<\/td>\n<td>1200nm~1600nm<\/td>\n<\/tr>\n<tr>\n<td>Perda de inser\u00e7\u00e3o<\/td>\n<td>&lt; 0,3 dB<\/td>\n<\/tr>\n<tr>\n<td width=\"229\">Perda de retorno<\/td>\n<td>\u226550db<\/td>\n<\/tr>\n<tr>\n<td>Material da manga<\/td>\n<td>cer\u00e2mica<\/td>\n<\/tr>\n<tr>\n<td>Tempos de inser\u00e7\u00e3o e desconex\u00e3o<\/td>\n<td>&gt;1000<\/td>\n<\/tr>\n<tr>\n<td>Temperatura de trabalho<\/td>\n<td>-40\u2103~75\u2103<\/td>\n<\/tr>\n<tr>\n<td>Temperatura de armazenamento<\/td>\n<td>-55\u2103~85\u2103<\/td>\n<\/tr>\n<tr>\n<td width=\"229\">Aplicativo<\/td>\n<td width=\"359\">Sistemas FTTX Solu\u00e7\u00f5es de CCTV<\/td>\n<\/tr>\n<tr>\n<td width=\"229\">Cen\u00e1rios de aplicativos<\/td>\n<td width=\"359\">FTTH, FTTB, FTTX, Solu\u00e7\u00e3o de rede<\/td>\n<\/tr>\n<tr>\n<td>Umidade<\/td>\n<td>95%RH<\/td>\n<\/tr>\n<\/tbody>\n<\/table>\n<h3 data-pl=\"product-title\" data-spm-anchor-id=\"a2g0o.detail.0.i11.238deU5GeU5Gff\"><\/h3>\n<\/div>","protected":false},"excerpt":{"rendered":"<p data-pl=\"product-title\" data-spm-anchor-id=\"a2g0o.detail.0.i11.238deU5GeU5Gff\">Localizador visual de falhas Medidor de pot\u00eancia \u00f3ptica Adaptador de fibra \u00f3ptica de modo \u00fanico h\u00edbrido FC\/APC para LC\/APC de 2,5 mm a 1,25 mm<\/p>\n<p data-pl=\"product-title\" data-spm-anchor-id=\"a2g0o.detail.0.i11.238deU5GeU5Gff\">1. Aprimore sua solu\u00e7\u00e3o de problemas de rede com este adaptador \u00f3ptico FC para LC, compat\u00edvel com o Visual Fault Locator e o Optical Power Meter, garantindo leituras precisas e r\u00e1pida detec\u00e7\u00e3o de problemas.<br \/>\n2. Converta de forma conveniente seus cabos de fibra \u00f3ptica com conectores de 2,5 mm para aqueles com conectores de 1,25 mm usando este adaptador h\u00edbrido FC para LC. Conecte perfeitamente diferentes tipos de fibra sem a necessidade de equipamentos adicionais.<br \/>\n3. Projetado para integra\u00e7\u00e3o perfeita em sistemas de fibra \u00f3ptica de modo \u00fanico, esse adaptador mant\u00e9m a qualidade ideal do sinal durante a transmiss\u00e3o, reduzindo a perda de sinal e garantindo uma transfer\u00eancia de dados confi\u00e1vel e r\u00e1pida.<br \/>\n4. Com uma impressionante perda de inser\u00e7\u00e3o de &lt;=0,3 dB, esse adaptador \u00f3ptico garante uma perda m\u00ednima de sinal durante o acoplamento do conector, permitindo a m\u00e1xima efici\u00eancia na transmiss\u00e3o de dados e o m\u00ednimo de interrup\u00e7\u00e3o em sua rede.<br \/>\n5. Obtenha uma pureza de sinal excepcional e minimize as reflex\u00f5es de sinal com uma perda de retorno de &lt;=50 dB, garantindo a integridade confi\u00e1vel dos dados e evitando a degrada\u00e7\u00e3o do desempenho. Atualize suas conex\u00f5es de fibra \u00f3ptica com esse adaptador de alta qualidade.<\/p>","protected":false},"featured_media":12689,"comment_status":"open","ping_status":"closed","template":"","meta":[],"product_brand":[],"product_cat":[365],"product_tag":[214,221,247,325],"class_list":{"0":"post-12664","1":"product","2":"type-product","3":"status-publish","4":"has-post-thumbnail","6":"product_cat-optical-adapters-and-flange-connectors-and-attenuator","7":"product_tag-fc-apc","8":"product_tag-fiber-adapter","9":"product_tag-lc-apc","10":"product_tag-sm","12":"first","13":"instock","14":"shipping-taxable","15":"purchasable","16":"product-type-variable","17":"has-default-attributes"},"_links":{"self":[{"href":"https:\/\/www.luleey.com\/pt\/wp-json\/wp\/v2\/product\/12664","targetHints":{"allow":["GET"]}}],"collection":[{"href":"https:\/\/www.luleey.com\/pt\/wp-json\/wp\/v2\/product"}],"about":[{"href":"https:\/\/www.luleey.com\/pt\/wp-json\/wp\/v2\/types\/product"}],"replies":[{"embeddable":true,"href":"https:\/\/www.luleey.com\/pt\/wp-json\/wp\/v2\/comments?post=12664"}],"wp:featuredmedia":[{"embeddable":true,"href":"https:\/\/www.luleey.com\/pt\/wp-json\/wp\/v2\/media\/12689"}],"wp:attachment":[{"href":"https:\/\/www.luleey.com\/pt\/wp-json\/wp\/v2\/media?parent=12664"}],"wp:term":[{"taxonomy":"product_brand","embeddable":true,"href":"https:\/\/www.luleey.com\/pt\/wp-json\/wp\/v2\/product_brand?post=12664"},{"taxonomy":"product_cat","embeddable":true,"href":"https:\/\/www.luleey.com\/pt\/wp-json\/wp\/v2\/product_cat?post=12664"},{"taxonomy":"product_tag","embeddable":true,"href":"https:\/\/www.luleey.com\/pt\/wp-json\/wp\/v2\/product_tag?post=12664"}],"curies":[{"name":"wp","href":"https:\/\/api.w.org\/{rel}","templated":true}]}}