{"id":12665,"date":"2024-07-19T00:54:45","date_gmt":"2024-07-18T16:54:45","guid":{"rendered":"https:\/\/www.luleey.com\/?post_type=product&#038;p=12665"},"modified":"2024-10-11T09:06:57","modified_gmt":"2024-10-11T01:06:57","slug":"otdr-test-bare-fiber-coupler-fc-adapter-ll-bare-fiber-coupler","status":"publish","type":"product","link":"https:\/\/www.luleey.com\/pt\/produto\/otdr-test-bare-fiber-coupler-fc-adapter-ll-bare-fiber-coupler\/","title":{"rendered":"Teste de OTDR acoplador de fibra nua Adaptador FC Acoplador de fibra nua LL Conversor"},"content":{"rendered":"<h3>Recursos<\/h3>\n<div class=\"specification--prop--RejitI8\">\n<ol>\n<li class=\"specification--title--UbVeyic\">Suporte a modo \u00fanico\/multimodo<\/li>\n<li class=\"specification--title--UbVeyic\">Op\u00e7\u00f5es de conectores SC<\/li>\n<li class=\"specification--title--UbVeyic\">Sem ep\u00f3xi<\/li>\n<li class=\"specification--title--UbVeyic\">Uso repetitivo<\/li>\n<li class=\"specification--title--UbVeyic\">Baixa perda de inser\u00e7\u00e3o<\/li>\n<\/ol>\n<\/div>\n<h3>Especifica\u00e7\u00e3o<\/h3>\n<table style=\"border-collapse: collapse; width: 100.465%; height: 434px;\">\n<tbody>\n<tr style=\"height: 53px;\">\n<td style=\"height: 53px; width: 35.2211%;\">Marca<\/td>\n<td style=\"height: 53px; width: 64.7013%;\">LuLeey<\/td>\n<\/tr>\n<tr style=\"height: 53px;\">\n<td style=\"height: 53px; width: 35.2211%;\" width=\"101\">Nome do produto<\/td>\n<td style=\"height: 53px; width: 64.7013%;\" width=\"222\">Acoplador de fibra nua para teste de OTDR Adaptador FC Acoplador de fibra nua LL<\/td>\n<\/tr>\n<tr style=\"height: 53px;\">\n<td style=\"height: 53px; width: 35.2211%;\">Tipo de adaptador<\/td>\n<td style=\"height: 53px; width: 64.7013%;\">Modo \u00fanico\/multimodo FC\/UPC<\/td>\n<\/tr>\n<tr style=\"height: 53px;\">\n<td style=\"width: 35.2211%; height: 53px;\">Di\u00e2metro da fibra nua<\/td>\n<td style=\"width: 64.7013%; height: 53px;\">125 \u03bc m<\/td>\n<\/tr>\n<tr style=\"height: 53px;\">\n<td style=\"width: 35.2211%; height: 53px;\">Material<\/td>\n<td style=\"width: 64.7013%; height: 53px;\">n\u00facleo de cer\u00e2mica<\/td>\n<\/tr>\n<tr style=\"height: 53px;\">\n<td style=\"width: 35.2211%; height: 53px;\">Temperatura operacional<\/td>\n<td style=\"width: 64.7013%; height: 53px;\">-40\u2103~85\u2103<\/td>\n<\/tr>\n<tr style=\"height: 53px;\">\n<td style=\"height: 53px; width: 35.2211%;\">Perda de inser\u00e7\u00e3o<\/td>\n<td style=\"height: 53px; width: 64.7013%;\">\u22640,2dB<\/td>\n<\/tr>\n<tr style=\"height: 53px;\">\n<td style=\"height: 53px; width: 35.2211%;\">Tamanho<\/td>\n<td style=\"height: 53px; width: 64.7013%;\">50*10*10mm<\/td>\n<\/tr>\n<tr style=\"height: 379px;\">\n<td style=\"height: 10px; width: 35.2211%;\">Cen\u00e1rios de uso<\/td>\n<td style=\"height: 10px; width: 64.7013%;\">Instrumento de fibra \u00f3ptica, equipamento de comunica\u00e7\u00e3o,<br \/>\nConvers\u00e3o da interface do detector de falhas de fibra \u00f3ptica.<br \/>\nConvers\u00e3o do conector de fibra \u00f3ptica.<br \/>\nTeste de dados \u00f3pticos.<br \/>\nTransmiss\u00e3o de dados \u00f3pticos.<br \/>\nRedes de telecomunica\u00e7\u00f5es, r\u00e1dio e televis\u00e3o<\/td>\n<\/tr>\n<\/tbody>\n<\/table>\n<p>&nbsp;<\/p>","protected":false},"excerpt":{"rendered":"<p>1. Compatibilidade vers\u00e1til: Esse acoplador de fibra nua de teste OTDR \u00e9 compat\u00edvel com fibras monomodo e multimodo, o que o torna adequado para uma ampla gama de necessidades de teste de fibra \u00f3ptica.<br \/>\n2. Escolha seu conector: Com a op\u00e7\u00e3o de selecionar qualquer um dos conectores FC, esse acoplador de fibra nua garante a compatibilidade com seus dispositivos e equipamentos de fibra \u00f3ptica existentes.<br \/>\n3. Teste f\u00e1cil e confi\u00e1vel: O design do adaptador de fibra nua elimina a necessidade de cola ep\u00f3xi ou qualquer outro meio, proporcionando uma conex\u00e3o limpa e eficiente para inserir, retirar e reutilizar fibras nuas. Experimente uma menor perda de inser\u00e7\u00e3o e resultados de teste precisos a cada uso.<br \/>\n4. Dur\u00e1vel e reutiliz\u00e1vel: Constru\u00eddo para suportar v\u00e1rios usos, esse acoplador de fibra nua de teste OTDR \u00e9 uma solu\u00e7\u00e3o econ\u00f4mica para testes cont\u00ednuos de fibra \u00f3ptica. Diga adeus aos adaptadores descart\u00e1veis e invista em uma ferramenta de teste de longa dura\u00e7\u00e3o.<br \/>\n5. Ferramenta essencial de fibra \u00f3ptica: O acoplador de fibra nua \u00e9 um acess\u00f3rio indispens\u00e1vel para qualquer configura\u00e7\u00e3o de teste de fibra \u00f3ptica. Ele fornece um meio simples e confi\u00e1vel de conectar e testar fibras nuas, garantindo uma medi\u00e7\u00e3o precisa e eficiente dos par\u00e2metros \u00f3pticos.<\/p>","protected":false},"featured_media":12691,"comment_status":"open","ping_status":"closed","template":"","meta":[],"product_brand":[],"product_cat":[365],"product_tag":[213,275,283],"class_list":{"0":"post-12665","1":"product","2":"type-product","3":"status-publish","4":"has-post-thumbnail","6":"product_cat-optical-adapters-and-flange-connectors-and-attenuator","7":"product_tag-fc","8":"product_tag-optical-adapter","9":"product_tag-otdr","11":"first","12":"instock","13":"shipping-taxable","14":"purchasable","15":"product-type-variable","16":"has-default-attributes"},"_links":{"self":[{"href":"https:\/\/www.luleey.com\/pt\/wp-json\/wp\/v2\/product\/12665","targetHints":{"allow":["GET"]}}],"collection":[{"href":"https:\/\/www.luleey.com\/pt\/wp-json\/wp\/v2\/product"}],"about":[{"href":"https:\/\/www.luleey.com\/pt\/wp-json\/wp\/v2\/types\/product"}],"replies":[{"embeddable":true,"href":"https:\/\/www.luleey.com\/pt\/wp-json\/wp\/v2\/comments?post=12665"}],"wp:featuredmedia":[{"embeddable":true,"href":"https:\/\/www.luleey.com\/pt\/wp-json\/wp\/v2\/media\/12691"}],"wp:attachment":[{"href":"https:\/\/www.luleey.com\/pt\/wp-json\/wp\/v2\/media?parent=12665"}],"wp:term":[{"taxonomy":"product_brand","embeddable":true,"href":"https:\/\/www.luleey.com\/pt\/wp-json\/wp\/v2\/product_brand?post=12665"},{"taxonomy":"product_cat","embeddable":true,"href":"https:\/\/www.luleey.com\/pt\/wp-json\/wp\/v2\/product_cat?post=12665"},{"taxonomy":"product_tag","embeddable":true,"href":"https:\/\/www.luleey.com\/pt\/wp-json\/wp\/v2\/product_tag?post=12665"}],"curies":[{"name":"wp","href":"https:\/\/api.w.org\/{rel}","templated":true}]}}