{"id":12667,"date":"2024-07-19T00:54:46","date_gmt":"2024-07-18T16:54:46","guid":{"rendered":"https:\/\/www.luleey.com\/?post_type=product&#038;p=12667"},"modified":"2025-06-28T10:50:51","modified_gmt":"2025-06-28T02:50:51","slug":"2-5g-lc-optical-module-support-bidi-smf-sfp","status":"publish","type":"product","link":"https:\/\/www.luleey.com\/pt\/produto\/2-5g-lc-optical-module-support-bidi-smf-sfp\/","title":{"rendered":"M\u00f3dulo \u00f3ptico LC 2,5G BIDI SMF SFP"},"content":{"rendered":"<h3>Recursos<\/h3>\n<ol>\n<li>Apresentamos o m\u00f3dulo 2.5G SMF SFP LC - sua solu\u00e7\u00e3o definitiva para transmiss\u00e3o de alta velocidade em longas dist\u00e2ncias! Com uma taxa de transmiss\u00e3o de 2,5G, esse m\u00f3dulo garante uma transfer\u00eancia de dados extremamente r\u00e1pida, o que o torna ideal para v\u00e1rios aplicativos de rede.<\/li>\n<li>Com um comprimento de onda de 1310nm\/1550nm, esse m\u00f3dulo garante uma transmiss\u00e3o de dados est\u00e1vel e confi\u00e1vel em uma dist\u00e2ncia m\u00e1xima de 1 km. N\u00e3o importa se voc\u00ea precisa conectar dispositivos em um pequeno escrit\u00f3rio ou em v\u00e1rios pr\u00e9dios, este m\u00f3dulo tem tudo o que voc\u00ea precisa.<\/li>\n<li>Projetado em um conveniente formato de embalagem SFP, esse m\u00f3dulo \u00e9 incrivelmente f\u00e1cil de instalar e compat\u00edvel com uma ampla variedade de conectores de fibra \u00f3ptica, especificamente conectores LC. Essa versatilidade permite a integra\u00e7\u00e3o perfeita em sua infraestrutura de rede existente, eliminando qualquer preocupa\u00e7\u00e3o com a compatibilidade.<\/li>\n<li>Um dos recursos de destaque desse m\u00f3dulo \u00e9 o suporte \u00e0 transmiss\u00e3o bidirecional, o que o torna uma solu\u00e7\u00e3o econ\u00f4mica para configura\u00e7\u00f5es de rede de fibra \u00fanica. Isso permite que voc\u00ea transmita e receba dados em uma \u00fanica fibra, poupando o inc\u00f4modo e o custo de instalar fibras separadas para cada dire\u00e7\u00e3o.<\/li>\n<li>Operando em uma ampla faixa de temperatura de 0~+70\u2103, esse m\u00f3dulo garante um desempenho confi\u00e1vel mesmo em ambientes adversos. Independentemente da flutua\u00e7\u00e3o de temperatura, esse m\u00f3dulo permanece consistente, garantindo a transmiss\u00e3o ininterrupta de dados em todos os momentos.<\/li>\n<li>Por ser compat\u00edvel com as principais marcas, como Huawei, H3C, Cisco, Ruijie, Juniper, TP LINK, ZTE, UniFi e Ubiquiti, voc\u00ea pode confiar na integra\u00e7\u00e3o perfeita com a infraestrutura existente. Economize tempo e dinheiro com este m\u00f3dulo vers\u00e1til que funciona perfeitamente com sua marca preferida.<\/li>\n<li>Concluindo, o m\u00f3dulo 2.5G SMF SFP LC \u00e9 a escolha perfeita para quem busca recursos de transmiss\u00e3o de dados de alta velocidade e longa dist\u00e2ncia. Com seus recursos robustos, incluindo suporte bidirecional, ampla faixa de temperatura e compatibilidade com marcas de rede renomadas, esse m\u00f3dulo garante desempenho e confiabilidade excepcionais.<\/li>\n<\/ol>\n<h3>Especifica\u00e7\u00e3o<\/h3>\n<table style=\"width: 57.6983%; height: 288px;\" width=\"790\">\n<tbody>\n<tr style=\"height: 24px;\">\n<td style=\"height: 24px;\" width=\"229\">M\u00f3dulo<\/td>\n<td style=\"height: 24px;\" width=\"561\">LL-SFP-SM-LC-2500<\/td>\n<\/tr>\n<tr style=\"height: 24px;\">\n<td style=\"height: 24px;\">Taxa de transmiss\u00e3o<\/td>\n<td style=\"height: 24px;\">2.5G<\/td>\n<\/tr>\n<tr style=\"height: 24px;\">\n<td style=\"height: 24px;\">Comprimento de onda<\/td>\n<td style=\"height: 24px;\">1310nm\/1550nm<\/td>\n<\/tr>\n<tr style=\"height: 48px;\">\n<td style=\"height: 48px;\">Dist\u00e2ncia m\u00e1xima de transmiss\u00e3o<\/td>\n<td style=\"height: 48px;\">1km\/5km\/10km\/20km<\/td>\n<\/tr>\n<tr style=\"height: 24px;\">\n<td style=\"height: 24px;\">Forma de embalagem<\/td>\n<td style=\"height: 24px;\">SFP<\/td>\n<\/tr>\n<tr style=\"height: 48px;\">\n<td style=\"height: 48px;\">Suporte para conectores de fibra \u00f3ptica<\/td>\n<td style=\"height: 48px;\">\u00a0LC<\/td>\n<\/tr>\n<tr style=\"height: 24px;\">\n<td style=\"height: 24px;\">Apoio ao BIDI<\/td>\n<td style=\"height: 24px;\">Sim<\/td>\n<\/tr>\n<tr style=\"height: 24px;\">\n<td style=\"height: 24px;\">Suporte \u00e0 temperatura de trabalho<\/td>\n<td style=\"height: 24px;\">0~+70 \u2103<\/td>\n<\/tr>\n<tr style=\"height: 48px;\">\n<td style=\"height: 48px;\">Marcas compat\u00edveis<\/td>\n<td style=\"height: 48px;\">marcas completas, como Huawei, H3C, Cisco, Ruijie, Juniper, TP LINK, ZTE, UniFi, Ubiquiti, Ubiquiti<\/td>\n<\/tr>\n<\/tbody>\n<\/table>","protected":false},"excerpt":{"rendered":"<p>\u2018- Transmiss\u00e3o de alta velocidade: Este m\u00f3dulo SFP 2.5G LC suporta uma taxa de transmiss\u00e3o de 2.5G, garantindo uma transfer\u00eancia de dados r\u00e1pida e confi\u00e1vel para suas necessidades de rede.<br \/>\n- Alcance de longa dist\u00e2ncia: Com uma dist\u00e2ncia m\u00e1xima de transmiss\u00e3o de 1 km, esse m\u00f3dulo permite conectividade cont\u00ednua em \u00e1reas maiores.<br \/>\n- Ampla compatibilidade: Funciona com conectores de fibra \u00f3ptica populares, como LC, o que o torna compat\u00edvel com v\u00e1rias marcas, como Huawei, Cisco, Juniper e outras.<br \/>\n- Resili\u00eancia \u00e0 temperatura: Projetado para suportar uma ampla gama de temperaturas, este m\u00f3dulo opera sem falhas entre 0\u00b0C e +70\u00b0C.<br \/>\n- Suporte BIDI: Aproveite a comunica\u00e7\u00e3o bidirecional com este m\u00f3dulo, que permite a transmiss\u00e3o eficiente de dados em ambas as dire\u00e7\u00f5es.<\/p>","protected":false},"featured_media":12692,"comment_status":"open","ping_status":"closed","template":"","meta":[],"product_brand":[],"product_cat":[321],"product_tag":[124,191,245,263,278],"class_list":{"0":"post-12667","1":"product","2":"type-product","3":"status-publish","4":"has-post-thumbnail","6":"product_cat-sfp-sfp-1g-2-5g-5g-10g","7":"product_tag-2-5g","8":"product_tag-bidi","9":"product_tag-lc","10":"product_tag-mm","11":"product_tag-optical-module","13":"first","14":"instock","15":"featured","16":"shipping-taxable","17":"purchasable","18":"product-type-variable","19":"has-default-attributes"},"_links":{"self":[{"href":"https:\/\/www.luleey.com\/pt\/wp-json\/wp\/v2\/product\/12667","targetHints":{"allow":["GET"]}}],"collection":[{"href":"https:\/\/www.luleey.com\/pt\/wp-json\/wp\/v2\/product"}],"about":[{"href":"https:\/\/www.luleey.com\/pt\/wp-json\/wp\/v2\/types\/product"}],"replies":[{"embeddable":true,"href":"https:\/\/www.luleey.com\/pt\/wp-json\/wp\/v2\/comments?post=12667"}],"wp:featuredmedia":[{"embeddable":true,"href":"https:\/\/www.luleey.com\/pt\/wp-json\/wp\/v2\/media\/12692"}],"wp:attachment":[{"href":"https:\/\/www.luleey.com\/pt\/wp-json\/wp\/v2\/media?parent=12667"}],"wp:term":[{"taxonomy":"product_brand","embeddable":true,"href":"https:\/\/www.luleey.com\/pt\/wp-json\/wp\/v2\/product_brand?post=12667"},{"taxonomy":"product_cat","embeddable":true,"href":"https:\/\/www.luleey.com\/pt\/wp-json\/wp\/v2\/product_cat?post=12667"},{"taxonomy":"product_tag","embeddable":true,"href":"https:\/\/www.luleey.com\/pt\/wp-json\/wp\/v2\/product_tag?post=12667"}],"curies":[{"name":"wp","href":"https:\/\/api.w.org\/{rel}","templated":true}]}}