{"id":12671,"date":"2024-07-19T00:54:47","date_gmt":"2024-07-18T16:54:47","guid":{"rendered":"https:\/\/www.luleey.com\/?post_type=product&#038;p=12671"},"modified":"2025-06-28T10:50:41","modified_gmt":"2025-06-28T02:50:41","slug":"100g-qsfp28-mmf-mpo-module-100m-qsfp28-100g-sr4","status":"publish","type":"product","link":"https:\/\/www.luleey.com\/pt\/produto\/100g-qsfp28-mmf-mpo-module-100m-qsfp28-100g-sr4\/","title":{"rendered":"M\u00f3dulo 100G QSFP28 MMF MPO 100m QSFP28-100G-SR4"},"content":{"rendered":"<h3>Recursos<\/h3>\n<ol>\n<li>O m\u00f3dulo 100G MMF QSFP28 foi projetado para fornecer conectividade confi\u00e1vel e de alta velocidade para suas necessidades de rede. Com uma velocidade de 4 * 25G, ele garante uma transmiss\u00e3o de dados eficiente, tornando-o perfeito para aplicativos exigentes.<\/li>\n<li>Com um comprimento de onda de 850 nm, esse m\u00f3dulo oferece excelente desempenho e compatibilidade com v\u00e1rios tipos de fibra. Ele \u00e9 compat\u00edvel com fibras MPO multimodo, permitindo uma integra\u00e7\u00e3o perfeita em sua infraestrutura de rede existente. Se voc\u00ea precisa conectar servidores, switches ou roteadores, esse m\u00f3dulo \u00e9 compat\u00edvel com marcas populares, como Huawei, H3C, Cisco, Ruijie, Juniper, TP LINK, ZTE, UniFi e Ubiquiti.<\/li>\n<li>A dist\u00e2ncia m\u00e1xima de transmiss\u00e3o de 100 m torna esse m\u00f3dulo adequado para conex\u00f5es de curto e m\u00e9dio alcance. Se voc\u00ea tem um pequeno escrit\u00f3rio, um data center ou uma rede de n\u00edvel empresarial, pode contar com esse m\u00f3dulo para garantir uma comunica\u00e7\u00e3o est\u00e1vel e r\u00e1pida.<\/li>\n<li>O formato da embalagem QSFP28 garante f\u00e1cil instala\u00e7\u00e3o e compatibilidade com as portas QSFP28. Basta conectar esse m\u00f3dulo \u00e0 porta do seu dispositivo e pronto. \u00c9 uma solu\u00e7\u00e3o descomplicada que economiza tempo e esfor\u00e7o durante a instala\u00e7\u00e3o.<\/li>\n<li>Esse m\u00f3dulo foi projetado para suportar uma ampla faixa de temperaturas operacionais, de 0 a +70 \u2103. Ele pode lidar com v\u00e1rias condi\u00e7\u00f5es ambientais, garantindo um desempenho est\u00e1vel mesmo em situa\u00e7\u00f5es exigentes. Independentemente do clima ou do local, esse m\u00f3dulo fornecer\u00e1 conectividade consistente e confi\u00e1vel.<\/li>\n<li>O m\u00f3dulo 100G MMF QSFP28 oferece desempenho de alta qualidade e \u00e9 feito para durar. Ele atende aos padr\u00f5es do setor, garantindo que voc\u00ea obtenha um produto confi\u00e1vel e dur\u00e1vel. \u00c9 uma solu\u00e7\u00e3o econ\u00f4mica que oferece um valor excepcional para o seu investimento.<\/li>\n<\/ol>\n<h3>Especifica\u00e7\u00e3o<\/h3>\n<table width=\"790\">\n<tbody>\n<tr>\n<td width=\"229\">M\u00f3dulo<\/td>\n<td width=\"561\">\u00a0QSFP28-100G-SR4<\/td>\n<\/tr>\n<tr>\n<td>Velocidade<\/td>\n<td>\u00a04 * 25G<\/td>\n<\/tr>\n<tr>\n<td>Comprimento de onda<\/td>\n<td>\u00a0850nm<\/td>\n<\/tr>\n<tr>\n<td>Dist\u00e2ncia m\u00e1xima de transmiss\u00e3o<\/td>\n<td>\u00a0100m<\/td>\n<\/tr>\n<tr>\n<td>Forma de embalagem<\/td>\n<td>\u00a0QSFP28<\/td>\n<\/tr>\n<tr>\n<td>Suporte ao tipo de fibra<\/td>\n<td>\u00a0MPO multimodo<\/td>\n<\/tr>\n<tr>\n<td>Suporte \u00e0 temperatura de trabalho<\/td>\n<td>\u00a00~+70 \u2103<\/td>\n<\/tr>\n<tr>\n<td>Marcas compat\u00edveis<\/td>\n<td>\u00a0como Huawei, H3C, Cisco, Ruijie, Juniper, TP LINK, ZTE, UniFi, Ubiquiti, Mikrotik<\/td>\n<\/tr>\n<\/tbody>\n<\/table>","protected":false},"excerpt":{"rendered":"<p>\u2018- Transmiss\u00e3o em alta velocidade: Com uma velocidade de 4 * 25G, esse MMF <span class=\"tagify__tag-text\" contenteditable=\"true\">100G QSFP28<\/span> garante uma transmiss\u00e3o de dados r\u00e1pida e eficiente.<br \/>\n- Cobertura de longa dist\u00e2ncia: Com uma dist\u00e2ncia m\u00e1xima de transmiss\u00e3o de 100 m, esse m\u00f3dulo oferece conectividade confi\u00e1vel mesmo em longas dist\u00e2ncias.<br \/>\n- F\u00e1cil instala\u00e7\u00e3o: O formato da embalagem QSFP28 facilita a instala\u00e7\u00e3o e a conex\u00e3o em sua configura\u00e7\u00e3o de rede.<br \/>\n- Compatibilidade flex\u00edvel: Esse m\u00f3dulo \u00e9 compat\u00edvel com v\u00e1rias marcas, incluindo Huawei, H3C, Cisco, Ruijie, Juniper, TP LINK, ZTE e UniFi, <em>Mikrotik<\/em>, e Ubiquiti, garantindo uma integra\u00e7\u00e3o perfeita com sua infraestrutura de rede existente.<br \/>\n- Desempenho confi\u00e1vel: Projetado para suportar o tipo de fibra MPO multimodo e a temperatura de trabalho de 0~+70 \u2103, esse m\u00f3dulo garante um desempenho est\u00e1vel e consistente em uma variedade de ambientes.<\/p>","protected":false},"featured_media":12693,"comment_status":"open","ping_status":"closed","template":"","meta":[],"product_brand":[],"product_cat":[297],"product_tag":[91,92,263,264,278,296],"class_list":{"0":"post-12671","1":"product","2":"type-product","3":"status-publish","4":"has-post-thumbnail","6":"product_cat-qsfp28-qsfp-sfp28-100g-40g-25g","7":"product_tag-100g","8":"product_tag-100m","9":"product_tag-mm","10":"product_tag-mpo","11":"product_tag-optical-module","12":"product_tag-qsfp28","14":"first","15":"instock","16":"featured","17":"shipping-taxable","18":"purchasable","19":"product-type-variable","20":"has-default-attributes"},"_links":{"self":[{"href":"https:\/\/www.luleey.com\/pt\/wp-json\/wp\/v2\/product\/12671","targetHints":{"allow":["GET"]}}],"collection":[{"href":"https:\/\/www.luleey.com\/pt\/wp-json\/wp\/v2\/product"}],"about":[{"href":"https:\/\/www.luleey.com\/pt\/wp-json\/wp\/v2\/types\/product"}],"replies":[{"embeddable":true,"href":"https:\/\/www.luleey.com\/pt\/wp-json\/wp\/v2\/comments?post=12671"}],"wp:featuredmedia":[{"embeddable":true,"href":"https:\/\/www.luleey.com\/pt\/wp-json\/wp\/v2\/media\/12693"}],"wp:attachment":[{"href":"https:\/\/www.luleey.com\/pt\/wp-json\/wp\/v2\/media?parent=12671"}],"wp:term":[{"taxonomy":"product_brand","embeddable":true,"href":"https:\/\/www.luleey.com\/pt\/wp-json\/wp\/v2\/product_brand?post=12671"},{"taxonomy":"product_cat","embeddable":true,"href":"https:\/\/www.luleey.com\/pt\/wp-json\/wp\/v2\/product_cat?post=12671"},{"taxonomy":"product_tag","embeddable":true,"href":"https:\/\/www.luleey.com\/pt\/wp-json\/wp\/v2\/product_tag?post=12671"}],"curies":[{"name":"wp","href":"https:\/\/api.w.org\/{rel}","templated":true}]}}