{"id":12673,"date":"2024-07-19T00:54:47","date_gmt":"2024-07-18T16:54:47","guid":{"rendered":"https:\/\/www.luleey.com\/?post_type=product&#038;p=12673"},"modified":"2025-06-22T15:21:17","modified_gmt":"2025-06-22T07:21:17","slug":"25g-sfp28-mmf-dual-lc-optical-module-300m-sfp28-25g-sr","status":"publish","type":"product","link":"https:\/\/www.luleey.com\/pt\/produto\/25g-sfp28-mmf-dual-lc-optical-module-300m-sfp28-25g-sr\/","title":{"rendered":"M\u00f3dulo \u00f3ptico duplo LC 25G SFP28 MMF 300m SFP28-25G-SR"},"content":{"rendered":"<h3>Recursos<\/h3>\n<ol>\n<li>Apresentamos o m\u00f3dulo 25G MMF SFP28, sua solu\u00e7\u00e3o ideal para a transmiss\u00e3o de dados em alta velocidade! Com uma taxa de 25G, esse m\u00f3dulo garante uma transfer\u00eancia de dados extremamente r\u00e1pida, tornando-o ideal para v\u00e1rias aplica\u00e7\u00f5es de rede. Esteja voc\u00ea configurando um data center ou aprimorando sua infraestrutura de rede, este m\u00f3dulo SFP28 garante um desempenho confi\u00e1vel e eficiente.<\/li>\n<li>Projetado com tecnologia de ponta, esse m\u00f3dulo opera em um comprimento de onda de 850 nm, permitindo conectividade perfeita em dist\u00e2ncias curtas. A dist\u00e2ncia m\u00e1xima de transmiss\u00e3o de 300 m garante que seus dados sejam transferidos rapidamente sem nenhuma perda ou degrada\u00e7\u00e3o de sinal. Esse n\u00edvel de desempenho \u00e9 crucial para tarefas exigentes que requerem transmiss\u00e3o de dados r\u00e1pida e confi\u00e1vel, como streaming de v\u00eddeo, computa\u00e7\u00e3o em nuvem e virtualiza\u00e7\u00e3o.<\/li>\n<li>O formato de embalagem SFP28 facilita a instala\u00e7\u00e3o e a implementa\u00e7\u00e3o, oferecendo uma solu\u00e7\u00e3o sem complica\u00e7\u00f5es para suas necessidades de rede. Esse formato \u00e9 amplamente reconhecido e suportado pelas marcas l\u00edderes do setor, incluindo Huawei, H3C, Cisco, Ruijie, Juniper, TP LINK, ZTE, UniFi, Ubiquiti e Mikrotik. Com essa compatibilidade, esse m\u00f3dulo se integra perfeitamente \u00e0 sua infraestrutura de rede existente, garantindo uma comunica\u00e7\u00e3o suave e confi\u00e1vel entre v\u00e1rios dispositivos.<\/li>\n<li>Esse m\u00f3dulo 25G MMF SFP28 suporta conectores de fibra LC duplos, um tipo amplamente usado que garante uma transmiss\u00e3o eficiente e baixa perda de sinal. Projetado para atender aos mais altos padr\u00f5es do setor, esse m\u00f3dulo garante excelente desempenho e confiabilidade, permitindo que voc\u00ea alcance a efici\u00eancia ideal da rede.<\/li>\n<li>Com uma ampla faixa de temperatura operacional de -45 \u2103 a +85 \u2103, esse m\u00f3dulo pode suportar condi\u00e7\u00f5es extremas, o que o torna adequado para v\u00e1rios ambientes. Independentemente de precisar implant\u00e1-lo em um data center, em uma sala de telecomunica\u00e7\u00f5es ou em uma instala\u00e7\u00e3o externa, esse m\u00f3dulo manter\u00e1 a sua rede funcionando de forma suave e consistente.<\/li>\n<\/ol>\n<h3>Especifica\u00e7\u00e3o<\/h3>\n<table width=\"790\">\n<tbody>\n<tr>\n<td width=\"229\">M\u00f3dulo<\/td>\n<td width=\"561\">SFP28-25G-SR<\/td>\n<\/tr>\n<tr>\n<td>Taxa<\/td>\n<td>25G<\/td>\n<\/tr>\n<tr>\n<td>Comprimento de onda<\/td>\n<td>850nm<\/td>\n<\/tr>\n<tr>\n<td>Dist\u00e2ncia m\u00e1xima de transmiss\u00e3o<\/td>\n<td>300m<\/td>\n<\/tr>\n<tr>\n<td>Forma de embalagem<\/td>\n<td>SFP28<\/td>\n<\/tr>\n<tr>\n<td>Tipo de fibra suportado<\/td>\n<td>LC duplo<\/td>\n<\/tr>\n<tr>\n<td>Suporte \u00e0 temperatura de trabalho<\/td>\n<td>-45 \u2103~+85 \u2103<\/td>\n<\/tr>\n<tr>\n<td>Marcas compat\u00edveis<\/td>\n<td>como Huawei, H3C, Cisco, Ruijie, Juniper, TP LINK, ZTE, UniFi, Ubiquiti, Mikrotik<\/td>\n<\/tr>\n<\/tbody>\n<\/table>\n<p>&nbsp;<\/p>","protected":false},"excerpt":{"rendered":"<p>1. Desempenho em alta velocidade: Esse m\u00f3dulo MMF SFP28 de 25G oferece uma taxa de 25G, garantindo uma transmiss\u00e3o de dados r\u00e1pida e eficiente para sua rede.<br \/>\n2. Alcance de longa dist\u00e2ncia: Com uma dist\u00e2ncia m\u00e1xima de transmiss\u00e3o de 300 m, esse m\u00f3dulo oferece conectividade confi\u00e1vel em toda a configura\u00e7\u00e3o de sua rede.<br \/>\n3. F\u00e1cil instala\u00e7\u00e3o: O formato da embalagem desse m\u00f3dulo \u00e9 SFP28, o que permite uma instala\u00e7\u00e3o simples e sem complica\u00e7\u00f5es em dispositivos compat\u00edveis.<br \/>\n4. Ampla compatibilidade: Esse m\u00f3dulo suporta v\u00e1rios tipos de fibra e \u00e9 compat\u00edvel com marcas populares, como Huawei, Cisco, Juniper e outras.<br \/>\n5. Desempenho confi\u00e1vel: Projetado para trabalhar em temperaturas extremas que variam de -45\u00b0C a +85\u00b0C, esse m\u00f3dulo garante uma opera\u00e7\u00e3o de rede est\u00e1vel e ininterrupta, independentemente das condi\u00e7\u00f5es ambientais.<\/p>","protected":false},"featured_media":12716,"comment_status":"open","ping_status":"closed","template":"","meta":[],"product_brand":[],"product_cat":[297],"product_tag":[137,140,245,263,278,324],"class_list":{"0":"post-12673","1":"product","2":"type-product","3":"status-publish","4":"has-post-thumbnail","6":"product_cat-qsfp28-qsfp-sfp28-100g-40g-25g","7":"product_tag-25g","8":"product_tag-300m","9":"product_tag-lc","10":"product_tag-mm","11":"product_tag-optical-module","12":"product_tag-sfp28","14":"first","15":"instock","16":"shipping-taxable","17":"purchasable","18":"product-type-variable","19":"has-default-attributes"},"_links":{"self":[{"href":"https:\/\/www.luleey.com\/pt\/wp-json\/wp\/v2\/product\/12673","targetHints":{"allow":["GET"]}}],"collection":[{"href":"https:\/\/www.luleey.com\/pt\/wp-json\/wp\/v2\/product"}],"about":[{"href":"https:\/\/www.luleey.com\/pt\/wp-json\/wp\/v2\/types\/product"}],"replies":[{"embeddable":true,"href":"https:\/\/www.luleey.com\/pt\/wp-json\/wp\/v2\/comments?post=12673"}],"wp:featuredmedia":[{"embeddable":true,"href":"https:\/\/www.luleey.com\/pt\/wp-json\/wp\/v2\/media\/12716"}],"wp:attachment":[{"href":"https:\/\/www.luleey.com\/pt\/wp-json\/wp\/v2\/media?parent=12673"}],"wp:term":[{"taxonomy":"product_brand","embeddable":true,"href":"https:\/\/www.luleey.com\/pt\/wp-json\/wp\/v2\/product_brand?post=12673"},{"taxonomy":"product_cat","embeddable":true,"href":"https:\/\/www.luleey.com\/pt\/wp-json\/wp\/v2\/product_cat?post=12673"},{"taxonomy":"product_tag","embeddable":true,"href":"https:\/\/www.luleey.com\/pt\/wp-json\/wp\/v2\/product_tag?post=12673"}],"curies":[{"name":"wp","href":"https:\/\/api.w.org\/{rel}","templated":true}]}}