{"id":12793,"date":"2024-07-19T00:56:45","date_gmt":"2024-07-18T16:56:45","guid":{"rendered":"https:\/\/www.luleey.com\/?post_type=product&#038;p=12793"},"modified":"2024-07-19T23:06:00","modified_gmt":"2024-07-19T15:06:00","slug":"40g-qsfp-aoc-active-optical-cable-sfp-cable","status":"publish","type":"product","link":"https:\/\/www.luleey.com\/pt\/produto\/40g-qsfp-aoc-active-optical-cable-sfp-cable\/","title":{"rendered":"Cabo \u00f3ptico ativo 40G QSFP+ AOC Cabo SFP"},"content":{"rendered":"<p>Se precisar de um comprimento maior de cabo, informe-nos. 1~150m. <span style=\"font-size: 16px;\">As cores laranja e verde s\u00e3o enviadas aleatoriamente.<\/span><\/p>\n<h3>O cabo \u00f3ptico ativo acabado de alta velocidade 40G QSFP+ AOC, com transceptor QSFP+ conectado diretamente em ambas as extremidades do cabo, \u00e9 usado para empilhamento e cascata entre dispositivos de dados grandes e de curta dist\u00e2ncia, e alcan\u00e7a uma transmiss\u00e3o de dados de at\u00e9 40 Gbps.<\/h3>\n<h3>Recursos<\/h3>\n<ol>\n<li>O design est\u00e1 em conformidade com o QSFP+: SFF-8436<\/li>\n<li>Suporte \u00e0 taxa de transmiss\u00e3o de dados de 40 Gbps<\/li>\n<li>Troca a quente<\/li>\n<li>Alternativas de cabos de cobre passivos<\/li>\n<li>Baixo consumo de energia<\/li>\n<li>Projeto de supress\u00e3o de radia\u00e7\u00e3o EMI<\/li>\n<li>NEXT otimizado e perda de retorno<\/li>\n<li>Imped\u00e2ncia diferencial 100 \u03a9<\/li>\n<li>Compat\u00edvel com CISCO, Huawei, H3C, HP, Arista, Brocade, Juniper, ZTE, IBM, Intel, Mellanox e outros switches, firewalls, SDH e outros equipamentos que atendem aos padr\u00f5es e protocolos do setor<\/li>\n<li>Aplica-se a PDH, SDH, SONET, Ethernet, InfiniBand, SAS<\/li>\n<li>Computa\u00e7\u00e3o de alto desempenho, switches, servidores, roteadores, hubs de rede, data centers, sistemas de armazenamento corporativo<\/li>\n<li>Rede de \u00e1rea de armazenamento de E\/S de alta capacidade<\/li>\n<li>E\/S da estrutura de comuta\u00e7\u00e3o do servidor de armazenamento em rede<\/li>\n<li>Infraestrutura de telecomunica\u00e7\u00f5es e sem fio<\/li>\n<li>Diagn\u00f3stico m\u00e9dico e rede<\/li>\n<li>Equipamentos de teste e medi\u00e7\u00e3o<\/li>\n<\/ol>\n<h3>Especifica\u00e7\u00e3o<\/h3>\n<table width=\"790\">\n<tbody>\n<tr>\n<td width=\"229\">Modelo<\/td>\n<td width=\"561\">\u00a0LL-40GAOC<\/td>\n<\/tr>\n<tr>\n<td>Meio de transmiss\u00e3o<\/td>\n<td>\u00a0Cabo \u00f3ptico OM3<\/td>\n<\/tr>\n<tr>\n<td>Padr\u00e3o do produto<\/td>\n<td>\u00a0QSFP+ SFF-8436<\/td>\n<\/tr>\n<tr>\n<td>Taxa de transmiss\u00e3o<\/td>\n<td>\u00a040G<\/td>\n<\/tr>\n<tr>\n<td>Dist\u00e2ncia de transmiss\u00e3o<\/td>\n<td>\u00a01m - 100m (opcional)<\/td>\n<\/tr>\n<tr>\n<td>Infiniband<\/td>\n<td>\u00a0SDR (2,5 Gbps), DDR (5 Gbps), QDR (10 Gbps); 56G Fibre Channel; Infiniband; QDR (10 Gbps), FDR (14 Gbps);<\/td>\n<\/tr>\n<tr>\n<td>QSFP+porta<\/td>\n<td>\u00a0IEEE 802.3ba\/SFF-8436; Ethernet 40G (IEEE 802.3ae\/ba);<\/td>\n<\/tr>\n<tr>\n<td>Temperatura de trabalho<\/td>\n<td>\u00a00 \u2103~70 \u2103<\/td>\n<\/tr>\n<tr>\n<td>Temperatura de armazenamento<\/td>\n<td>\u00a0- 45 \u2103~80 \u2103<\/td>\n<\/tr>\n<tr>\n<td>Umidade de trabalho<\/td>\n<td>\u00a010%~90% sem condensa\u00e7\u00e3o;<\/td>\n<\/tr>\n<tr>\n<td>Umidade de armazenamento<\/td>\n<td>\u00a05%~95% sem condensa\u00e7\u00e3o<\/td>\n<\/tr>\n<\/tbody>\n<\/table>","protected":false},"excerpt":{"rendered":"<p>1~150m<br \/>\nO cabo \u00f3ptico ativo acabado de alta velocidade 40G QSFP+ AOC, com transceptor QSFP+ conectado diretamente em ambas as extremidades do cabo, \u00e9 usado para empilhamento e cascata entre dispositivos de dados grandes e de curta dist\u00e2ncia, e alcan\u00e7a uma transmiss\u00e3o de dados de at\u00e9 40 Gbps.<\/p>","protected":false},"featured_media":12818,"comment_status":"open","ping_status":"closed","template":"","meta":[],"product_brand":[],"product_cat":[351],"product_tag":[148,178,181,295],"class_list":{"0":"post-12793","1":"product","2":"type-product","3":"status-publish","4":"has-post-thumbnail","6":"product_cat-aoc-cable-10g-25g-40g-100g","7":"product_tag-40g","8":"product_tag-active-optical-cable","9":"product_tag-aoc","10":"product_tag-qsfp","12":"first","13":"instock","14":"sale","15":"shipping-taxable","16":"purchasable","17":"product-type-variable"},"_links":{"self":[{"href":"https:\/\/www.luleey.com\/pt\/wp-json\/wp\/v2\/product\/12793","targetHints":{"allow":["GET"]}}],"collection":[{"href":"https:\/\/www.luleey.com\/pt\/wp-json\/wp\/v2\/product"}],"about":[{"href":"https:\/\/www.luleey.com\/pt\/wp-json\/wp\/v2\/types\/product"}],"replies":[{"embeddable":true,"href":"https:\/\/www.luleey.com\/pt\/wp-json\/wp\/v2\/comments?post=12793"}],"wp:featuredmedia":[{"embeddable":true,"href":"https:\/\/www.luleey.com\/pt\/wp-json\/wp\/v2\/media\/12818"}],"wp:attachment":[{"href":"https:\/\/www.luleey.com\/pt\/wp-json\/wp\/v2\/media?parent=12793"}],"wp:term":[{"taxonomy":"product_brand","embeddable":true,"href":"https:\/\/www.luleey.com\/pt\/wp-json\/wp\/v2\/product_brand?post=12793"},{"taxonomy":"product_cat","embeddable":true,"href":"https:\/\/www.luleey.com\/pt\/wp-json\/wp\/v2\/product_cat?post=12793"},{"taxonomy":"product_tag","embeddable":true,"href":"https:\/\/www.luleey.com\/pt\/wp-json\/wp\/v2\/product_tag?post=12793"}],"curies":[{"name":"wp","href":"https:\/\/api.w.org\/{rel}","templated":true}]}}