{"id":12800,"date":"2024-07-19T00:56:46","date_gmt":"2024-07-18T16:56:46","guid":{"rendered":"https:\/\/www.luleey.com\/?post_type=product&#038;p=12800"},"modified":"2024-10-09T17:52:45","modified_gmt":"2024-10-09T09:52:45","slug":"40g-qsfp-dac-direct-attach-cable-stacking-passive-cable","status":"publish","type":"product","link":"https:\/\/www.luleey.com\/pt\/produto\/40g-qsfp-dac-direct-attach-cable-stacking-passive-cable\/","title":{"rendered":"Cabo passivo de empilhamento de cabo de conex\u00e3o direta 40G QSFP+ DAC"},"content":{"rendered":"<h3>Recursos<\/h3>\n<ul>\n<li data-spm-anchor-id=\"a2g0o.detail.1000023.i0.7f7aDhQiDhQi9a\">Est\u00e1 em conformidade com o padr\u00e3o MSA SFF-8436 e suporta taxa de transmiss\u00e3o de 40G<\/li>\n<li data-spm-anchor-id=\"a2g0o.detail.1000023.i0.7f7aDhQiDhQi9a\">Suporte \u00e0 dist\u00e2ncia de transmiss\u00e3o passiva de 7M<\/li>\n<li data-spm-anchor-id=\"a2g0o.detail.1000023.i0.7f7aDhQiDhQi9a\">A especifica\u00e7\u00e3o do tamanho do cabo de diversidade 26~30AWG atende aos requisitos do padr\u00e3o EMI<\/li>\n<li data-spm-anchor-id=\"a2g0o.detail.1000023.i0.7f7aDhQiDhQi9a\">Design confi\u00e1vel do anel de press\u00e3o<\/li>\n<li data-spm-anchor-id=\"a2g0o.detail.1000023.i0.7f7aDhQiDhQi9a\">Produtos ROHS e LSZH est\u00e3o dispon\u00edveis<\/li>\n<li data-spm-anchor-id=\"a2g0o.detail.1000023.i0.7f7aDhQiDhQi9a\">Menor custo e menor consumo de energia em compara\u00e7\u00e3o com o esquema de conex\u00e3o de fibra \u00f3ptica de curta dist\u00e2ncia<\/li>\n<\/ul>\n<h3>Especifica\u00e7\u00e3o<\/h3>\n<table width=\"790\">\n<tbody>\n<tr>\n<td width=\"229\">Modelo<\/td>\n<td width=\"561\">LL-40GDAC<\/td>\n<\/tr>\n<tr>\n<td>Especifica\u00e7\u00e3o do cabo<\/td>\n<td>30AWG\/26AWG<\/td>\n<\/tr>\n<tr>\n<td>Dist\u00e2ncia de transmiss\u00e3o do cabo<\/td>\n<td>0,5 m - 7 m<\/td>\n<\/tr>\n<tr>\n<td>Caracter\u00edsticas do produto<\/td>\n<td>\u00a0baixo consumo de energia, hot plug, taxa de transmiss\u00e3o plug and play de 40 Gbps<\/td>\n<\/tr>\n<tr>\n<td>Pacote<\/td>\n<td>bolsa antiest\u00e1tica<\/td>\n<\/tr>\n<tr>\n<td>Aplica\u00e7\u00e3o do produto<\/td>\n<td>switch, servidor, roteador, computador de alto desempenho<\/td>\n<\/tr>\n<tr>\n<td>Taxa de transmiss\u00e3o<\/td>\n<td>40G<\/td>\n<\/tr>\n<\/tbody>\n<\/table>","protected":false},"excerpt":{"rendered":"<p>O cabo de alta velocidade 40G QSFP+ DAC tem baixo consumo de energia e baixa lat\u00eancia, o que o torna uma solu\u00e7\u00e3o ideal para transmiss\u00e3o de curta dist\u00e2ncia (at\u00e9 7 m) entre racks de data center. Em compara\u00e7\u00e3o com a combina\u00e7\u00e3o de m\u00f3dulos e jumpers, ele pode efetivamente economizar custos.<\/p>","protected":false},"featured_media":12819,"comment_status":"open","ping_status":"closed","template":"","meta":[],"product_brand":[],"product_cat":[355],"product_tag":[148,201,204,295],"class_list":{"0":"post-12800","1":"product","2":"type-product","3":"status-publish","4":"has-post-thumbnail","6":"product_cat-dac-cable-10g-25g-40g-100g","7":"product_tag-40g","8":"product_tag-dac","9":"product_tag-direct-attach-cable","10":"product_tag-qsfp","12":"first","13":"instock","14":"sale","15":"shipping-taxable","16":"purchasable","17":"product-type-variable"},"_links":{"self":[{"href":"https:\/\/www.luleey.com\/pt\/wp-json\/wp\/v2\/product\/12800","targetHints":{"allow":["GET"]}}],"collection":[{"href":"https:\/\/www.luleey.com\/pt\/wp-json\/wp\/v2\/product"}],"about":[{"href":"https:\/\/www.luleey.com\/pt\/wp-json\/wp\/v2\/types\/product"}],"replies":[{"embeddable":true,"href":"https:\/\/www.luleey.com\/pt\/wp-json\/wp\/v2\/comments?post=12800"}],"wp:featuredmedia":[{"embeddable":true,"href":"https:\/\/www.luleey.com\/pt\/wp-json\/wp\/v2\/media\/12819"}],"wp:attachment":[{"href":"https:\/\/www.luleey.com\/pt\/wp-json\/wp\/v2\/media?parent=12800"}],"wp:term":[{"taxonomy":"product_brand","embeddable":true,"href":"https:\/\/www.luleey.com\/pt\/wp-json\/wp\/v2\/product_brand?post=12800"},{"taxonomy":"product_cat","embeddable":true,"href":"https:\/\/www.luleey.com\/pt\/wp-json\/wp\/v2\/product_cat?post=12800"},{"taxonomy":"product_tag","embeddable":true,"href":"https:\/\/www.luleey.com\/pt\/wp-json\/wp\/v2\/product_tag?post=12800"}],"curies":[{"name":"wp","href":"https:\/\/api.w.org\/{rel}","templated":true}]}}