{"id":12807,"date":"2024-07-19T00:56:48","date_gmt":"2024-07-18T16:56:48","guid":{"rendered":"https:\/\/www.luleey.com\/?post_type=product&#038;p=12807"},"modified":"2025-08-02T22:26:13","modified_gmt":"2025-08-02T14:26:13","slug":"4-epon-olt-10g-4-sfpuplink-port","status":"publish","type":"product","link":"https:\/\/www.luleey.com\/pt\/produto\/4-epon-olt-10g-4-sfpuplink-port\/","title":{"rendered":"4 EPON OLT 10G * 4 portas SFP+uplink, LL-EPOLT-XE-E04"},"content":{"rendered":"<div class=\"title--wrap--Ms9Zv4A\">\n<h3>Recursos<\/h3>\n<ol>\n<li>Em conformidade com o protocolo IE802.3ah EPON<\/li>\n<li>Suporte \u00e0 aloca\u00e7\u00e3o de largura de banda do DBA<\/li>\n<li>Suporte a OAM padr\u00e3o e OAM estendido<\/li>\n<li>Suporte ao gerenciamento de autentica\u00e7\u00e3o da ONU<\/li>\n<li>Suporte \u00e0 configura\u00e7\u00e3o e ao gerenciamento da ONU<\/li>\n<li>Suporte \u00e0 filtragem de dados ACL<\/li>\n<li>Suporte a SNMP, TELNET, porta serial local e gerenciamento da Web<\/li>\n<li>Suporte \u00e0 detec\u00e7\u00e3o de pot\u00eancia \u00f3ptica<\/li>\n<li>Suporte a VLAN TRUNX RSTP IGMP QOS<\/li>\n<li>Suporte a registros de alarme de gerenciamento de usu\u00e1rios<\/li>\n<\/ol>\n<p><a href=\"https:\/\/www.luleey.com\/pt\/ll-epolt304-epon-olt-web-user-manual\/\">LL-EPOLT304 EPON OLT WEB MANUAL DO USU\u00c1RIO<\/a><\/p>\n<h3>Especifica\u00e7\u00e3o<\/h3>\n<\/div>\n<table width=\"790\">\n<tbody>\n<tr>\n<td>Marca<\/td>\n<td>LuLeey<\/td>\n<\/tr>\n<tr>\n<td width=\"229\">Modelo<\/td>\n<td width=\"561\">LL-EPOLT-XE-E04<\/td>\n<\/tr>\n<tr>\n<td>Rack<\/td>\n<td>\u00a0Caixa de 19 polegadas<\/td>\n<\/tr>\n<tr>\n<td>Porta Ethernet superior<\/td>\n<td>\u00a04 x 10\/100\/1000M adaptativo<\/td>\n<\/tr>\n<tr>\n<td>Porta SFP+ upstream<\/td>\n<td>\u00a04 x 10G SFP+<\/td>\n<\/tr>\n<tr>\n<td>Porta PON<\/td>\n<td>\u00a0Porta 4xEPON de 1,25 Gbps<\/td>\n<\/tr>\n<tr>\n<td>Rela\u00e7\u00e3o espectral m\u00e1xima de uma \u00fanica porta PON<\/td>\n<td>1:64<\/td>\n<\/tr>\n<tr>\n<td>M\u00e1ximo de clientes<\/td>\n<td>256<\/td>\n<\/tr>\n<tr>\n<td>Porta de gerenciamento<\/td>\n<td>\u00a0Porta Ethernet adapt\u00e1vel 1\u00d710\/100\/1000M, porta local 1xCONCOLE<\/td>\n<\/tr>\n<tr>\n<td>Dist\u00e2ncia de transmiss\u00e3o da porta PON<\/td>\n<td>\u00a020 km<\/td>\n<\/tr>\n<tr>\n<td>Comprimento de onda de trabalho da porta PON<\/td>\n<td>\u00a0enviando 1490nm. Aceitar 1310nm<\/td>\n<\/tr>\n<tr>\n<td>Tipo de interface PON<\/td>\n<td>\u00a0Fibra monomodo SC 9\/125um<\/td>\n<\/tr>\n<tr>\n<td>Sensibilidade de recep\u00e7\u00e3o da PON<\/td>\n<td>\u00a0-30dbm<\/td>\n<\/tr>\n<tr>\n<td>Tamanho<\/td>\n<td>\u00a0442 * 20 * 44 mm<\/td>\n<\/tr>\n<tr>\n<td>Fonte de alimenta\u00e7\u00e3o<\/td>\n<td>\u00a0AC 100-240V, 50\/60Hz<\/td>\n<\/tr>\n<tr>\n<td>Pot\u00eancia m\u00e1xima<\/td>\n<td>\u00a035W<\/td>\n<\/tr>\n<tr>\n<td>Temperatura de trabalho<\/td>\n<td>\u00a0-10~45 graus Celsius<\/td>\n<\/tr>\n<tr>\n<td>Temperatura de armazenamento<\/td>\n<td>\u00a0-40~85 graus Celsius<\/td>\n<\/tr>\n<tr>\n<td>Umidade relativa<\/td>\n<td>\u00a05-90% sem condensa\u00e7\u00e3o<\/td>\n<\/tr>\n<\/tbody>\n<\/table>\n<p>&nbsp;<\/p>","protected":false},"excerpt":{"rendered":"<p data-pl=\"product-title\" data-spm-anchor-id=\"a2g0o.detail.0.i1.616dRPt4RPt4oM\">10G * 4 portas SFP+uplink, 4EPON OLT, switch de fibra L3, gerenciamento WEB, ONU desbloqueada, compat\u00edvel com HUAWEI ZTE VSOL e outras ONTs<\/p>\n<p>1. Detec\u00e7\u00e3o de pot\u00eancia \u00f3ptica<br \/>\n2,VLAN TRUNX RSTP IGMP QOS<br \/>\n3. Configura\u00e7\u00e3o e gerenciamento da ONU<br \/>\n4. Registros de alarme de gerenciamento de usu\u00e1rios<\/p>","protected":false},"featured_media":12824,"comment_status":"open","ping_status":"closed","template":"","meta":[],"product_brand":[],"product_cat":[361],"product_tag":[97,136,144,206,1090,322],"class_list":{"0":"post-12807","1":"product","2":"type-product","3":"status-publish","4":"has-post-thumbnail","6":"product_cat-epon-olt","7":"product_tag-10g","8":"product_tag-256-onu","9":"product_tag-4-epon","10":"product_tag-epon-olt","11":"product_tag-ll-epolt-xe-e04","12":"product_tag-sfp","14":"first","15":"instock","16":"sale","17":"shipping-taxable","18":"purchasable","19":"product-type-variable","20":"has-default-attributes"},"_links":{"self":[{"href":"https:\/\/www.luleey.com\/pt\/wp-json\/wp\/v2\/product\/12807","targetHints":{"allow":["GET"]}}],"collection":[{"href":"https:\/\/www.luleey.com\/pt\/wp-json\/wp\/v2\/product"}],"about":[{"href":"https:\/\/www.luleey.com\/pt\/wp-json\/wp\/v2\/types\/product"}],"replies":[{"embeddable":true,"href":"https:\/\/www.luleey.com\/pt\/wp-json\/wp\/v2\/comments?post=12807"}],"wp:featuredmedia":[{"embeddable":true,"href":"https:\/\/www.luleey.com\/pt\/wp-json\/wp\/v2\/media\/12824"}],"wp:attachment":[{"href":"https:\/\/www.luleey.com\/pt\/wp-json\/wp\/v2\/media?parent=12807"}],"wp:term":[{"taxonomy":"product_brand","embeddable":true,"href":"https:\/\/www.luleey.com\/pt\/wp-json\/wp\/v2\/product_brand?post=12807"},{"taxonomy":"product_cat","embeddable":true,"href":"https:\/\/www.luleey.com\/pt\/wp-json\/wp\/v2\/product_cat?post=12807"},{"taxonomy":"product_tag","embeddable":true,"href":"https:\/\/www.luleey.com\/pt\/wp-json\/wp\/v2\/product_tag?post=12807"}],"curies":[{"name":"wp","href":"https:\/\/api.w.org\/{rel}","templated":true}]}}