{"id":12810,"date":"2024-07-19T00:56:48","date_gmt":"2024-07-18T16:56:48","guid":{"rendered":"https:\/\/www.luleey.com\/?post_type=product&#038;p=12810"},"modified":"2025-01-21T10:57:50","modified_gmt":"2025-01-21T02:57:50","slug":"8-epon-olt-10g-4-sfp-uplink-port","status":"publish","type":"product","link":"https:\/\/www.luleey.com\/pt\/produto\/8-epon-olt-10g-4-sfp-uplink-port\/","title":{"rendered":"8 EPON OLT 10G * 4 portas de uplink SFP+"},"content":{"rendered":"<div class=\"title--wrap--Ms9Zv4A\">\n<h3 data-pl=\"product-title\" data-spm-anchor-id=\"a2g0o.detail.0.i1.616dRPt4RPt4oM\">8 EPON OLT 10G * 4 portas SFP+uplink<\/h3>\n<\/div>\n<h3>Recursos<\/h3>\n<ol>\n<li>Switch de fibra L3<\/li>\n<li>Gerenciamento da WEB<\/li>\n<li>ONU desbloqueada<\/li>\n<li>compat\u00edvel com HUAWEI ZTE VSOL e outras ONTs<\/li>\n<\/ol>\n<h3>Especifica\u00e7\u00e3o<\/h3>\n<table width=\"790\">\n<tbody>\n<tr>\n<td width=\"229\">Modelo<\/td>\n<td width=\"561\">LL-EPOLT308<\/td>\n<\/tr>\n<tr>\n<td rowspan=\"6\">Detalhes da porta<\/td>\n<td>8*PortaEPON<\/td>\n<\/tr>\n<tr>\n<td>4*1G\/10GE SFP+<\/td>\n<\/tr>\n<tr>\n<td>4*10\/100\/1000M Base-T<\/td>\n<\/tr>\n<tr>\n<td>1 Porta de gerenciamento<\/td>\n<\/tr>\n<tr>\n<td>Console: USB-C, RJ45<\/td>\n<\/tr>\n<tr>\n<td>1 porta USB<\/td>\n<\/tr>\n<tr>\n<td rowspan=\"8\">Recursos da PON<\/td>\n<td>Compat\u00edvel com o padr\u00e3o IEEE 802.3ah EPON<\/td>\n<\/tr>\n<tr>\n<td>Em conformidade com o padr\u00e3o CTC3.0 da China Telecom<\/td>\n<\/tr>\n<tr>\n<td>Suporte \u00e0 transmiss\u00e3o de 20 km<\/td>\n<\/tr>\n<tr>\n<td>Suporta a propor\u00e7\u00e3o de divis\u00e3o 1:64<\/td>\n<\/tr>\n<tr>\n<td>Suporte \u00e0 fun\u00e7\u00e3o de criptografia tripla de 128 bits para uplink e downlink<\/td>\n<\/tr>\n<tr>\n<td>Oferece suporte a fun\u00e7\u00f5es de gerenciamento de OAM padr\u00e3o e OAM estendido<\/td>\n<\/tr>\n<tr>\n<td>Suporte \u00e0 atualiza\u00e7\u00e3o em lote do software da ONU, atualiza\u00e7\u00e3o programada, atualiza\u00e7\u00e3o em tempo real<\/td>\n<\/tr>\n<tr>\n<td>Suporte \u00e0 detec\u00e7\u00e3o de pot\u00eancia \u00f3ptica da porta PON<\/td>\n<\/tr>\n<tr>\n<td rowspan=\"3\">Recursos de VLAN<\/td>\n<td>Suporte a 4K VLAN 802.1Q<\/td>\n<\/tr>\n<tr>\n<td>Oferece suporte a VLAN com base em porta, MAC e protocolo<\/td>\n<\/tr>\n<tr>\n<td>Suporte \u00e0 fun\u00e7\u00e3o VLAN de tag dupla, QinQ est\u00e1tico baseado em porta e fun\u00e7\u00f5es QinQ flex\u00edveis<\/td>\n<\/tr>\n<tr>\n<td rowspan=\"4\">Recursos MAC<\/td>\n<td>Suporte a 16 mil entradas de tabela de endere\u00e7os MAC<\/td>\n<\/tr>\n<tr>\n<td>Suporte \u00e0 configura\u00e7\u00e3o de endere\u00e7o MAC est\u00e1tico<\/td>\n<\/tr>\n<tr>\n<td>Suporte \u00e0 fun\u00e7\u00e3o de filtragem de endere\u00e7os MAC do tipo black hole<\/td>\n<\/tr>\n<tr>\n<td>Suporte ao limite de endere\u00e7o MAC da porta<\/td>\n<\/tr>\n<tr>\n<td rowspan=\"3\">Protocolo de rede em anel de camada 2<\/td>\n<td>Suporte a STP\/RSTP\/MSTP<\/td>\n<\/tr>\n<tr>\n<td>Suporte ao protocolo de prote\u00e7\u00e3o de rede em anel Ethernet ERPS<\/td>\n<\/tr>\n<tr>\n<td>Suporte \u00e0 detec\u00e7\u00e3o de loopback da porta de detec\u00e7\u00e3o de loopback<\/td>\n<\/tr>\n<tr>\n<td rowspan=\"3\">controle da porta<\/td>\n<td>Suporte ao controle de largura de banda bidirecional<\/td>\n<\/tr>\n<tr>\n<td>Suporte \u00e0 supress\u00e3o de tempestades nas portas<\/td>\n<\/tr>\n<tr>\n<td>Suporte ao encaminhamento de quadros Jumbo 9K<\/td>\n<\/tr>\n<tr>\n<td rowspan=\"3\">agrega\u00e7\u00e3o de portas<\/td>\n<td>Suporte \u00e0 agrega\u00e7\u00e3o de links est\u00e1ticos<\/td>\n<\/tr>\n<tr>\n<td>Suporte a LACP din\u00e2mico<\/td>\n<\/tr>\n<tr>\n<td>Cada grupo de agrega\u00e7\u00e3o suporta at\u00e9 8 portas<\/td>\n<\/tr>\n<tr>\n<td rowspan=\"4\">Fun\u00e7\u00e3o multicast<\/td>\n<td>Suporte a IGMP Snooping, suporte a sa\u00edda r\u00e1pida<\/td>\n<\/tr>\n<tr>\n<td>Suporte a MLD Snooping<\/td>\n<\/tr>\n<tr>\n<td>Suporte a VLAN multicast<\/td>\n<\/tr>\n<tr>\n<td>Suporte a multicast de camada 3 IGMP\/PIM-DM\/PIM-SM<\/td>\n<\/tr>\n<tr>\n<td rowspan=\"2\">espelho<\/td>\n<td>Suporte ao espelhamento de portas<\/td>\n<\/tr>\n<tr>\n<td>Suporte ao espelhamento de fluxo<\/td>\n<\/tr>\n<tr>\n<td rowspan=\"3\">ACL<\/td>\n<td>Oferece suporte a ACLs padr\u00e3o e estendidas<\/td>\n<\/tr>\n<tr>\n<td>Oferece suporte \u00e0 pol\u00edtica de ACL com base no intervalo de tempo (intervalo de tempo)<\/td>\n<\/tr>\n<tr>\n<td>Fornece classifica\u00e7\u00e3o e defini\u00e7\u00e3o de fluxo com base nas informa\u00e7\u00f5es do cabe\u00e7alho IP, como endere\u00e7o MAC de origem\/destino, VLAN, 802.1p, ToS, DSCP, endere\u00e7o IP de origem\/destino, n\u00famero da porta L4, tipo de protocolo etc.<\/td>\n<\/tr>\n<tr>\n<td rowspan=\"4\">QoS<\/td>\n<td>Suporte \u00e0 fun\u00e7\u00e3o de limite de taxa de fluxo com base no fluxo de servi\u00e7o personalizado<\/td>\n<\/tr>\n<tr>\n<td>Suporta espelhamento de pacotes e redirecionamento de pacotes com base em fluxos de servi\u00e7o definidos pelo usu\u00e1rio<\/td>\n<\/tr>\n<tr>\n<td>Suporta marca\u00e7\u00e3o de prioridade de fluxo de servi\u00e7o personalizado e 802.1P, recurso de marca\u00e7\u00e3o de prioridade DSCP<\/td>\n<\/tr>\n<tr>\n<td>Suporte \u00e0 fun\u00e7\u00e3o de agendamento de prioridades com base em portas, suporte a algoritmos de agendamento de filas, como SP\/WRR\/SP+WRR<\/td>\n<\/tr>\n<tr>\n<td rowspan=\"11\">seguran\u00e7a<\/td>\n<td>Suporte ao gerenciamento hier\u00e1rquico de usu\u00e1rios e \u00e0 prote\u00e7\u00e3o por senha<\/td>\n<\/tr>\n<tr>\n<td>Suporte \u00e0 autentica\u00e7\u00e3o IEEE 802.1X\/autentica\u00e7\u00e3o centralizada de endere\u00e7o MAC<\/td>\n<\/tr>\n<tr>\n<td>Suporte \u00e0 autentica\u00e7\u00e3o Radius e TACACS<\/td>\n<\/tr>\n<tr>\n<td>Suporte ao n\u00famero de aprendizado de endere\u00e7o MAC, suporte \u00e0 fun\u00e7\u00e3o MAC de buraco negro<\/td>\n<\/tr>\n<tr>\n<td>Suporte a SSH 2.0, fornece canal criptografado seguro para login do usu\u00e1rio<\/td>\n<\/tr>\n<tr>\n<td>Suporte ao gerenciamento de criptografia SNMP v3<\/td>\n<\/tr>\n<tr>\n<td>Suporte ao isolamento de portas, isolamento de hardware de pacotes entre portas<\/td>\n<\/tr>\n<tr>\n<td>Suporte \u00e0 supress\u00e3o da taxa de pacotes de transmiss\u00e3o<\/td>\n<\/tr>\n<tr>\n<td>Suporte ao IP Source Guard para criar automaticamente a tabela de vincula\u00e7\u00e3o IP+MAC+Porta+VLAN e suporte \u00e0 entrada manual da tabela de vincula\u00e7\u00e3o<\/td>\n<\/tr>\n<tr>\n<td>Oferece suporte \u00e0 supress\u00e3o autom\u00e1tica de ataques de inunda\u00e7\u00e3o de ARP e prote\u00e7\u00e3o contra falsifica\u00e7\u00e3o de ARP<\/td>\n<\/tr>\n<tr>\n<td>Suporte \u00e0 camada de controle para evitar v\u00e1rios ataques de DOS e ataques de v\u00edrus contra a CPU<\/td>\n<\/tr>\n<tr>\n<td rowspan=\"5\">fun\u00e7\u00e3o de tr\u00eas n\u00edveis<\/td>\n<td>Apoiar o aprendizado e o envelhecimento do ARP<\/td>\n<\/tr>\n<tr>\n<td>Oferece suporte \u00e0 cria\u00e7\u00e3o de interfaces VLAN de camada 3 e \u00e0 configura\u00e7\u00e3o de endere\u00e7os IPv4\/IPv6 est\u00e1ticos<\/td>\n<\/tr>\n<tr>\n<td>Suporte \u00e0 configura\u00e7\u00e3o de roteamento est\u00e1tico<\/td>\n<\/tr>\n<tr>\n<td>Suporte \u00e0 fun\u00e7\u00e3o de protocolo RIP\/OSPF<\/td>\n<\/tr>\n<tr>\n<td>Suporte \u00e0 fun\u00e7\u00e3o de protocolo VRRP<\/td>\n<\/tr>\n<tr>\n<td rowspan=\"11\">Gerenciamento do sistema<\/td>\n<td>Suporte \u00e0 configura\u00e7\u00e3o de linha de comando do Console\/Telnet\/SSH2.0<\/td>\n<\/tr>\n<tr>\n<td>Suporte ao gerenciamento da configura\u00e7\u00e3o do navegador WEB<\/td>\n<\/tr>\n<tr>\n<td>Suporte ao gerenciamento de download e upload de arquivos FTP e TFTP<\/td>\n<\/tr>\n<tr>\n<td>Suporte a SNMP V1\/V2\/V3<\/td>\n<\/tr>\n<tr>\n<td>Suporte a RMON<\/td>\n<\/tr>\n<tr>\n<td>Suporte ao rel\u00f3gio SNTP<\/td>\n<\/tr>\n<tr>\n<td>Registro de trabalho do sistema de suporte<\/td>\n<\/tr>\n<tr>\n<td>Suporte ao protocolo de descoberta de dispositivo vizinho LLDP<\/td>\n<\/tr>\n<tr>\n<td>Suporte a OAM Ethernet 802.3ah<\/td>\n<\/tr>\n<tr>\n<td>Suporte \u00e0 fun\u00e7\u00e3o Syslog RFC 3164<\/td>\n<\/tr>\n<tr>\n<td>Suporte a Ping e Traceroute<\/td>\n<\/tr>\n<tr>\n<td rowspan=\"2\">umidade do ambiente<\/td>\n<td>Umidade do ambiente operacional: 10% a 95% (sem condensa\u00e7\u00e3o)<\/td>\n<\/tr>\n<tr>\n<td>Umidade do ambiente de armazenamento: 10 % ~ 95% (sem condensa\u00e7\u00e3o)<\/td>\n<\/tr>\n<tr>\n<td rowspan=\"3\">fonte de alimenta\u00e7\u00e3o<\/td>\n<td>CA: 240V 47\/63Hz;<\/td>\n<\/tr>\n<tr>\n<td>CC: entrada 36V ~ 75V;<\/td>\n<\/tr>\n<tr>\n<td>Consumo de energia 38W ~49W<\/td>\n<\/tr>\n<tr>\n<td>Dimens\u00f5es (L*A*P)<\/td>\n<td>440mm *44mm* 260mm<\/td>\n<\/tr>\n<\/tbody>\n<\/table>","protected":false},"excerpt":{"rendered":"<p>O 8EPON OLT 4SFP+ \u00e9 um equipamento EPON OLT do tipo caixa, de capacidade m\u00e9dia e altamente integrado para operadoras, ISPs, empresas e aplicativos de campus. O produto segue o padr\u00e3o t\u00e9cnico IEEE802.3ah e atende aos requisitos para EPON OLT em \u300aYD\/T 1475-2006 Access Network Technical Requirements - Ethernet-based Passive Optical Network (EPON)\u300b, boa abertura, forte compatibilidade, alta confiabilidade e fun\u00e7\u00f5es completas de software. Esse dispositivo pode ser amplamente utilizado no acesso FTTH da operadora, no acesso \u00e0 rede privada, no acesso ao parque governamental e empresarial, no acesso \u00e0 rede do campus e na constru\u00e7\u00e3o de outras redes de acesso.<\/p>","protected":false},"featured_media":12852,"comment_status":"open","ping_status":"closed","template":"","meta":[],"product_brand":[],"product_cat":[361],"product_tag":[97,160,171,206,322],"class_list":{"0":"post-12810","1":"product","2":"type-product","3":"status-publish","4":"has-post-thumbnail","6":"product_cat-epon-olt","7":"product_tag-10g","8":"product_tag-512-onu","9":"product_tag-8-epon","10":"product_tag-epon-olt","11":"product_tag-sfp","13":"first","14":"instock","15":"sale","16":"shipping-taxable","17":"purchasable","18":"product-type-variable","19":"has-default-attributes"},"_links":{"self":[{"href":"https:\/\/www.luleey.com\/pt\/wp-json\/wp\/v2\/product\/12810","targetHints":{"allow":["GET"]}}],"collection":[{"href":"https:\/\/www.luleey.com\/pt\/wp-json\/wp\/v2\/product"}],"about":[{"href":"https:\/\/www.luleey.com\/pt\/wp-json\/wp\/v2\/types\/product"}],"replies":[{"embeddable":true,"href":"https:\/\/www.luleey.com\/pt\/wp-json\/wp\/v2\/comments?post=12810"}],"wp:featuredmedia":[{"embeddable":true,"href":"https:\/\/www.luleey.com\/pt\/wp-json\/wp\/v2\/media\/12852"}],"wp:attachment":[{"href":"https:\/\/www.luleey.com\/pt\/wp-json\/wp\/v2\/media?parent=12810"}],"wp:term":[{"taxonomy":"product_brand","embeddable":true,"href":"https:\/\/www.luleey.com\/pt\/wp-json\/wp\/v2\/product_brand?post=12810"},{"taxonomy":"product_cat","embeddable":true,"href":"https:\/\/www.luleey.com\/pt\/wp-json\/wp\/v2\/product_cat?post=12810"},{"taxonomy":"product_tag","embeddable":true,"href":"https:\/\/www.luleey.com\/pt\/wp-json\/wp\/v2\/product_tag?post=12810"}],"curies":[{"name":"wp","href":"https:\/\/api.w.org\/{rel}","templated":true}]}}