{"id":12833,"date":"2024-07-19T00:57:21","date_gmt":"2024-07-18T16:57:21","guid":{"rendered":"https:\/\/www.luleey.com\/?post_type=product&#038;p=12833"},"modified":"2025-04-10T11:42:12","modified_gmt":"2025-04-10T03:42:12","slug":"2sc-4rj45-1000m-fiber-optic-media-converter-ethernet-switch-pcba-board","status":"publish","type":"product","link":"https:\/\/www.luleey.com\/pt\/produto\/2sc-4rj45-1000m-fiber-optic-media-converter-ethernet-switch-pcba-board\/","title":{"rendered":"Placa PCBA de switch Ethernet de conversor de m\u00eddia de fibra \u00f3ptica 2SC 4RJ45 1000M"},"content":{"rendered":"<div class=\"title--wrap--Ms9Zv4A\">\n<h3>Recursos<\/h3>\n<ul>\n<li>Transmiss\u00e3o de dados com lat\u00eancia ultrabaixa: Experimente taxas de transfer\u00eancia de dados extremamente r\u00e1pidas com atraso m\u00ednimo, garantindo uma comunica\u00e7\u00e3o perfeita para aplicativos essenciais.<\/li>\n<li>Conveni\u00eancia Plug-and-Play: Nossos transceptores s\u00e3o projetados para facilitar a instala\u00e7\u00e3o, sem necessidade de configura\u00e7\u00e3o. Basta conectar e come\u00e7ar a usar imediatamente.<\/li>\n<li>Estrutura simples e f\u00e1cil manuten\u00e7\u00e3o: O design simples do nosso transceptor permite uma manuten\u00e7\u00e3o sem complica\u00e7\u00f5es, garantindo confiabilidade e longevidade em v\u00e1rios ambientes.<\/li>\n<li>\u00a0Alta confiabilidade e forte anti-interfer\u00eancia: Constru\u00eddo para resistir a condi\u00e7\u00f5es desafiadoras, nosso transceptor oferece confiabilidade excepcional e resist\u00eancia robusta a interfer\u00eancias, o que o torna ideal para aplica\u00e7\u00f5es exigentes.<\/li>\n<li>\u00a0Ampla gama de aplica\u00e7\u00f5es: Nossos transceptores de fibra \u00f3ptica s\u00e3o amplamente utilizados em vigil\u00e2ncia por v\u00eddeo, redes de computadores, controle industrial e sistemas de edif\u00edcios inteligentes, fornecendo solu\u00e7\u00f5es vers\u00e1teis para v\u00e1rios setores.<\/li>\n<\/ul>\n<\/div>\n<h3>Especifica\u00e7\u00e3o<\/h3>\n<table style=\"border-collapse: collapse; width: 100%;\">\n<tbody>\n<tr>\n<td style=\"width: 50%;\">Marca<\/td>\n<td style=\"width: 50%;\">LuLeey<\/td>\n<\/tr>\n<tr>\n<td style=\"width: 50%;\">Nome do produto<\/td>\n<td style=\"width: 50%;\">Placa PCBA de switch Ethernet de conversor de m\u00eddia de fibra \u00f3ptica 2SC 4RJ45 1000M<\/td>\n<\/tr>\n<tr>\n<td style=\"width: 50%;\">N\u00famero de portas de fibra \u00f3ptica<\/td>\n<td style=\"width: 50%;\">2<\/td>\n<\/tr>\n<tr>\n<td style=\"width: 50%;\">Taxa SC<\/td>\n<td style=\"width: 50%;\">1,25 Gbps<\/td>\n<\/tr>\n<tr>\n<td style=\"width: 50%;\">N\u00famero de RJ45<\/td>\n<td style=\"width: 50%;\">4<\/td>\n<\/tr>\n<tr>\n<td style=\"width: 50%;\">Taxa RJ45<\/td>\n<td style=\"width: 50%;\">10\/100\/1000M adaptativo<\/td>\n<\/tr>\n<tr>\n<td style=\"width: 50%;\">entrada de energia<\/td>\n<td style=\"width: 50%;\">5-12V CC<\/td>\n<\/tr>\n<tr>\n<td style=\"width: 50%;\">Tipo de interface<\/td>\n<td style=\"width: 50%;\">SC (A+B)<\/td>\n<\/tr>\n<tr>\n<td style=\"width: 50%;\">Dist\u00e2ncia de transmiss\u00e3o<\/td>\n<td style=\"width: 50%;\">3 km<\/td>\n<\/tr>\n<tr>\n<td style=\"width: 50%;\">Comprimento de onda de trabalho<\/td>\n<td style=\"width: 50%;\">1310\/1550 (nm)<\/td>\n<\/tr>\n<tr style=\"height: 53px;\">\n<td style=\"width: 50%; height: 53px;\">Meio ambiente<\/td>\n<td style=\"width: 50%;\">Temperatura de armazenamento: -40\uff5e70\u2103<\/p>\n<p data-spm-anchor-id=\"a2g0o.detail.1000023.i2.692dYr9OYr9O5Q\">Temperatura operacional: -10\uff5e55\u2103<\/p>\n<p data-spm-anchor-id=\"a2g0o.detail.1000023.i3.692dYr9OYr9O5Q\">Umidade relativa: 5-90% (sem condensa\u00e7\u00e3o)<\/p>\n<\/td>\n<\/tr>\n<tr>\n<td style=\"width: 50%;\">Tipo de fibra<\/td>\n<td style=\"width: 50%;\">Fibra \u00fanica Modo \u00fanico<\/td>\n<\/tr>\n<\/tbody>\n<\/table>\n<p>&nbsp;<\/p>","protected":false},"excerpt":{"rendered":"<div class=\"title--wrap--Ms9Zv4A\">\n<ul>\n<li data-pl=\"product-title\" data-spm-anchor-id=\"a2g0o.detail.0.i7.7accWMLZWMLZie\">Placa PCBA do switch conversor de m\u00eddia 2 \u00f3ptico 4 rj54<\/li>\n<li data-pl=\"product-title\" data-spm-anchor-id=\"a2g0o.detail.0.i7.7accWMLZWMLZie\">10\/100\/1000M adaptativo<\/li>\n<li data-pl=\"product-title\" data-spm-anchor-id=\"a2g0o.detail.0.i7.7accWMLZWMLZie\">1,25 Gbps SC<\/li>\n<li data-pl=\"product-title\" data-spm-anchor-id=\"a2g0o.detail.0.i7.7accWMLZWMLZie\">modo \u00fanico<\/li>\n<li data-pl=\"product-title\" data-spm-anchor-id=\"a2g0o.detail.0.i7.7accWMLZWMLZie\">m\u00e1ximo de 3 km<\/li>\n<li data-pl=\"product-title\" data-spm-anchor-id=\"a2g0o.detail.0.i7.7accWMLZWMLZie\">Entrada de 5-12 V CC<\/li>\n<\/ul>\n<\/div>","protected":false},"featured_media":12853,"comment_status":"open","ping_status":"closed","template":"","meta":[],"product_brand":[],"product_cat":[286],"product_tag":[166,285,301,305,330],"class_list":{"0":"post-12833","1":"product","2":"type-product","3":"status-publish","4":"has-post-thumbnail","6":"product_cat-fiber-media-converter-pcba-board","7":"product_tag-6-port","8":"product_tag-pcba","9":"product_tag-rj45","10":"product_tag-sc","11":"product_tag-switch-board","13":"first","14":"instock","15":"featured","16":"shipping-taxable","17":"purchasable","18":"product-type-variable","19":"has-default-attributes"},"_links":{"self":[{"href":"https:\/\/www.luleey.com\/pt\/wp-json\/wp\/v2\/product\/12833","targetHints":{"allow":["GET"]}}],"collection":[{"href":"https:\/\/www.luleey.com\/pt\/wp-json\/wp\/v2\/product"}],"about":[{"href":"https:\/\/www.luleey.com\/pt\/wp-json\/wp\/v2\/types\/product"}],"replies":[{"embeddable":true,"href":"https:\/\/www.luleey.com\/pt\/wp-json\/wp\/v2\/comments?post=12833"}],"wp:featuredmedia":[{"embeddable":true,"href":"https:\/\/www.luleey.com\/pt\/wp-json\/wp\/v2\/media\/12853"}],"wp:attachment":[{"href":"https:\/\/www.luleey.com\/pt\/wp-json\/wp\/v2\/media?parent=12833"}],"wp:term":[{"taxonomy":"product_brand","embeddable":true,"href":"https:\/\/www.luleey.com\/pt\/wp-json\/wp\/v2\/product_brand?post=12833"},{"taxonomy":"product_cat","embeddable":true,"href":"https:\/\/www.luleey.com\/pt\/wp-json\/wp\/v2\/product_cat?post=12833"},{"taxonomy":"product_tag","embeddable":true,"href":"https:\/\/www.luleey.com\/pt\/wp-json\/wp\/v2\/product_tag?post=12833"}],"curies":[{"name":"wp","href":"https:\/\/api.w.org\/{rel}","templated":true}]}}