{"id":12836,"date":"2024-07-19T00:57:22","date_gmt":"2024-07-18T16:57:22","guid":{"rendered":"https:\/\/www.luleey.com\/?post_type=product&#038;p=12836"},"modified":"2025-01-14T11:32:23","modified_gmt":"2025-01-14T03:32:23","slug":"gigabit-etherbet-fiber-switch-2xsc-4xrj45-3km-20km-media-converter","status":"publish","type":"product","link":"https:\/\/www.luleey.com\/pt\/produto\/gigabit-etherbet-fiber-switch-2xsc-4xrj45-3km-20km-media-converter\/","title":{"rendered":"Switch de fibra Gigabit Etherbet 2xSC 4xRJ45 3km 20km conversor de m\u00eddia"},"content":{"rendered":"<h3>Chave de fibra Gigabit Etherbet 2xSC 4xRJ45<\/h3>\n<p>Modelo: LL-4GE2SC-3KM \/ LL-4GE2SC-20KM<\/p>\n<p><strong><span class=\"\">Par\u00e2metros \u00f3pticos:<\/span><\/strong><\/p>\n<ul>\n<li><span class=\"\">Porta \u00f3ptica: 100M FX\/1000M X adapt\u00e1vel<\/span><\/li>\n<li>modo \u00fanico<\/li>\n<li>SC UPC<\/li>\n<li>Comprimento de onda de trabalho: 1310\/1550 (nm)<\/li>\n<li>Dist\u00e2ncia de transmiss\u00e3o: 3km\/20km<\/li>\n<li data-spm-anchor-id=\"a2g0o.detail.1000023.i0.26cadjDTdjDTf8\">Sa\u00edda de energia: -8~-3dbm<\/li>\n<\/ul>\n<p><strong><span class=\"\">Par\u00e2metros de Ethernet<\/span><\/strong><\/p>\n<ul>\n<li><span class=\"\">Porta Ethernet: 10\/100\/1000Mbps adapt\u00e1vel<\/span><\/li>\n<li>Luz indicadora da porta Ethernet: Laranja indica que est\u00e1 funcionando a 1000M, apenas verde indica que est\u00e1 funcionando a 100M.<\/li>\n<\/ul>\n<p><strong><span class=\"MachTrans__hl__6hdYK\">Outros par\u00e2metros<\/span><\/strong><\/p>\n<ul>\n<li>Pot\u00eancia de entrada: 5-12v<\/li>\n<li data-spm-anchor-id=\"a2g0o.detail.1000023.i3.26cadjDTdjDTf8\">Tamanho: 158*89*27mm<\/li>\n<\/ul>\n<p><strong>Cen\u00e1rios de aplicativos<\/strong><\/p>\n<p>monitoramento de seguran\u00e7a, escrit\u00f3rio, fia\u00e7\u00e3o de salas de computadores, transmiss\u00e3o e televis\u00e3o, energia abrangente, cidades inteligentes, transporte inteligente, f\u00e1bricas inteligentes, tr\u00e2nsito ferrovi\u00e1rio, minas inteligentes e outros ambientes industriais.<\/p>","protected":false},"excerpt":{"rendered":"<div class=\"title--wrap--Ms9Zv4A\">\n<p data-pl=\"product-title\" data-spm-anchor-id=\"a2g0o.detail.0.i5.26cadjDTdjDTf8\">10\/100\/1000M 4 portas Ethernet 2SC Gigabit Etherbet Fiber Switch 20km 1550-1310nm Transceiver Single Mode Media Converter<\/p>\n<\/div>","protected":false},"featured_media":12858,"comment_status":"open","ping_status":"closed","template":"","meta":[],"product_brand":[],"product_cat":[356],"product_tag":[166,208,301,305],"class_list":{"0":"post-12836","1":"product","2":"type-product","3":"status-publish","4":"has-post-thumbnail","6":"product_cat-unmanaged-switches","7":"product_tag-6-port","8":"product_tag-ethernet-switch","9":"product_tag-rj45","10":"product_tag-sc","12":"first","13":"instock","14":"shipping-taxable","15":"purchasable","16":"product-type-variable"},"_links":{"self":[{"href":"https:\/\/www.luleey.com\/pt\/wp-json\/wp\/v2\/product\/12836","targetHints":{"allow":["GET"]}}],"collection":[{"href":"https:\/\/www.luleey.com\/pt\/wp-json\/wp\/v2\/product"}],"about":[{"href":"https:\/\/www.luleey.com\/pt\/wp-json\/wp\/v2\/types\/product"}],"replies":[{"embeddable":true,"href":"https:\/\/www.luleey.com\/pt\/wp-json\/wp\/v2\/comments?post=12836"}],"wp:featuredmedia":[{"embeddable":true,"href":"https:\/\/www.luleey.com\/pt\/wp-json\/wp\/v2\/media\/12858"}],"wp:attachment":[{"href":"https:\/\/www.luleey.com\/pt\/wp-json\/wp\/v2\/media?parent=12836"}],"wp:term":[{"taxonomy":"product_brand","embeddable":true,"href":"https:\/\/www.luleey.com\/pt\/wp-json\/wp\/v2\/product_brand?post=12836"},{"taxonomy":"product_cat","embeddable":true,"href":"https:\/\/www.luleey.com\/pt\/wp-json\/wp\/v2\/product_cat?post=12836"},{"taxonomy":"product_tag","embeddable":true,"href":"https:\/\/www.luleey.com\/pt\/wp-json\/wp\/v2\/product_tag?post=12836"}],"curies":[{"name":"wp","href":"https:\/\/api.w.org\/{rel}","templated":true}]}}