{"id":12839,"date":"2024-07-19T00:57:23","date_gmt":"2024-07-18T16:57:23","guid":{"rendered":"https:\/\/www.luleey.com\/?post_type=product&#038;p=12839"},"modified":"2024-12-25T14:26:33","modified_gmt":"2024-12-25T06:26:33","slug":"gigabit-etherbet-fiber-switch-2xsc-8xrj45-3km-20km-media-converter","status":"publish","type":"product","link":"https:\/\/www.luleey.com\/pt\/produto\/gigabit-etherbet-fiber-switch-2xsc-8xrj45-3km-20km-media-converter\/","title":{"rendered":"Switch de fibra Gigabit Etherbet 2xSC 8xRJ45 3km 20km conversor de m\u00eddia"},"content":{"rendered":"<p>Modelo: LL-8GE2SC-20KM<\/p>\n<p><strong><span class=\"\">Par\u00e2metros \u00f3pticos:<\/span><\/strong><\/p>\n<ul>\n<li>Taxa de dados: 1,25 Gbps<\/li>\n<li><span style=\"font-size: 16px;\">2 portas SC<\/span><\/li>\n<li><span class=\"\">Porta \u00f3ptica: 100M FX\/1000M X adapt\u00e1vel<\/span><\/li>\n<li>modo \u00fanico<\/li>\n<li>SC UPC<\/li>\n<li>Comprimento de onda de trabalho: 1310\/1550 (nm)<\/li>\n<li>Dist\u00e2ncia de transmiss\u00e3o: 3km\/20km<\/li>\n<li>Sa\u00edda de energia: -8~-3dbm<\/li>\n<\/ul>\n<p><strong><span class=\"\">Par\u00e2metros de Ethernet<\/span><\/strong><\/p>\n<ul>\n<li>8 portas RJ45<\/li>\n<li>Dist\u00e2ncia: 100m<\/li>\n<li><span class=\"\">Porta Ethernet: 10\/100\/1000Mbps adapt\u00e1vel<\/span><\/li>\n<li>IEEE802.3 10Base-T<\/li>\n<li>IEEE802.3u 100Base-TX\/FX<\/li>\n<li>IEEE802.3z 1000Base-SX\/LX<\/li>\n<li>IEEE802.3x Controle de fluxo<\/li>\n<li>QoS IEEE802.1p<\/li>\n<li>\u00c1rvore de alcance IEEE802.1d<\/li>\n<\/ul>\n<p><strong><span class=\"MachTrans__hl__6hdYK\">Outros par\u00e2metros<\/span><\/strong><\/p>\n<ul>\n<li>Pot\u00eancia de entrada:<\/li>\n<li>Tipo de alimenta\u00e7\u00e3o: fonte de alimenta\u00e7\u00e3o externa<\/li>\n<li>Tens\u00e3o de entrada: AC100V\uff5e240V 50\/60Hz<\/li>\n<li>Conector: Tomada DC<\/li>\n<li>Tens\u00e3o de trabalho: 5-12V<\/li>\n<li data-spm-anchor-id=\"a2g0o.detail.1000023.i9.7c6f7rxL7rxLkP\">Consumo de energia: 2,2W\uff5e3,5W<\/li>\n<li>Tamanho: 196*87*27mm<\/li>\n<li>Temperatura de armazenamento: -40\uff5e70\u2103<\/li>\n<li>Temperatura operacional: -10\uff5e55\u2103<\/li>\n<li>Umidade relativa: 5-90% (sem condensa\u00e7\u00e3o)<\/li>\n<\/ul>\n<p><strong>Cen\u00e1rios de aplicativos<\/strong><\/p>\n<p>monitoramento de seguran\u00e7a, escrit\u00f3rio, fia\u00e7\u00e3o de salas de computadores, transmiss\u00e3o e televis\u00e3o, energia abrangente, cidades inteligentes, transporte inteligente, f\u00e1bricas inteligentes, tr\u00e2nsito ferrovi\u00e1rio, minas inteligentes e outros ambientes industriais.<\/p>","protected":false},"excerpt":{"rendered":"<p class=\"serp-title\">Gigabit\u00a0<mark>Interruptor de fibra Etherbet<\/mark>\u00a0Transceptor de fibra \u00f3ptica de modo \u00fanico, fibra \u00fanica, 2 portas \u00f3pticas de 8 portas Ethernet, conversor fotoel\u00e9trico de interface SC<\/p>","protected":false},"featured_media":12859,"comment_status":"open","ping_status":"closed","template":"","meta":[],"product_brand":[],"product_cat":[356],"product_tag":[85,208,301,305],"class_list":{"0":"post-12839","1":"product","2":"type-product","3":"status-publish","4":"has-post-thumbnail","6":"product_cat-unmanaged-switches","7":"product_tag-10-port","8":"product_tag-ethernet-switch","9":"product_tag-rj45","10":"product_tag-sc","12":"first","13":"instock","14":"shipping-taxable","15":"purchasable","16":"product-type-variable"},"_links":{"self":[{"href":"https:\/\/www.luleey.com\/pt\/wp-json\/wp\/v2\/product\/12839","targetHints":{"allow":["GET"]}}],"collection":[{"href":"https:\/\/www.luleey.com\/pt\/wp-json\/wp\/v2\/product"}],"about":[{"href":"https:\/\/www.luleey.com\/pt\/wp-json\/wp\/v2\/types\/product"}],"replies":[{"embeddable":true,"href":"https:\/\/www.luleey.com\/pt\/wp-json\/wp\/v2\/comments?post=12839"}],"wp:featuredmedia":[{"embeddable":true,"href":"https:\/\/www.luleey.com\/pt\/wp-json\/wp\/v2\/media\/12859"}],"wp:attachment":[{"href":"https:\/\/www.luleey.com\/pt\/wp-json\/wp\/v2\/media?parent=12839"}],"wp:term":[{"taxonomy":"product_brand","embeddable":true,"href":"https:\/\/www.luleey.com\/pt\/wp-json\/wp\/v2\/product_brand?post=12839"},{"taxonomy":"product_cat","embeddable":true,"href":"https:\/\/www.luleey.com\/pt\/wp-json\/wp\/v2\/product_cat?post=12839"},{"taxonomy":"product_tag","embeddable":true,"href":"https:\/\/www.luleey.com\/pt\/wp-json\/wp\/v2\/product_tag?post=12839"}],"curies":[{"name":"wp","href":"https:\/\/api.w.org\/{rel}","templated":true}]}}