{"id":12842,"date":"2024-07-19T00:57:23","date_gmt":"2024-07-18T16:57:23","guid":{"rendered":"https:\/\/www.luleey.com\/?post_type=product&#038;p=12842"},"modified":"2025-06-28T10:50:25","modified_gmt":"2025-06-28T02:50:25","slug":"2-5g-industrial-ethernet-switch-4x2-5g-2x10g-sfp","status":"publish","type":"product","link":"https:\/\/www.luleey.com\/pt\/produto\/2-5g-industrial-ethernet-switch-4x2-5g-2x10g-sfp\/","title":{"rendered":"Switch Ethernet Industrial 2.5G 4\u00d72.5G 2x10G SFP+"},"content":{"rendered":"<h3>Switch Ethernet Industrial 2.5G 4\u00d72.5G 2x10G SFP+<\/h3>\n<h3>Recursos<\/h3>\n<ol>\n<li>Chave de VLAN: ON=1-4 funcionam em conjunto, FX1-FX2 funcionam em conjunto; OFF=Todas as portas funcionam em conjunto.<\/li>\n<li>Chave de fibra 10G: ON=configura\u00e7\u00e3o FX for\u00e7ada de 10G, OFF=1,25G\/10G adapt\u00e1vel.<\/li>\n<li>Plug and Play.<\/li>\n<li>Suporta uma ampla faixa de tens\u00e3o.<\/li>\n<li>Suporta uma ampla faixa de temperatura.<\/li>\n<li><span class=\"\">Resist\u00eancia a raios de 8KV.<\/span><\/li>\n<li><span style=\"font-size: 16px;\">Suporta 2 portas de fibra \u00f3ptica SFP+10G, at\u00e9 120 km.<\/span><\/li>\n<li>Suporte a stick epon 10g\/XGS-PON.<\/li>\n<li>Suporta 2 portas Ethernet 2.5G, 10\/100\/1000\/2500M adapt\u00e1veis.<\/li>\n<li>\n<div class=\"MachTrans__textWrap__1NtxT MachTrans__textWrapSmall__26E1Q\">\n<div class=\"MachTrans__text__duH8w\">\n<p><span class=\"\">Concha met\u00e1lica para dissipa\u00e7\u00e3o eficaz do calor.<\/span><\/p>\n<p>&nbsp;<\/p>\n<\/div>\n<\/div>\n<\/li>\n<\/ol>\n<h3>Especifica\u00e7\u00e3o<\/h3>\n<table width=\"790\">\n<tbody>\n<tr>\n<td width=\"229\">Modelo<\/td>\n<td width=\"561\">LL-IND-425GE2SFP+<\/td>\n<\/tr>\n<tr>\n<td width=\"229\">Nome do produto<\/td>\n<td width=\"561\">\u00a0Transceptor de fibra \u00f3ptica de grau industrial 10 Gigabit 2 \u00f3ptico 4 el\u00e9trico<\/td>\n<\/tr>\n<tr>\n<td width=\"229\">Protocolos de rede<\/td>\n<td width=\"561\">\u00a0IEEE.802.3, IEEE802.31 10BASE-T, IEEE802.3u 100BASE-TX, IEEE802.3ab 1000BASE-T, IEEE802.3x, IEEE 802.3z100BASE-X, IEEE802.3z1000BASE-X, IEEE802.3z2500BASE-X, IEEE802.3ab250OBASE-T<\/td>\n<\/tr>\n<tr>\n<td width=\"229\">Par\u00e2metros da porta Ethernet<\/td>\n<td width=\"561\">\u00a04 * 10\/100\/1000\/2500M BaseT (x) detec\u00e7\u00e3o autom\u00e1tica, full\/half duplex MDI\/MDI-X adapt\u00e1vel<\/td>\n<\/tr>\n<tr>\n<td width=\"229\">Par\u00e2metro da porta SFP<\/td>\n<td width=\"561\">\u00a02 * porta \u00f3ptica 10G\/1.25, com uma dist\u00e2ncia m\u00e1xima de transmiss\u00e3o de 120 km<\/td>\n<\/tr>\n<tr>\n<td width=\"229\">Modo de encaminhamento<\/td>\n<td width=\"561\">\u00a0Armazenar e encaminhar (velocidade total da linha)<\/td>\n<\/tr>\n<tr>\n<td width=\"229\">Largura de banda do backplane<\/td>\n<td width=\"561\">\u00a0256 Gbps<\/td>\n<\/tr>\n<tr>\n<td width=\"229\">Taxa de encaminhamento de pacotes<\/td>\n<td width=\"561\">\u00a0transmiss\u00e3o m\u00e1xima 35.888Mpps<\/td>\n<\/tr>\n<tr>\n<td width=\"229\">Tabela de endere\u00e7os MAC<\/td>\n<td width=\"561\">\u00a04K<\/td>\n<\/tr>\n<tr>\n<td width=\"229\">Cache de encaminhamento de pacotes<\/td>\n<td width=\"561\">\u00a08M<\/td>\n<\/tr>\n<tr>\n<td width=\"229\">Comprimento do quadro de encaminhamento<\/td>\n<td width=\"561\">\u00a064-15360 Byte<\/td>\n<\/tr>\n<tr>\n<td width=\"229\">Dist\u00e2ncia de transmiss\u00e3o<\/td>\n<td width=\"561\">\u00a010BASE-T, Cat3,4,5 UTP (150 metros); 100BASE-TX, Cat5 ou UTP posterior (120 metros); 1000BASE-TX, cat6 ou UTP posterior (100 metros); 2500BASE-TX, cat6 ou UTP posterior (50 metros)<\/td>\n<\/tr>\n<tr>\n<td width=\"229\">Consumo de energia em espera<\/td>\n<td width=\"561\">\u00a0\u2264 15W;<\/td>\n<\/tr>\n<tr>\n<td width=\"229\">Tens\u00e3o de trabalho<\/td>\n<td width=\"561\">\u00a0DC 12V-52V<\/td>\n<\/tr>\n<tr>\n<td width=\"229\">Luz indicadora<\/td>\n<td width=\"561\">\u00a0A luz indicadora amarela da porta Ethernet acender\u00e1 somente quando a porta Ethernet estiver funcionando a uma velocidade de 2,5G e n\u00e3o acender\u00e1 em outras velocidades; a luz indicadora verde da porta Ethernet acender\u00e1 em qualquer velocidade e piscar\u00e1 durante a troca de dados; depois que o m\u00f3dulo \u00f3ptico for conectado normalmente, as luzes indicadoras FX1 e FX2 acender\u00e3o e come\u00e7ar\u00e3o a piscar quando ocorrer a troca de dados; depois que o dispositivo for ligado normalmente, a luz PWR acender\u00e1.<\/td>\n<\/tr>\n<tr>\n<td width=\"229\">Temperatura\/humidade de trabalho<\/td>\n<td width=\"561\">\u00a0-40~+85 \u00b0 C; 5%~90% RH sem condensa\u00e7\u00e3o<\/td>\n<\/tr>\n<tr>\n<td width=\"229\">Temperatura\/humidade de armazenamento<\/td>\n<td width=\"561\">\u00a0-40~+75 \u00b0 C; 5%~95% RH sem condensa\u00e7\u00e3o<\/td>\n<\/tr>\n<tr>\n<td width=\"229\">Tamanho do produto<\/td>\n<td width=\"561\">\u00a0145mm+125mm48m (comprimento * largura t altura)<\/td>\n<\/tr>\n<tr>\n<td width=\"229\">Prote\u00e7\u00e3o contra raios<\/td>\n<td width=\"561\">\u00a0Prote\u00e7\u00e3o contra raios na porta 8KV 8\/20us;<\/td>\n<\/tr>\n<\/tbody>\n<\/table>","protected":false},"excerpt":{"rendered":"<p>Switch Ethernet Industrial 2.5G<\/p>\n<p><span style=\"font-size: 16px;\">Portas de fibra \u00f3ptica 2xSFP+10G, at\u00e9 120 km<\/span><\/p>\n<p>Portas Ethernet 4\u00d72,5G, 10\/100\/1000\/2500M adapt\u00e1veis<\/p>","protected":false},"featured_media":12876,"comment_status":"open","ping_status":"closed","template":"","meta":[],"product_brand":[],"product_cat":[240],"product_tag":[124,145,239,322],"class_list":{"0":"post-12842","1":"product","2":"type-product","3":"status-publish","4":"has-post-thumbnail","6":"product_cat-industrial-switches","7":"product_tag-2-5g","8":"product_tag-4-port","9":"product_tag-industrial-ethernet-switch","10":"product_tag-sfp","12":"first","13":"instock","14":"featured","15":"shipping-taxable","16":"purchasable","17":"product-type-variable","18":"has-default-attributes"},"_links":{"self":[{"href":"https:\/\/www.luleey.com\/pt\/wp-json\/wp\/v2\/product\/12842","targetHints":{"allow":["GET"]}}],"collection":[{"href":"https:\/\/www.luleey.com\/pt\/wp-json\/wp\/v2\/product"}],"about":[{"href":"https:\/\/www.luleey.com\/pt\/wp-json\/wp\/v2\/types\/product"}],"replies":[{"embeddable":true,"href":"https:\/\/www.luleey.com\/pt\/wp-json\/wp\/v2\/comments?post=12842"}],"wp:featuredmedia":[{"embeddable":true,"href":"https:\/\/www.luleey.com\/pt\/wp-json\/wp\/v2\/media\/12876"}],"wp:attachment":[{"href":"https:\/\/www.luleey.com\/pt\/wp-json\/wp\/v2\/media?parent=12842"}],"wp:term":[{"taxonomy":"product_brand","embeddable":true,"href":"https:\/\/www.luleey.com\/pt\/wp-json\/wp\/v2\/product_brand?post=12842"},{"taxonomy":"product_cat","embeddable":true,"href":"https:\/\/www.luleey.com\/pt\/wp-json\/wp\/v2\/product_cat?post=12842"},{"taxonomy":"product_tag","embeddable":true,"href":"https:\/\/www.luleey.com\/pt\/wp-json\/wp\/v2\/product_tag?post=12842"}],"curies":[{"name":"wp","href":"https:\/\/api.w.org\/{rel}","templated":true}]}}