{"id":12860,"date":"2024-07-19T00:57:50","date_gmt":"2024-07-18T16:57:50","guid":{"rendered":"https:\/\/www.luleey.com\/?post_type=product&#038;p=12860"},"modified":"2025-10-25T13:53:37","modified_gmt":"2025-10-25T05:53:37","slug":"2-5g-gpon-epon-onull-xz110","status":"publish","type":"product","link":"https:\/\/www.luleey.com\/pt\/produto\/2-5g-gpon-epon-onull-xz110\/","title":{"rendered":"2,5G GPON\/EPON ONU LL-XZ110"},"content":{"rendered":"<p><span style=\"color: #ff00ff;\"><a style=\"color: #ff00ff;\" href=\"https:\/\/www.luleey.com\/pt\/2-5g-gpon-epon-onu-ll-xz110-web-management\/\">Como usar<\/a><\/span><\/p>\n<h3>Recursos<\/h3>\n<ol>\n<li>Suporte a modifica\u00e7\u00f5es de par\u00e2metros, como SN\/ONUID\/VENDORID\/MAC\/LOID...<\/li>\n<li>Suporta limite de velocidade da porta e controle de largura de banda<\/li>\n<li>Totalmente compat\u00edvel com os padr\u00f5es IEEE802.3ah e ITU-U G.984<\/li>\n<li>Suporta at\u00e9 20 km de dist\u00e2ncia de transmiss\u00e3o<\/li>\n<li>Suporta criptografia de dados, supress\u00e3o de transmiss\u00e3o, configura\u00e7\u00e3o de VLAN, etc.<\/li>\n<li>Oferece suporte \u00e0 aloca\u00e7\u00e3o din\u00e2mica de largura de banda (DBA)<\/li>\n<li>Suporte \u00e0 descoberta autom\u00e1tica da ONU\/detec\u00e7\u00e3o de link\/atualiza\u00e7\u00e3o remota de software<\/li>\n<li>Suporte \u00e0 configura\u00e7\u00e3o de encaminhamento de porta<\/li>\n<li>Suporte ao alarme de falta de energia<\/li>\n<li>Suporte \u00e0 configura\u00e7\u00e3o de QoS<\/li>\n<li>Suporte ao isolamento de portas<\/li>\n<li>Suporta configura\u00e7\u00f5es de prote\u00e7\u00e3o contra inc\u00eandio<\/li>\n<li>Suporte a ACL<\/li>\n<li>Suporte ao m\u00e9todo de gerenciamento TR069<\/li>\n<li>Suporte a PPPoE\/Servidor DHCP\/IPTV\/NAT<\/li>\n<\/ol>\n<h3>Especifica\u00e7\u00e3o<\/h3>\n<table width=\"598\">\n<tbody>\n<tr>\n<td width=\"211\">Modelo<\/td>\n<td width=\"387\">LL-XZ110<\/td>\n<\/tr>\n<tr>\n<td>Batatas fritas<\/td>\n<td>RTL9601DVA<\/td>\n<\/tr>\n<tr>\n<td>Porta Ethernet<\/td>\n<td width=\"387\">Auto MDI\/MDI-X<br \/>\n1*10\/100\/1000\/2500M<br \/>\n1*10\/100\/1000M<br \/>\nDist\u00e2ncia m\u00e1xima do cabo de 100 m<\/td>\n<\/tr>\n<tr>\n<td>Porta PON<\/td>\n<td width=\"387\">GPON\/EPON autom\u00e1tico<br \/>\nSC-UPC<br \/>\nDist\u00e2ncia m\u00e1xima de fibra de 20 km<\/td>\n<\/tr>\n<tr>\n<td>EM GPON<\/td>\n<td>MAIS 1,25 G \/ MENOS 2,5 G<\/td>\n<\/tr>\n<tr>\n<td>EM EPON<\/td>\n<td>MAIS 1,25 G \/ MENOS 1,25 G<\/td>\n<\/tr>\n<tr>\n<td>Sensibilidade do receptor<\/td>\n<td>-7dbm~-28dbm<\/td>\n<\/tr>\n<tr>\n<td>Tamanho do produto<\/td>\n<td>132x83x30mm<\/td>\n<\/tr>\n<tr>\n<td>Temperatura operacional<\/td>\n<td>-10\u2103~60\u2103<\/td>\n<\/tr>\n<tr>\n<td>Adaptador de energia<\/td>\n<td>DC 12V 2.1\u00d75..5mm<\/td>\n<\/tr>\n<tr>\n<td>Gerenciamento de produtos<\/td>\n<td>WEB\/TELNET\/TR069\/OMCI\/OAM<\/td>\n<\/tr>\n<\/tbody>\n<\/table>","protected":false},"excerpt":{"rendered":"<p>Como usar Recursos Suporta modifica\u00e7\u00f5es de par\u00e2metros, como SN\/ONUID\/VENDORID\/MAC\/LOID... Suporta limite de velocidade de porta e controle de largura de banda Totalmente compat\u00edvel com<\/p>","protected":false},"featured_media":12903,"comment_status":"open","ping_status":"closed","template":"","meta":[],"product_brand":[],"product_cat":[350],"product_tag":[126,230,254,344,346],"class_list":{"0":"post-12860","1":"product","2":"type-product","3":"status-publish","4":"has-post-thumbnail","6":"product_cat-2-5g-gpon-epon-onu","7":"product_tag-2-5g-onu","8":"product_tag-gpon-onu","9":"product_tag-ll-xz110","10":"product_tag-xpon-onu","11":"product_tag-z110","13":"first","14":"outofstock","15":"sale","16":"shipping-taxable","17":"purchasable","18":"product-type-variable"},"_links":{"self":[{"href":"https:\/\/www.luleey.com\/pt\/wp-json\/wp\/v2\/product\/12860","targetHints":{"allow":["GET"]}}],"collection":[{"href":"https:\/\/www.luleey.com\/pt\/wp-json\/wp\/v2\/product"}],"about":[{"href":"https:\/\/www.luleey.com\/pt\/wp-json\/wp\/v2\/types\/product"}],"replies":[{"embeddable":true,"href":"https:\/\/www.luleey.com\/pt\/wp-json\/wp\/v2\/comments?post=12860"}],"wp:featuredmedia":[{"embeddable":true,"href":"https:\/\/www.luleey.com\/pt\/wp-json\/wp\/v2\/media\/12903"}],"wp:attachment":[{"href":"https:\/\/www.luleey.com\/pt\/wp-json\/wp\/v2\/media?parent=12860"}],"wp:term":[{"taxonomy":"product_brand","embeddable":true,"href":"https:\/\/www.luleey.com\/pt\/wp-json\/wp\/v2\/product_brand?post=12860"},{"taxonomy":"product_cat","embeddable":true,"href":"https:\/\/www.luleey.com\/pt\/wp-json\/wp\/v2\/product_cat?post=12860"},{"taxonomy":"product_tag","embeddable":true,"href":"https:\/\/www.luleey.com\/pt\/wp-json\/wp\/v2\/product_tag?post=12860"}],"curies":[{"name":"wp","href":"https:\/\/api.w.org\/{rel}","templated":true}]}}