{"id":12867,"date":"2024-07-19T00:57:51","date_gmt":"2024-07-18T16:57:51","guid":{"rendered":"https:\/\/www.luleey.com\/?post_type=product&#038;p=12867"},"modified":"2024-12-17T10:45:45","modified_gmt":"2024-12-17T02:45:45","slug":"12-port-10g-switch-layer-3-management-ethernet-switch","status":"publish","type":"product","link":"https:\/\/www.luleey.com\/pt\/produto\/12-port-10g-switch-layer-3-management-ethernet-switch\/","title":{"rendered":"Switch 10G de 12 portas Switch Ethernet de gerenciamento de camada 3"},"content":{"rendered":"<h3>Recursos<\/h3>\n<ol>\n<li>Taxa de transmiss\u00e3o de 10G<\/li>\n<li>12 portas 10 Gigabit SFP+, switch 10gb<\/li>\n<li>Suporta roteamento de 3 camadas<\/li>\n<li>Apar\u00eancia met\u00e1lica, design de dissipa\u00e7\u00e3o de calor<\/li>\n<li>Ventilador de resfriamento de graves embutido<\/li>\n<li>Oferece suporte a protocolos como roteamento, DHCP, VLAN, ACL, QOS etc.<\/li>\n<li>Servi\u00e7os de suporte, como prote\u00e7\u00e3o de rede em anel e supress\u00e3o de tempestades<\/li>\n<li>Suporte a servi\u00e7os de gerenciamento WEB\/LLDP\/CLI\/SNMP<\/li>\n<\/ol>\n<h3>Especifica\u00e7\u00e3o<\/h3>\n<table style=\"border-collapse: collapse; width: 64.7191%; height: 1439px;\">\n<tbody>\n<tr style=\"height: 45px;\">\n<td style=\"width: 21.3858%; height: 45px;\">Modelo<\/td>\n<td style=\"width: 66.8981%; height: 45px;\" width=\"284\">LL-L3MES-SW-10G-12SFP+<\/td>\n<\/tr>\n<tr style=\"height: 46px;\">\n<td style=\"width: 21.3858%; height: 46px;\">\u00a0Porto<\/td>\n<td style=\"width: 66.8981%; height: 46px;\" width=\"739\">12 sfp+<\/td>\n<\/tr>\n<tr style=\"height: 106px;\">\n<td style=\"width: 21.3858%; height: 106px;\">Protocolo de rede<\/td>\n<td style=\"width: 66.8981%; height: 106px;\">IEEE802.3 IEEE802.3u IEEE802.3ab IEEE802.3z IEEE802.3ae IEEE802.3x IEEE802.3az IEEE802.3ad IEEE802.1AB IEEE802.1D IEEE802.1w IE802.1s IEEE802.1Q IE802.1p IEEE802.1X<\/td>\n<\/tr>\n<tr style=\"height: 46px;\">\n<td style=\"width: 21.3858%; height: 46px;\">Largura de banda do backplane<\/td>\n<td style=\"width: 66.8981%; height: 46px;\">240Gbps<\/td>\n<\/tr>\n<tr style=\"height: 46px;\">\n<td style=\"width: 21.3858%; height: 46px;\">Taxa de encaminhamento de pacotes<\/td>\n<td style=\"width: 66.8981%; height: 46px;\">178,56 Mpps<\/td>\n<\/tr>\n<tr style=\"height: 46px;\">\n<td style=\"width: 21.3858%; height: 46px;\">Endere\u00e7o MAC<\/td>\n<td style=\"width: 66.8981%; height: 46px;\">32K<\/td>\n<\/tr>\n<tr style=\"height: 46px;\">\n<td style=\"width: 21.3858%; height: 46px;\">Modo de encaminhamento<\/td>\n<td style=\"width: 66.8981%; height: 46px;\">Armazenar e encaminhar<\/td>\n<\/tr>\n<tr style=\"height: 46px;\">\n<td style=\"width: 21.3858%; height: 46px;\">Meio de fibra \u00f3ptica<\/td>\n<td style=\"width: 66.8981%; height: 46px;\">fibra multimodo: 50\/125, 62,5\/125, 100\/140UM,<\/td>\n<\/tr>\n<tr style=\"height: 46px;\">\n<td style=\"width: 21.3858%; height: 46px;\">Fibra monomodo<\/td>\n<td style=\"width: 66.8981%; height: 46px;\">8\/125, 8,7\/125, 9\/125, 10\/125UM<\/td>\n<\/tr>\n<tr style=\"height: 46px;\">\n<td style=\"width: 21.3858%; height: 46px;\">Especifica\u00e7\u00e3o de tamanho<\/td>\n<td style=\"width: 66.8981%; height: 46px;\">\u00a0440 * 205 * 44 mm<\/td>\n<\/tr>\n<tr style=\"height: 46px;\">\n<td style=\"width: 21.3858%; height: 46px;\">Tens\u00e3o da fonte de alimenta\u00e7\u00e3o<\/td>\n<td style=\"width: 66.8981%; height: 46px;\">\u00a0AC 100-240V 50\/60Hz<\/td>\n<\/tr>\n<tr style=\"height: 46px;\">\n<td style=\"width: 21.3858%; height: 46px;\">Luz indicadora:<\/td>\n<td style=\"width: 66.8981%; height: 46px;\">PWR on: dispositivo ligado, not on: dispositivo n\u00e3o ligado<\/p>\n<p>SYS ligado: sistema normal, piscando: rein\u00edcio do sistema<\/p>\n<p>10G ligado: Link 10G<\/p>\n<p>Link\/ACT ligado: link conectado, piscando: transmiss\u00e3o de dados, n\u00e3o ligado: link n\u00e3o conectado<\/td>\n<\/tr>\n<tr style=\"height: 46px;\">\n<td style=\"width: 21.3858%; height: 46px;\">Ambiente de trabalho<\/td>\n<td style=\"width: 66.8981%; height: 46px;\">Temperatura de trabalho: -10~50 \u2103<\/p>\n<p>Temperatura de armazenamento: -40~70 \u2103<\/p>\n<p>Umidade de trabalho: 10%~90%, sem condensa\u00e7\u00e3o<\/p>\n<p>Umidade de armazenamento: 5%~90%, sem condensa\u00e7\u00e3o<\/td>\n<\/tr>\n<\/tbody>\n<\/table>","protected":false},"excerpt":{"rendered":"<p>Switch 10g Switch Ethernet de gerenciamento com 12 portas, porta 10G SFP+, fun\u00e7\u00e3o de gerenciamento de rede de 3 camadas, fonte de alimenta\u00e7\u00e3o integrada com prote\u00e7\u00e3o contra raios de 6KV, switch 10gb<\/p>","protected":false},"featured_media":12905,"comment_status":"open","ping_status":"closed","template":"","meta":[],"product_brand":[],"product_cat":[258],"product_tag":[97,102,208,244],"class_list":{"0":"post-12867","1":"product","2":"type-product","3":"status-publish","4":"has-post-thumbnail","6":"product_cat-managed-switches","7":"product_tag-10g","8":"product_tag-12-port","9":"product_tag-ethernet-switch","10":"product_tag-l3-managed","12":"first","13":"instock","14":"sale","15":"shipping-taxable","16":"purchasable","17":"product-type-variable"},"_links":{"self":[{"href":"https:\/\/www.luleey.com\/pt\/wp-json\/wp\/v2\/product\/12867","targetHints":{"allow":["GET"]}}],"collection":[{"href":"https:\/\/www.luleey.com\/pt\/wp-json\/wp\/v2\/product"}],"about":[{"href":"https:\/\/www.luleey.com\/pt\/wp-json\/wp\/v2\/types\/product"}],"replies":[{"embeddable":true,"href":"https:\/\/www.luleey.com\/pt\/wp-json\/wp\/v2\/comments?post=12867"}],"wp:featuredmedia":[{"embeddable":true,"href":"https:\/\/www.luleey.com\/pt\/wp-json\/wp\/v2\/media\/12905"}],"wp:attachment":[{"href":"https:\/\/www.luleey.com\/pt\/wp-json\/wp\/v2\/media?parent=12867"}],"wp:term":[{"taxonomy":"product_brand","embeddable":true,"href":"https:\/\/www.luleey.com\/pt\/wp-json\/wp\/v2\/product_brand?post=12867"},{"taxonomy":"product_cat","embeddable":true,"href":"https:\/\/www.luleey.com\/pt\/wp-json\/wp\/v2\/product_cat?post=12867"},{"taxonomy":"product_tag","embeddable":true,"href":"https:\/\/www.luleey.com\/pt\/wp-json\/wp\/v2\/product_tag?post=12867"}],"curies":[{"name":"wp","href":"https:\/\/api.w.org\/{rel}","templated":true}]}}