{"id":12869,"date":"2024-07-19T00:57:52","date_gmt":"2024-07-18T16:57:52","guid":{"rendered":"https:\/\/www.luleey.com\/?post_type=product&#038;p=12869"},"modified":"2025-08-02T22:29:59","modified_gmt":"2025-08-02T14:29:59","slug":"1-pon-gpon-olt","status":"publish","type":"product","link":"https:\/\/www.luleey.com\/pt\/produto\/1-pon-gpon-olt\/","title":{"rendered":"1 PON GPON OLT, LL-GPOLT-G01"},"content":{"rendered":"<div class=\"title--wrap--Ms9Zv4A\">\n<h3>Recursos<\/h3>\n<ol>\n<li>1 PON GPON OLT m\u00e1ximo de 128 clientes<\/li>\n<li>Oferece suporte a DBA flex\u00edvel e controle de tr\u00e1fego upstream e downstream<\/li>\n<li>Suporte ao reconhecimento autom\u00e1tico, descoberta autom\u00e1tica e autoriza\u00e7\u00e3o da ONU<\/li>\n<li>Suporte a VLAN<\/li>\n<li>Suporte a multicast e IGMP snooping<\/li>\n<li data-spm-anchor-id=\"a2g0o.detail.1000023.i1.745aNgYHNgYHlS\">Mem\u00f3ria flash: 32MB<\/li>\n<li>DDR: 512 MB<\/li>\n<li>Fun\u00e7\u00e3o PON: suporta registro autom\u00e1tico, lista branca e lista negra de ONUs, configura\u00e7\u00e3o DBA<\/li>\n<li>Software de gerenciamento: CLI\/WEB\/SNMP\/NMS<\/li>\n<li data-spm-anchor-id=\"a2g0o.detail.1000023.i2.745aNgYHNgYHlS\">Suporte a IGMP Snooping\/proxy e isolamento de portas<\/li>\n<\/ol>\n<div class=\"structure-row\">\n<div class=\"col-left\" data-spm-anchor-id=\"a2700.details.0.i25.78ff2908MBBelt\">\n<div class=\"structure-row\">\n<h3>Especifica\u00e7\u00e3o<\/h3>\n<table width=\"754\">\n<tbody>\n<tr>\n<td width=\"236\">Modelo<\/td>\n<td width=\"518\">LL-GPOLT-G01<\/td>\n<\/tr>\n<tr>\n<td>Tipo de dispositivo<\/td>\n<td>GPON OLT<\/td>\n<\/tr>\n<tr>\n<td>Porta GPON<\/td>\n<td>1x GPON<\/td>\n<\/tr>\n<tr>\n<td>Porta SFP<\/td>\n<td>1x SFP+<\/td>\n<\/tr>\n<tr>\n<td>Porta Ethernet<\/td>\n<td>4x 10\/100\/1000M<\/td>\n<\/tr>\n<tr>\n<td>Porta de gerenciamento<\/td>\n<td>1x Porta de console<\/td>\n<\/tr>\n<tr>\n<td>Taxa de divis\u00e3o<\/td>\n<td>1:128<\/td>\n<\/tr>\n<tr>\n<td>Flash<\/td>\n<td>32 MB<\/td>\n<\/tr>\n<tr>\n<td>DDR<\/td>\n<td>512 MB<\/td>\n<\/tr>\n<tr>\n<td>Tamanho<\/td>\n<td>186mm x157mm x39mm<\/td>\n<\/tr>\n<tr>\n<td>Padr\u00f5es<\/td>\n<td width=\"518\">IEEE802.3\uff0810Base-T\uff09<br \/>\nIEEE802.3u\uff08100Base-TX\uff09<br \/>\nIEEE802.3z\uff081000BASE-X\uff09<br \/>\nIEEE802.3ab\uff081000Base-T\uff09<br \/>\nIEEE802.1Q\uff08VLAN\uff09<\/td>\n<\/tr>\n<tr>\n<td>Meio ambiente<\/td>\n<td width=\"518\">Ambiente de trabalho: -10C~55 \u2103<br \/>\nAmbiente de armazenamento: -40 \u2103~80 \u2103<br \/>\nUmidade de armazenamento: 5%~95% (sem condensa\u00e7\u00e3o)<\/td>\n<\/tr>\n<tr>\n<td>Pot\u00eancia<\/td>\n<td>DC 12V<\/td>\n<\/tr>\n<tr>\n<td>Fun\u00e7\u00e3o PON<\/td>\n<td width=\"518\">Suporte ao registro autom\u00e1tico<br \/>\nLista branca e lista negra da ONU<br \/>\nConfigura\u00e7\u00e3o do DBA<\/td>\n<\/tr>\n<tr>\n<td>Configura\u00e7\u00e3o e gerenciamento<\/td>\n<td width=\"518\">CLI, WEB, SNMP\/NMS<br \/>\nComponentes e firmware<br \/>\nprompt de comando<br \/>\nSuporte \u00e0 fun\u00e7\u00e3o de ping e desconex\u00e3o<br \/>\nSuporte para gerenciamento de registros e pol\u00edcia<\/td>\n<\/tr>\n<tr>\n<td>Fun\u00e7\u00e3o L2<\/td>\n<td width=\"518\">Suporte a VLAN<br \/>\nSuporte a IGMP Snooping\/proxy<br \/>\nSuporte ao isolamento de portas<\/td>\n<\/tr>\n<\/tbody>\n<\/table>\n<\/div>\n<\/div>\n<\/div>\n<\/div>","protected":false},"excerpt":{"rendered":"<p>G01 \u00e9 uma s\u00e9rie de OLT GPON em caixa. O sistema tem boa estabilidade e alta confiabilidade. Oferece suporte a v\u00e1rios m\u00e9todos de gerenciamento, como CLI, WEB e SNMP. O produto oferece 1 interface GPON de downlink, 4 * interface Ethernet de uplink 1000base-T e 1 interface SFP+ de uplink. Adequado para \u00e1reas pouco povoadas, remotas e sens\u00edveis a custos, parques industriais inteligentes, edif\u00edcios comerciais, FTTRs etc. Cada porta GPON suporta uma taxa de segmenta\u00e7\u00e3o m\u00e1xima de 1:128, suporta um m\u00e1ximo de 128 usu\u00e1rios GPON e suporta diferentes tipos de ONUs em diferentes redes.<\/p>","protected":false},"featured_media":17974,"comment_status":"open","ping_status":"closed","template":"","meta":[],"product_brand":[],"product_cat":[360],"product_tag":[83,106,227,229],"class_list":{"0":"post-12869","1":"product","2":"type-product","3":"status-publish","4":"has-post-thumbnail","6":"product_cat-gpon-olt","7":"product_tag-1-gpon","8":"product_tag-128-onu","9":"product_tag-g01","10":"product_tag-gpon-olt","12":"first","13":"instock","14":"shipping-taxable","15":"purchasable","16":"product-type-variable","17":"has-default-attributes"},"_links":{"self":[{"href":"https:\/\/www.luleey.com\/pt\/wp-json\/wp\/v2\/product\/12869","targetHints":{"allow":["GET"]}}],"collection":[{"href":"https:\/\/www.luleey.com\/pt\/wp-json\/wp\/v2\/product"}],"about":[{"href":"https:\/\/www.luleey.com\/pt\/wp-json\/wp\/v2\/types\/product"}],"replies":[{"embeddable":true,"href":"https:\/\/www.luleey.com\/pt\/wp-json\/wp\/v2\/comments?post=12869"}],"wp:featuredmedia":[{"embeddable":true,"href":"https:\/\/www.luleey.com\/pt\/wp-json\/wp\/v2\/media\/17974"}],"wp:attachment":[{"href":"https:\/\/www.luleey.com\/pt\/wp-json\/wp\/v2\/media?parent=12869"}],"wp:term":[{"taxonomy":"product_brand","embeddable":true,"href":"https:\/\/www.luleey.com\/pt\/wp-json\/wp\/v2\/product_brand?post=12869"},{"taxonomy":"product_cat","embeddable":true,"href":"https:\/\/www.luleey.com\/pt\/wp-json\/wp\/v2\/product_cat?post=12869"},{"taxonomy":"product_tag","embeddable":true,"href":"https:\/\/www.luleey.com\/pt\/wp-json\/wp\/v2\/product_tag?post=12869"}],"curies":[{"name":"wp","href":"https:\/\/api.w.org\/{rel}","templated":true}]}}