{"id":12871,"date":"2024-07-19T00:57:52","date_gmt":"2024-07-18T16:57:52","guid":{"rendered":"https:\/\/www.luleey.com\/?post_type=product&#038;p=12871"},"modified":"2025-07-17T09:24:25","modified_gmt":"2025-07-17T01:24:25","slug":"sc-apc-optical-fiber-ftth-connector","status":"publish","type":"product","link":"https:\/\/www.luleey.com\/pt\/produto\/sc-apc-optical-fiber-ftth-connector\/","title":{"rendered":"Conector FTTH de fibra \u00f3ptica SC APC"},"content":{"rendered":"<h3>Recursos<\/h3>\n<ol>\n<li>Conector FTTH, baixa perda de inser\u00e7\u00e3o, alta perda de retorno<\/li>\n<li>Simplex, Duplex, Quad dispon\u00edvel<\/li>\n<li>Bom desempenho sustentado<\/li>\n<li>Uso de baixo custo, uso de bom desempenho<\/li>\n<li>Instala\u00e7\u00e3o r\u00e1pida<\/li>\n<\/ol>\n<p><strong>Aplicativo<\/strong><\/p>\n<ul>\n<li>\n<p data-spm-anchor-id=\"a2g0o.detail.1000023.i5.1539lRTZlRTZje\">Distribui\u00e7\u00e3o de fibra<\/p>\n<\/li>\n<li>LAN e WAN<\/li>\n<li>Aplica\u00e7\u00f5es FTTH<\/li>\n<li>CATV<\/li>\n<li>Equipamento de teste<\/li>\n<li>\n<p data-spm-anchor-id=\"a2g0o.detail.1000023.i4.1539lRTZlRTZje\">Sistemas de telecomunica\u00e7\u00f5es<\/p>\n<\/li>\n<\/ul>\n<h3>Especifica\u00e7\u00e3o<\/h3>\n<table width=\"413\">\n<tbody>\n<tr>\n<td width=\"173\">Modelo<\/td>\n<td width=\"240\">LL-QC-55-SCAPC<\/td>\n<\/tr>\n<tr>\n<td>Perda de inser\u00e7\u00e3o<\/td>\n<td>menor ou igual a 0,3dB<\/td>\n<\/tr>\n<tr>\n<td>Perda de retorno<\/td>\n<td>maior ou igual a 50dB<\/td>\n<\/tr>\n<tr>\n<td>Comprimento<\/td>\n<td>55 mm<\/td>\n<\/tr>\n<tr>\n<td>Temperatura operacional<\/td>\n<td>-40~+85 graus Celsius<\/td>\n<\/tr>\n<tr>\n<td>Reutiliza\u00e7\u00e3o<\/td>\n<td>Suporte<\/td>\n<\/tr>\n<tr>\n<td>Teste padr\u00e3o<\/td>\n<td>para queda, tens\u00e3o, vibra\u00e7\u00e3o e tor\u00e7\u00e3o.<\/td>\n<\/tr>\n<\/tbody>\n<\/table>","protected":false},"excerpt":{"rendered":"<p>Conector FTTH SC APC Cabo de fibra \u00f3ptica Conector r\u00e1pido Adaptador de conex\u00e3o fria r\u00e1pida para rede FTTH\/CATV<\/p>","protected":false},"featured_media":12911,"comment_status":"open","ping_status":"closed","template":"","meta":[],"product_brand":[],"product_cat":[368],"product_tag":[277,306],"class_list":{"0":"post-12871","1":"product","2":"type-product","3":"status-publish","4":"has-post-thumbnail","6":"product_cat-quick-connector-and-connector-panel","7":"product_tag-optical-fiber-connector","8":"product_tag-sc-apc","10":"first","11":"instock","12":"shipping-taxable","13":"purchasable","14":"product-type-variable","15":"has-default-attributes"},"_links":{"self":[{"href":"https:\/\/www.luleey.com\/pt\/wp-json\/wp\/v2\/product\/12871","targetHints":{"allow":["GET"]}}],"collection":[{"href":"https:\/\/www.luleey.com\/pt\/wp-json\/wp\/v2\/product"}],"about":[{"href":"https:\/\/www.luleey.com\/pt\/wp-json\/wp\/v2\/types\/product"}],"replies":[{"embeddable":true,"href":"https:\/\/www.luleey.com\/pt\/wp-json\/wp\/v2\/comments?post=12871"}],"wp:featuredmedia":[{"embeddable":true,"href":"https:\/\/www.luleey.com\/pt\/wp-json\/wp\/v2\/media\/12911"}],"wp:attachment":[{"href":"https:\/\/www.luleey.com\/pt\/wp-json\/wp\/v2\/media?parent=12871"}],"wp:term":[{"taxonomy":"product_brand","embeddable":true,"href":"https:\/\/www.luleey.com\/pt\/wp-json\/wp\/v2\/product_brand?post=12871"},{"taxonomy":"product_cat","embeddable":true,"href":"https:\/\/www.luleey.com\/pt\/wp-json\/wp\/v2\/product_cat?post=12871"},{"taxonomy":"product_tag","embeddable":true,"href":"https:\/\/www.luleey.com\/pt\/wp-json\/wp\/v2\/product_tag?post=12871"}],"curies":[{"name":"wp","href":"https:\/\/api.w.org\/{rel}","templated":true}]}}