{"id":12893,"date":"2024-07-19T00:58:16","date_gmt":"2024-07-18T16:58:16","guid":{"rendered":"https:\/\/www.luleey.com\/?post_type=product&#038;p=12893"},"modified":"2024-12-17T10:48:37","modified_gmt":"2024-12-17T02:48:37","slug":"24-port-2-5g-poe-ethernet-switch-l3-layers-management-switch","status":"publish","type":"product","link":"https:\/\/www.luleey.com\/pt\/produto\/24-port-2-5g-poe-ethernet-switch-l3-layers-management-switch\/","title":{"rendered":"Switch Ethernet 2.5G POE de 24 portas Switch de gerenciamento de camadas L3"},"content":{"rendered":"<h3><span style=\"font-family: arial, helvetica, sans-serif;\">Recursos<\/span><\/h3>\n<ol>\n<li style=\"font-size: 16px;\"><span style=\"font-family: arial, helvetica, sans-serif;\">Taxa de transmiss\u00e3o 2,5G\uff0cComutador Ethernet 2,5G\u00a0<\/span><\/li>\n<li style=\"font-size: 16px;\"><span style=\"font-family: arial, helvetica, sans-serif;\">Suporta 10G SFP+, switch 10gb<\/span><\/li>\n<li style=\"font-size: 16px;\"><span style=\"font-family: arial, helvetica, sans-serif;\">Oferece suporte ao gerenciamento de rede em tr\u00eas camadas<\/span><\/li>\n<li style=\"font-size: 16px;\"><span style=\"font-family: arial, helvetica, sans-serif;\">V\u00e1rios protocolos de roteamento, camadas L3 Switch de gerenciamento<\/span><\/li>\n<li style=\"font-size: 16px;\"><span style=\"font-family: arial, helvetica, sans-serif;\">Cache de 16M<\/span><\/li>\n<li style=\"font-size: 16px;\"><span style=\"font-family: arial, helvetica, sans-serif;\">Prote\u00e7\u00e3o contra raios de 4KV<\/span><\/li>\n<li style=\"font-size: 16px;\"><span style=\"font-family: arial, helvetica, sans-serif;\">Resist\u00eancia a altas e baixas temperaturas<\/span><\/li>\n<li><span style=\"font-family: arial, helvetica, sans-serif;\">Switch Ethernet POE com sa\u00edda de energia PoE de 400W, 1-4 portas com sa\u00edda de energia PoE de no m\u00e1ximo 90W, 5-9 portas com sa\u00edda de energia PoE de no m\u00e1ximo 30W<\/span><\/li>\n<\/ol>\n<h3><span style=\"font-family: arial, helvetica, sans-serif;\">Especifica\u00e7\u00e3o<\/span><\/h3>\n<table style=\"border-collapse: collapse; width: 64.7191%; height: 876px;\">\n<tbody>\n<tr style=\"height: 45px;\">\n<td style=\"width: 21.3858%; height: 45px;\"><span style=\"font-family: arial, helvetica, sans-serif;\">Modelo<\/span><\/td>\n<td style=\"width: 75.6944%; height: 45px;\" width=\"284\"><span style=\"font-family: arial, helvetica, sans-serif;\">LL-L3MES-SW-2.5G-24POE-6SFP+<\/span><\/td>\n<\/tr>\n<tr style=\"height: 46px;\">\n<td style=\"width: 21.3858%; height: 46px;\"><span style=\"font-family: arial, helvetica, sans-serif;\">\u00a0Porto<\/span><\/td>\n<td style=\"width: 75.6944%; height: 46px;\" width=\"739\"><span style=\"font-family: arial, helvetica, sans-serif;\">Porta Ethernet PoE 24 x 100\/1000\/2500M<\/span><br \/>\n<span style=\"font-family: arial, helvetica, sans-serif;\">6 x porta SFP+<\/span><br \/>\n<span style=\"font-family: arial, helvetica, sans-serif;\">1 x porta de console<\/span><\/td>\n<\/tr>\n<tr style=\"height: 106px;\">\n<td style=\"width: 21.3858%; height: 106px;\"><span style=\"font-family: arial, helvetica, sans-serif;\">Protocolo de rede<\/span><\/td>\n<td style=\"width: 75.6944%; height: 106px;\"><span style=\"font-family: arial, helvetica, sans-serif;\">IEEE802.3<\/span><br \/>\n<span style=\"font-family: arial, helvetica, sans-serif;\">IEEE802.3u<\/span><br \/>\n<span style=\"font-family: arial, helvetica, sans-serif;\">IEEE 802.3ab<\/span><br \/>\n<span style=\"font-family: arial, helvetica, sans-serif;\">IEEE802.3z<\/span><br \/>\n<span style=\"font-family: arial, helvetica, sans-serif;\">IEEE 802.3ae<\/span><br \/>\n<span style=\"font-family: arial, helvetica, sans-serif;\">IEEE802.3x<\/span><br \/>\n<span style=\"font-family: arial, helvetica, sans-serif;\">IEEE 802.3az<\/span><br \/>\n<span style=\"font-family: arial, helvetica, sans-serif;\">IEEE 802.3ad<\/span><br \/>\n<span style=\"font-family: arial, helvetica, sans-serif;\">IEEE 802.1AB LLDP\/LLDP MED<\/span><br \/>\n<span style=\"font-family: arial, helvetica, sans-serif;\">Protocolo IEEE 802.1D Spanning Tree<\/span><br \/>\n<span style=\"font-family: arial, helvetica, sans-serif;\">IEEE 802.1W RSTP<\/span><br \/>\n<span style=\"font-family: arial, helvetica, sans-serif;\">IEEE 802.1s MSTP<\/span><br \/>\n<span style=\"font-family: arial, helvetica, sans-serif;\">IEEE802.1Q<\/span><br \/>\n<span style=\"font-family: arial, helvetica, sans-serif;\">IEEE 802.1p<\/span><br \/>\n<span style=\"font-family: arial, helvetica, sans-serif;\">IEEE802.1X<\/span><\/td>\n<\/tr>\n<tr style=\"height: 261px;\">\n<td style=\"width: 21.3858%; height: 261px;\"><span style=\"font-family: arial, helvetica, sans-serif;\">Desempenho<\/span><\/td>\n<td style=\"width: 75.6944%; height: 261px;\"><span style=\"font-family: arial, helvetica, sans-serif;\">Largura de banda do backplane: 240 Gbps<\/span><br \/>\n<span style=\"font-family: arial, helvetica, sans-serif;\">Taxa de encaminhamento de pacotes: 178,56Mpps<\/span><br \/>\n<span style=\"font-family: arial, helvetica, sans-serif;\">Mem\u00f3ria DDR: 512MByte<\/span><br \/>\n<span style=\"font-family: arial, helvetica, sans-serif;\">Flash: 32 MByte<\/span><br \/>\n<span style=\"font-family: arial, helvetica, sans-serif;\">Tabela de endere\u00e7os MAC: 32K<\/span><br \/>\n<span style=\"font-family: arial, helvetica, sans-serif;\">Cache de pacote: 16Mbit<\/span><br \/>\n<span style=\"font-family: arial, helvetica, sans-serif;\">Quadro gigante: 10K bytes<\/span><br \/>\n<span style=\"font-family: arial, helvetica, sans-serif;\">VLANs: Intervalo de VLANs de 1-4094, o m\u00e1ximo de VLANs ativas \u00e9 4K<\/span><\/td>\n<\/tr>\n<tr style=\"height: 50px;\">\n<td style=\"width: 21.3858%; height: 50px;\"><span style=\"font-family: arial, helvetica, sans-serif;\">Tens\u00e3o de alimenta\u00e7\u00e3o<\/span><\/td>\n<td style=\"width: 75.6944%; height: 50px;\"><span style=\"font-family: arial, helvetica, sans-serif;\">Tens\u00e3o de trabalho: AC100-240V, 50\/60Hz<\/span><br \/>\n<span style=\"font-family: arial, helvetica, sans-serif;\">Fonte de alimenta\u00e7\u00e3o: DC54 V7.69A , 12V5A<\/span><br \/>\n<span style=\"font-family: arial, helvetica, sans-serif;\">Sa\u00edda POE: m\u00e1ximo de 400W<\/span><\/td>\n<\/tr>\n<tr style=\"height: 46px;\">\n<td style=\"width: 21.3858%; height: 46px;\"><span style=\"font-family: arial, helvetica, sans-serif;\">Estrutura f\u00edsica<\/span><\/td>\n<td style=\"width: 75.6944%; height: 46px;\"><span style=\"font-family: arial, helvetica, sans-serif;\">Instala\u00e7\u00e3o: Instala\u00e7\u00e3o em rack 1U padr\u00e3o, instala\u00e7\u00e3o em desktop<\/span><br \/>\n<span style=\"font-family: arial, helvetica, sans-serif;\">Tamanho do produto (LXWXH): 440 x 281 x 44MM <\/span><span style=\"font-family: arial, helvetica, sans-serif;\">Tamanho da embalagem (LXWXH): 500 x 365 x 85MM<\/span><\/td>\n<\/tr>\n<tr style=\"height: 46px;\">\n<td style=\"width: 21.3858%; height: 46px;\">Fun\u00e7\u00e3o L3<\/td>\n<td style=\"width: 75.6944%; height: 46px;\">Roteamento, RIP, OSPF, IPV4, IPV6<\/td>\n<\/tr>\n<tr style=\"height: 46px;\">\n<td style=\"width: 21.3858%; height: 46px;\">Fun\u00e7\u00e3o L2<\/td>\n<td style=\"width: 75.6944%; height: 46px;\">Configura\u00e7\u00e3o de porta, agrega\u00e7\u00e3o de caminho, controle de burst, espelhamento de porta, seguran\u00e7a de porta, isolamento de porta, limita\u00e7\u00e3o de velocidade de porta, teste de estrada, VLAN, endere\u00e7o MAC, gera\u00e7\u00e3o, LLDP, reprodu\u00e7\u00e3o, QOS<\/td>\n<\/tr>\n<tr style=\"height: 46px;\">\n<td style=\"width: 21.3858%; height: 46px;\"><span style=\"font-family: arial, helvetica, sans-serif;\">Luz indicadora:<\/span><\/td>\n<td style=\"width: 75.6944%; height: 46px;\"><span style=\"font-family: arial, helvetica, sans-serif;\">PWR (luz de energia), SYS (luz do sistema), luz de energia PoE Link\/ACT (luz de dados), PoE (luz indicadora de PoE) Luz da porta SFP<\/span><\/td>\n<\/tr>\n<tr style=\"height: 46px;\">\n<td style=\"width: 21.3858%; height: 46px;\"><span style=\"font-family: arial, helvetica, sans-serif;\">Ambiente de trabalho<\/span><\/td>\n<td style=\"width: 75.6944%; height: 46px;\"><span style=\"font-family: arial, helvetica, sans-serif;\">Temperatura de trabalho: -10~50 \u2103<\/span><\/p>\n<p><span style=\"font-family: arial, helvetica, sans-serif;\">Temperatura de armazenamento: -40~70 \u2103<\/span><\/p>\n<p><span style=\"font-family: arial, helvetica, sans-serif;\">Umidade de trabalho: 10%~90%, sem condensa\u00e7\u00e3o<\/span><\/p>\n<p><span style=\"font-family: arial, helvetica, sans-serif;\">Umidade de armazenamento: 5%~90%, sem condensa\u00e7\u00e3o<\/span><\/td>\n<\/tr>\n<\/tbody>\n<\/table>\n<p>&nbsp;<\/p>","protected":false},"excerpt":{"rendered":"<p><span style=\"font-family: arial, helvetica, sans-serif;\">O switch de gerenciamento oferece 24 portas POE adapt\u00e1veis de 100\/1000\/2500M, 6 portas SFP+ de 10 Gb, switch de 10 Gb e 1 porta de console; uma estrat\u00e9gia abrangente de controle de seguran\u00e7a e uma pol\u00edtica de prote\u00e7\u00e3o da CPU (pol\u00edtica CPUProtect) aumentam a toler\u00e2ncia a falhas, garantindo uma opera\u00e7\u00e3o est\u00e1vel da rede e o balanceamento de carga dos links; o dispositivo oferece suporte \u00e0 preven\u00e7\u00e3o autom\u00e1tica de ataques DoS e aos protocolos SNMP, IEEE802.1, spanning tree e fast spanning tree, agrega\u00e7\u00e3o de links e outras fun\u00e7\u00f5es. Os recursos avan\u00e7ados de seguran\u00e7a e a Qualidade de Servi\u00e7o (QoS) podem ser usados como switches de n\u00facleo, distribu\u00eddos ou de camada de acesso com alta densidade de portas e facilidade de gerenciamento.<\/span><\/p>","protected":false},"featured_media":12935,"comment_status":"open","ping_status":"closed","template":"","meta":[],"product_brand":[],"product_cat":[258,290],"product_tag":[124,132,208,244,289,322],"class_list":{"0":"post-12893","1":"product","2":"type-product","3":"status-publish","4":"has-post-thumbnail","6":"product_cat-managed-switches","7":"product_cat-poe-switches","8":"product_tag-2-5g","9":"product_tag-24-port","10":"product_tag-ethernet-switch","11":"product_tag-l3-managed","12":"product_tag-poe","13":"product_tag-sfp","15":"first","16":"instock","17":"shipping-taxable","18":"purchasable","19":"product-type-variable"},"_links":{"self":[{"href":"https:\/\/www.luleey.com\/pt\/wp-json\/wp\/v2\/product\/12893","targetHints":{"allow":["GET"]}}],"collection":[{"href":"https:\/\/www.luleey.com\/pt\/wp-json\/wp\/v2\/product"}],"about":[{"href":"https:\/\/www.luleey.com\/pt\/wp-json\/wp\/v2\/types\/product"}],"replies":[{"embeddable":true,"href":"https:\/\/www.luleey.com\/pt\/wp-json\/wp\/v2\/comments?post=12893"}],"wp:featuredmedia":[{"embeddable":true,"href":"https:\/\/www.luleey.com\/pt\/wp-json\/wp\/v2\/media\/12935"}],"wp:attachment":[{"href":"https:\/\/www.luleey.com\/pt\/wp-json\/wp\/v2\/media?parent=12893"}],"wp:term":[{"taxonomy":"product_brand","embeddable":true,"href":"https:\/\/www.luleey.com\/pt\/wp-json\/wp\/v2\/product_brand?post=12893"},{"taxonomy":"product_cat","embeddable":true,"href":"https:\/\/www.luleey.com\/pt\/wp-json\/wp\/v2\/product_cat?post=12893"},{"taxonomy":"product_tag","embeddable":true,"href":"https:\/\/www.luleey.com\/pt\/wp-json\/wp\/v2\/product_tag?post=12893"}],"curies":[{"name":"wp","href":"https:\/\/api.w.org\/{rel}","templated":true}]}}