{"id":12899,"date":"2024-07-19T00:58:17","date_gmt":"2024-07-18T16:58:17","guid":{"rendered":"https:\/\/www.luleey.com\/?post_type=product&#038;p=12899"},"modified":"2025-08-13T00:24:03","modified_gmt":"2025-08-12T16:24:03","slug":"6-port-2-5g-l2-managed-ethernet-switch","status":"publish","type":"product","link":"https:\/\/www.luleey.com\/pt\/produto\/6-port-2-5g-l2-managed-ethernet-switch\/","title":{"rendered":"Switch Ethernet gerenciado 2.5G L2+ de 6 portas"},"content":{"rendered":"<h3>Recursos<\/h3>\n<ol>\n<li>Porta Ethernet de alta velocidade: 4 x porta adapt\u00e1vel 10M\/100M\/1000M\/2,5G<\/li>\n<li>Vers\u00e3o POE opcional: suporta o protocolo padr\u00e3o 802.3AF\/AT, com uma pot\u00eancia m\u00e1xima de 30 W em uma \u00fanica porta, o que ajuda a implantar redes de seguran\u00e7a<\/li>\n<li>Encaminhamento de alta velocidade: A integra\u00e7\u00e3o interna do cache de alta capacidade reduz efetivamente a lat\u00eancia do encaminhamento de dados, e todas as portas podem alcan\u00e7ar o encaminhamento de velocidade de linha sem bloqueio<\/li>\n<li>Dissipa\u00e7\u00e3o de calor eficiente: material met\u00e1lico, sa\u00eddas de ar de dupla face<\/li>\n<li>Plug and Play: Dependendo do tipo de cabo de rede inserido, a invers\u00e3o MDI\/MDIX pode ser executada automaticamente e a efici\u00eancia da porta pode ser negociada automaticamente sem nenhuma configura\u00e7\u00e3o.<\/li>\n<li>Velocidade da porta: portas de 4\u00d72,5 Gbps, porta de uplink SFP+ de 2x10G<\/li>\n<li>Consumo de energia da m\u00e1quina: \u226412W DC12V 1.0A<\/li>\n<li>Prote\u00e7\u00e3o contra raios de 6kV<\/li>\n<li>Suporte ao gerenciamento da web<\/li>\n<li>suporte a vlan<\/li>\n<li>suporte \u00e0 agrega\u00e7\u00e3o de links<\/li>\n<li>\n<div class=\"Trans__text__2R-61\">detec\u00e7\u00e3o de loop<\/div>\n<div class=\"Trans__tool__3zP13\">\n<div class=\"Trans__phmWrap__1mU_w\">\n<div class=\"Sound__soundBtn__1d159 Trans__soundBtn__2e6tk\"><\/div>\n<\/div>\n<\/div>\n<\/li>\n<\/ol>\n<p><strong>Prote\u00e7\u00e3o contra raios 4KT<\/strong><br \/>\n1. O inv\u00f3lucro do switch Ethernet 2.5G \u00e9 feito de chapas met\u00e1licas de alta qualidade e tem efeito de prote\u00e7\u00e3o contra raios de alta resist\u00eancia.<br \/>\n2. Ele pode ser usado mesmo em ambientes externos com condi\u00e7\u00f5es clim\u00e1ticas adversas.<\/p>\n<p><strong>Plug and play, sem necessidade de configura\u00e7\u00e3o<\/strong><br \/>\n1. N\u00e3o s\u00e3o necess\u00e1rias configura\u00e7\u00f5es, suporta hot swapping<br \/>\n2. Conecte a fibra \u00f3ptica e o cabo de rede para usar<\/p>\n<p><strong>Ampla gama de aplica\u00e7\u00f5es<\/strong><\/p>\n<ol>\n<li>Hospital<\/li>\n<li>Empresa<\/li>\n<li>Escola<\/li>\n<li>Supermercado<\/li>\n<li>Fam\u00edlia NAS<\/li>\n<li>acesso ao gpon stick<\/li>\n<\/ol>\n<p>&nbsp;<\/p>\n<h3>Especifica\u00e7\u00e3o<\/h3>\n<table style=\"width: 1334px;\" width=\"790\">\n<tbody>\n<tr>\n<td style=\"width: 387px;\">Modelo<\/td>\n<td style=\"width: 947px;\" width=\"284\">LL-L2+MES-425GE2SFP+<\/td>\n<\/tr>\n<tr>\n<td style=\"width: 387px;\" width=\"229\">Entrada de energia<\/td>\n<td style=\"width: 947px;\" width=\"561\">\u00a0AC 100-240V<\/td>\n<\/tr>\n<tr>\n<td style=\"width: 387px;\">Taxa de encaminhamento de pacotes<\/td>\n<td style=\"width: 947px;\">\u00a044,64 Mbps<\/td>\n<\/tr>\n<tr>\n<td style=\"width: 387px;\">Endere\u00e7o MAC<\/td>\n<td style=\"width: 947px;\">\u00a04K<\/td>\n<\/tr>\n<tr>\n<td style=\"width: 387px;\">Largura de banda do backplane<\/td>\n<td style=\"width: 947px;\">\u00a060Gbps<\/td>\n<\/tr>\n<tr>\n<td style=\"width: 387px;\">Modo de avan\u00e7o<\/td>\n<td style=\"width: 947px;\">\u00a0armazenar e encaminhar<\/td>\n<\/tr>\n<tr>\n<td style=\"width: 387px;\">Protocolo de rede<\/td>\n<td style=\"width: 947px;\">\u00a0IEEE802.3 IEEE802.3u IEEE802.3x IEEE802.3ab IEEE802.3bz<\/td>\n<\/tr>\n<tr>\n<td style=\"width: 387px;\">Requisitos de m\u00eddia de rede<\/td>\n<td style=\"width: 947px;\">\u00a010\/100\/1000BASE-TX, par tran\u00e7ado n\u00e3o blindado Cat 6 e superior<\/td>\n<\/tr>\n<tr>\n<td style=\"width: 387px;\">Dist\u00e2ncia de transmiss\u00e3o do cabo de rede<\/td>\n<td style=\"width: 947px;\">\u00a0menor ou igual a 100 metros<\/td>\n<\/tr>\n<tr>\n<td style=\"width: 387px;\">Fun\u00e7\u00f5es da porta de rede<\/td>\n<td style=\"width: 947px;\">\u00a0encaminhamento r\u00e1pido, aprendizado e envelhecimento autom\u00e1ticos de MAC, controle de fluxo full-duplex IEEE802.3X e controle de fluxo half-duplex Backpressure<\/td>\n<\/tr>\n<tr>\n<td style=\"width: 387px;\">Temperatura de trabalho<\/td>\n<td style=\"width: 947px;\">\u00a0-10\u2103~55\u2103<\/td>\n<\/tr>\n<tr>\n<td style=\"width: 387px;\">Temperatura de armazenamento<\/td>\n<td style=\"width: 947px;\">\u00a0-40\u2103~85\u2103<\/td>\n<\/tr>\n<tr>\n<td style=\"width: 387px;\">Tamanho<\/td>\n<td style=\"width: 947px;\">\u00a0140 mm*92 mm*28 mm<\/td>\n<\/tr>\n<\/tbody>\n<\/table>","protected":false},"excerpt":{"rendered":"<p>Switch Ethernet 5G, o encaminhamento de velocidade de linha \u00e9 mais suave<br \/>\n1. Adotar o mecanismo de encaminhamento rural e integrar internamente o cache de alta capacidade<br \/>\n2. Reduzir efetivamente o atraso no encaminhamento de dados e melhorar a efici\u00eancia do encaminhamento<br \/>\n3. Todas as portas implementam encaminhamento de velocidade de linha sem bloqueio, tornando a transmiss\u00e3o de dados mais suave.<\/p>","protected":false},"featured_media":18858,"comment_status":"open","ping_status":"closed","template":"","meta":[],"product_brand":[],"product_cat":[258],"product_tag":[124,166,208,243,322],"class_list":{"0":"post-12899","1":"product","2":"type-product","3":"status-publish","4":"has-post-thumbnail","6":"product_cat-managed-switches","7":"product_tag-2-5g","8":"product_tag-6-port","9":"product_tag-ethernet-switch","10":"product_tag-l2-managed","11":"product_tag-sfp","13":"first","14":"instock","15":"shipping-taxable","16":"purchasable","17":"product-type-variable"},"_links":{"self":[{"href":"https:\/\/www.luleey.com\/pt\/wp-json\/wp\/v2\/product\/12899","targetHints":{"allow":["GET"]}}],"collection":[{"href":"https:\/\/www.luleey.com\/pt\/wp-json\/wp\/v2\/product"}],"about":[{"href":"https:\/\/www.luleey.com\/pt\/wp-json\/wp\/v2\/types\/product"}],"replies":[{"embeddable":true,"href":"https:\/\/www.luleey.com\/pt\/wp-json\/wp\/v2\/comments?post=12899"}],"wp:featuredmedia":[{"embeddable":true,"href":"https:\/\/www.luleey.com\/pt\/wp-json\/wp\/v2\/media\/18858"}],"wp:attachment":[{"href":"https:\/\/www.luleey.com\/pt\/wp-json\/wp\/v2\/media?parent=12899"}],"wp:term":[{"taxonomy":"product_brand","embeddable":true,"href":"https:\/\/www.luleey.com\/pt\/wp-json\/wp\/v2\/product_brand?post=12899"},{"taxonomy":"product_cat","embeddable":true,"href":"https:\/\/www.luleey.com\/pt\/wp-json\/wp\/v2\/product_cat?post=12899"},{"taxonomy":"product_tag","embeddable":true,"href":"https:\/\/www.luleey.com\/pt\/wp-json\/wp\/v2\/product_tag?post=12899"}],"curies":[{"name":"wp","href":"https:\/\/api.w.org\/{rel}","templated":true}]}}