{"id":12918,"date":"2024-07-19T00:58:40","date_gmt":"2024-07-18T16:58:40","guid":{"rendered":"https:\/\/www.luleey.com\/?post_type=product&#038;p=12918"},"modified":"2024-12-17T10:51:19","modified_gmt":"2024-12-17T02:51:19","slug":"48-port-2-5g-switch-l3-managed-switch","status":"publish","type":"product","link":"https:\/\/www.luleey.com\/pt\/produto\/48-port-2-5g-switch-l3-managed-switch\/","title":{"rendered":"Switch L3 gerenciado de 48 portas 2.5G"},"content":{"rendered":"<h3><span style=\"font-family: arial, helvetica, sans-serif;\">Recursos<\/span><\/h3>\n<ol>\n<li><span style=\"font-family: arial, helvetica, sans-serif;\">Switch 2.5G de 48 portas, porta Ethernet 48\u00d72.5g<\/span><\/li>\n<li><span style=\"font-family: arial, helvetica, sans-serif;\">4x10G SFP+ports<\/span><\/li>\n<li><span style=\"font-family: arial, helvetica, sans-serif;\">2x portas 40G<\/span><\/li>\n<li><span style=\"font-family: arial, helvetica, sans-serif;\">Suporte a tr\u00eas camadas\u00a0<\/span><\/li>\n<li><span style=\"font-family: arial, helvetica, sans-serif;\">Suporte a IPV6<\/span><\/li>\n<li><span style=\"font-family: arial, helvetica, sans-serif;\">Suporte \u00e0 prote\u00e7\u00e3o contra raios de 6kV<\/span><\/li>\n<li><span style=\"font-family: arial, helvetica, sans-serif;\">Cache de 72 MB<\/span><\/li>\n<li><span style=\"font-family: arial, helvetica, sans-serif;\">4x ventilador silencioso<\/span><\/li>\n<li><span style=\"font-family: arial, helvetica, sans-serif;\">Cen\u00e1rios de uso: empresas de alta velocidade, cibercaf\u00e9s, hot\u00e9is de esportes eletr\u00f4nicos<\/span><\/li>\n<\/ol>\n<h3><span style=\"font-family: arial, helvetica, sans-serif;\">Especifica\u00e7\u00e3o<\/span><\/h3>\n<table>\n<tbody>\n<tr>\n<td><span style=\"font-family: arial, helvetica, sans-serif;\">Modelo<\/span><\/td>\n<td width=\"284\"><span style=\"font-family: arial, helvetica, sans-serif;\">LL-L3MES-SW-2.5G48-40G<\/span><\/td>\n<\/tr>\n<tr>\n<td><span style=\"font-family: arial, helvetica, sans-serif;\">\u00a0Porto<\/span><\/td>\n<td width=\"739\"><span style=\"font-family: arial, helvetica, sans-serif;\">Porta Ethernet 48 x 100\/1000\/2500M<\/span><\/p>\n<p><span style=\"font-family: arial, helvetica, sans-serif;\">4 x porta SFP+<\/span><\/p>\n<p><span style=\"font-family: arial, helvetica, sans-serif;\">2xQSFP+ 40Gbps<\/span><\/p>\n<p><span style=\"font-family: arial, helvetica, sans-serif;\">1x Porta de gerenciamento<\/span><\/p>\n<p><span style=\"font-family: arial, helvetica, sans-serif;\">1 x porta de console<\/span><\/td>\n<\/tr>\n<tr>\n<td><span style=\"font-family: arial, helvetica, sans-serif;\">Capacidade de comuta\u00e7\u00e3o<\/span><\/td>\n<td><span style=\"font-family: arial, helvetica, sans-serif;\">1,28Tbps<\/span><\/td>\n<\/tr>\n<tr>\n<td><span style=\"font-family: arial, helvetica, sans-serif;\">Taxa de encaminhamento de pacotes<\/span><\/td>\n<td><span style=\"font-family: arial, helvetica, sans-serif;\">952,32Mpps<\/span><\/td>\n<\/tr>\n<tr>\n<td><span style=\"font-family: arial, helvetica, sans-serif;\">Tamanho da apar\u00eancia<\/span><\/td>\n<td><span style=\"font-family: arial, helvetica, sans-serif;\">1U19 polegadas<\/span><\/td>\n<\/tr>\n<tr>\n<td><span style=\"font-family: arial, helvetica, sans-serif;\">Fonte de alimenta\u00e7\u00e3o de entrada<\/span><\/td>\n<td><span style=\"font-family: arial, helvetica, sans-serif;\">CA: 110-240V\/50-60Hz<\/span><\/td>\n<\/tr>\n<tr>\n<td><span style=\"font-family: arial, helvetica, sans-serif;\">Recursos do software L3<\/span><\/td>\n<td><span style=\"font-family: arial, helvetica, sans-serif;\">ERPS\/ECMP\/MLAG\/IGMP Snooping\/SNMP\/DHCP Server\/DoS\/controle de ACL\/LACP\/endere\u00e7o MAC\/QoS\/Link Aggregation\/Spanning Tree e muito mais.<\/span><\/td>\n<\/tr>\n<tr>\n<td><span style=\"font-family: arial, helvetica, sans-serif;\">tamanho<\/span><\/td>\n<td><span style=\"font-family: arial, helvetica, sans-serif;\">442*290*44mm<\/span><\/td>\n<\/tr>\n<tr>\n<td><span style=\"font-family: arial, helvetica, sans-serif;\">Ambiente de trabalho<\/span><\/td>\n<td><span style=\"font-family: arial, helvetica, sans-serif;\">Temperatura de trabalho: -5~50 \u2103<\/span><\/p>\n<p><span style=\"font-family: arial, helvetica, sans-serif;\">Temperatura de armazenamento: -20~70 \u2103<\/span><\/p>\n<p><span style=\"font-family: arial, helvetica, sans-serif;\">Umidade de trabalho: 10%~90%, sem condensa\u00e7\u00e3o<\/span><\/p>\n<p><span style=\"font-family: arial, helvetica, sans-serif;\">Umidade de armazenamento: 5%~90%, sem condensa\u00e7\u00e3o<\/span><\/td>\n<\/tr>\n<\/tbody>\n<\/table>","protected":false},"excerpt":{"rendered":"<p>OAM Ethernet inteligente, com suporte para descoberta de ponta a ponta, monitoramento de links e notifica\u00e7\u00e3o de falhas<br \/>\nA ventoinha suporta a regulagem inteligente da velocidade e o monitoramento em tempo real da temperatura, da fonte de alimenta\u00e7\u00e3o e do status da ventoinha do chipset<br \/>\nSwitch 2.5G de 48 portas, compat\u00edvel com portas como 2.5G\/10G\/40G<br \/>\nAtender a cen\u00e1rios de aplicativos, como redes de \u00e1rea metropolitana, redes corporativas e data centers<br \/>\nSuporte \u00e0 configura\u00e7\u00e3o WEB de roteamento de tr\u00eas camadas<\/p>","protected":false},"featured_media":12943,"comment_status":"open","ping_status":"closed","template":"","meta":[],"product_brand":[],"product_cat":[258],"product_tag":[124,151,208,244,322],"class_list":{"0":"post-12918","1":"product","2":"type-product","3":"status-publish","4":"has-post-thumbnail","6":"product_cat-managed-switches","7":"product_tag-2-5g","8":"product_tag-48-port","9":"product_tag-ethernet-switch","10":"product_tag-l3-managed","11":"product_tag-sfp","13":"first","14":"instock","15":"shipping-taxable","16":"purchasable","17":"product-type-variable"},"_links":{"self":[{"href":"https:\/\/www.luleey.com\/pt\/wp-json\/wp\/v2\/product\/12918","targetHints":{"allow":["GET"]}}],"collection":[{"href":"https:\/\/www.luleey.com\/pt\/wp-json\/wp\/v2\/product"}],"about":[{"href":"https:\/\/www.luleey.com\/pt\/wp-json\/wp\/v2\/types\/product"}],"replies":[{"embeddable":true,"href":"https:\/\/www.luleey.com\/pt\/wp-json\/wp\/v2\/comments?post=12918"}],"wp:featuredmedia":[{"embeddable":true,"href":"https:\/\/www.luleey.com\/pt\/wp-json\/wp\/v2\/media\/12943"}],"wp:attachment":[{"href":"https:\/\/www.luleey.com\/pt\/wp-json\/wp\/v2\/media?parent=12918"}],"wp:term":[{"taxonomy":"product_brand","embeddable":true,"href":"https:\/\/www.luleey.com\/pt\/wp-json\/wp\/v2\/product_brand?post=12918"},{"taxonomy":"product_cat","embeddable":true,"href":"https:\/\/www.luleey.com\/pt\/wp-json\/wp\/v2\/product_cat?post=12918"},{"taxonomy":"product_tag","embeddable":true,"href":"https:\/\/www.luleey.com\/pt\/wp-json\/wp\/v2\/product_tag?post=12918"}],"curies":[{"name":"wp","href":"https:\/\/api.w.org\/{rel}","templated":true}]}}