{"id":12959,"date":"2024-07-19T00:59:09","date_gmt":"2024-07-18T16:59:09","guid":{"rendered":"https:\/\/www.luleey.com\/?post_type=product&#038;p=12959"},"modified":"2025-02-20T22:35:16","modified_gmt":"2025-02-20T14:35:16","slug":"plc-splitter-1x32-sc-apc-upc","status":"publish","type":"product","link":"https:\/\/www.luleey.com\/pt\/produto\/plc-splitter-1x32-sc-apc-upc\/","title":{"rendered":"Divisor PLC 1\u00d732 SC APC \/ UPC"},"content":{"rendered":"<p><span style=\"font-size: 1.5em; font-weight: bold;\">Especifica\u00e7\u00e3o<\/span><\/p>\n<div class=\"MachTrans__textWrap__1NtxT\">\n<div class=\"MachTrans__textWrap__1NtxT\">\n<table style=\"width: 100%; height: 636px;\" width=\"834\">\n<tbody>\n<tr style=\"height: 53px;\">\n<td style=\"height: 53px;\" width=\"273\">Modelo<\/td>\n<td style=\"height: 53px;\" width=\"561\">Divisor APC PLC 1\u00d732-0.9MM-SC<\/td>\n<\/tr>\n<tr style=\"height: 53px;\">\n<td style=\"height: 53px;\">Tipo de divisor<\/td>\n<td style=\"height: 53px;\">Divisor PLC<\/td>\n<\/tr>\n<tr style=\"height: 53px;\">\n<td style=\"height: 53px;\">Uso para<\/td>\n<td style=\"height: 53px;\">fibra \u00f3ptica<\/td>\n<\/tr>\n<tr style=\"height: 53px;\">\n<td style=\"height: 53px;\">Rede<\/td>\n<td style=\"height: 53px;\">LAN sem fio, wifi, 4g<\/td>\n<\/tr>\n<tr style=\"height: 53px;\">\n<td style=\"height: 53px;\">Comprimento de onda operacional (nm)<\/td>\n<td style=\"height: 53px;\">1260~1650<\/td>\n<\/tr>\n<tr style=\"height: 53px;\">\n<td style=\"height: 53px;\">Tipo de fibra<\/td>\n<td style=\"height: 53px;\">SMF-28e ou especificado pelo cliente<\/td>\n<\/tr>\n<tr style=\"height: 53px;\">\n<td style=\"height: 53px;\">OEM<\/td>\n<td style=\"height: 53px;\">Aceit\u00e1vel<\/td>\n<\/tr>\n<tr style=\"height: 53px;\">\n<td style=\"height: 53px;\">Marca do chip divisor<\/td>\n<td style=\"height: 53px;\">PPI<\/td>\n<\/tr>\n<tr style=\"height: 53px;\">\n<td style=\"height: 53px;\">Pacote<\/td>\n<td style=\"height: 53px;\">Caixa ou bolsa<\/td>\n<\/tr>\n<tr style=\"height: 53px;\">\n<td style=\"height: 53px;\">Tipo de conector<\/td>\n<td style=\"height: 53px;\">SC APC \/SC UPC<\/td>\n<\/tr>\n<tr style=\"height: 53px;\">\n<td style=\"height: 53px;\">Aplicativo<\/td>\n<td style=\"height: 53px;\">Telecomunica\u00e7\u00f5es<\/td>\n<\/tr>\n<tr style=\"height: 53px;\">\n<td style=\"height: 53px;\">\u00cdndice de divis\u00e3o<\/td>\n<td style=\"height: 53px;\">1\u00d74 1\u00d72 1\u00d78 1\u00d716 <strong>1\u00d732<\/strong><\/td>\n<\/tr>\n<\/tbody>\n<\/table>\n<\/div>\n<div class=\"MachTrans__text__duH8w\">\n<table style=\"width: 100%;\" border=\"0\" cellspacing=\"0\" cellpadding=\"0\">\n<tbody>\n<tr>\n<td style=\"width: 99.883%;\" colspan=\"14\"><span data-spm-anchor-id=\"a2g0o.detail.1000023.i1.71976ad1iBaGbp\">11xN (com conector)<\/span><\/td>\n<\/tr>\n<tr>\n<td style=\"width: 21.6058%;\" colspan=\"2\">\n<p data-spm-anchor-id=\"a2g0o.detail.1000023.i0.71976ad1iBaGbp\">(N\u00famero de canais)<\/p>\n<\/td>\n<td style=\"width: 5.9176%;\">1\u00d72<\/td>\n<td style=\"width: 5.9176%;\">1\u00d74<\/td>\n<td style=\"width: 6.29213%;\">1\u00d78<\/td>\n<td style=\"width: 6.59176%;\">1\u00d716<\/td>\n<td style=\"width: 7.19101%;\"><strong>1\u00d732<\/strong><\/td>\n<td style=\"width: 6.81648%;\">1\u00d764<\/td>\n<td style=\"width: 6.14232%;\">2\u00d72<\/td>\n<td style=\"width: 6.14232%;\">2\u00d74<\/td>\n<td style=\"width: 6.36704%;\">2\u00d78<\/td>\n<td style=\"width: 6.81648%;\">2\u00d716<\/td>\n<td style=\"width: 7.0412%;\">2\u00d732<\/td>\n<td style=\"width: 7.0412%;\">2\u00d764<\/td>\n<\/tr>\n<tr>\n<td style=\"width: 21.6058%;\" colspan=\"2\">(Comprimento de onda operacional)<\/td>\n<td style=\"width: 71.236%;\" colspan=\"11\">1260 a 1650<\/td>\n<td style=\"width: 7.0412%;\"><\/td>\n<\/tr>\n<tr>\n<td style=\"width: 21.6058%;\" colspan=\"2\">Perda de inser\u00e7\u00e3o de n\u00edvel P<\/td>\n<td style=\"width: 5.9176%;\">4<\/td>\n<td style=\"width: 5.9176%;\">7.4<\/td>\n<td style=\"width: 6.29213%;\">10.5<\/td>\n<td style=\"width: 6.59176%;\">13.7<\/td>\n<td style=\"width: 7.19101%;\">17<\/td>\n<td style=\"width: 6.81648%;\">20.3<\/td>\n<td style=\"width: 6.14232%;\">4.4<\/td>\n<td style=\"width: 6.14232%;\">7.6<\/td>\n<td style=\"width: 6.36704%;\">10.8<\/td>\n<td style=\"width: 6.81648%;\">14.1<\/td>\n<td style=\"width: 7.0412%;\">17.4<\/td>\n<td style=\"width: 7.0412%;\">20.7<\/td>\n<\/tr>\n<tr>\n<td style=\"width: 21.6058%;\" colspan=\"2\">Perda de inser\u00e7\u00e3o de n\u00edvel S<\/td>\n<td style=\"width: 5.9176%;\">4.2<\/td>\n<td style=\"width: 5.9176%;\">7.6<\/td>\n<td style=\"width: 6.29213%;\">10.7<\/td>\n<td style=\"width: 6.59176%;\">14<\/td>\n<td style=\"width: 7.19101%;\">17.3<\/td>\n<td style=\"width: 6.81648%;\">20.7<\/td>\n<td style=\"width: 6.14232%;\">4.6<\/td>\n<td style=\"width: 6.14232%;\">7.9<\/td>\n<td style=\"width: 6.36704%;\">11.2<\/td>\n<td style=\"width: 6.81648%;\">15<\/td>\n<td style=\"width: 7.0412%;\">18.1<\/td>\n<td style=\"width: 7.0412%;\">21.7<\/td>\n<\/tr>\n<tr>\n<td style=\"width: 21.6058%;\" colspan=\"2\">(Uniformidade)<\/td>\n<td style=\"width: 5.9176%;\">0.4<\/td>\n<td style=\"width: 5.9176%;\">0.6<\/td>\n<td style=\"width: 6.29213%;\">0.8<\/td>\n<td style=\"width: 6.59176%;\">1<\/td>\n<td style=\"width: 7.19101%;\">1.2<\/td>\n<td style=\"width: 6.81648%;\">1.6<\/td>\n<td style=\"width: 6.14232%;\">0.8<\/td>\n<td style=\"width: 6.14232%;\">1<\/td>\n<td style=\"width: 6.36704%;\">1.2<\/td>\n<td style=\"width: 6.81648%;\">1.5<\/td>\n<td style=\"width: 7.0412%;\">1.8<\/td>\n<td style=\"width: 7.0412%;\">2<\/td>\n<\/tr>\n<tr>\n<td style=\"width: 21.6058%;\" colspan=\"2\">(PDL)<\/td>\n<td style=\"width: 5.9176%;\">0.2<\/td>\n<td style=\"width: 5.9176%;\" data-spm-anchor-id=\"a2g0o.detail.1000023.i2.33868oAq8oAqiX\">0.3<\/td>\n<td style=\"width: 6.29213%;\">0.3<\/td>\n<td style=\"width: 6.59176%;\">0.3<\/td>\n<td style=\"width: 7.19101%;\">0.3<\/td>\n<td style=\"width: 6.81648%;\">0.5<\/td>\n<td style=\"width: 6.14232%;\">0.3<\/td>\n<td style=\"width: 6.14232%;\">0.3<\/td>\n<td style=\"width: 6.36704%;\">0.3<\/td>\n<td style=\"width: 6.81648%;\">0.3<\/td>\n<td style=\"width: 7.0412%;\">0.3<\/td>\n<td style=\"width: 7.0412%;\">0.5<\/td>\n<\/tr>\n<tr>\n<td style=\"width: 21.6058%;\" colspan=\"2\">(Perda de retorno)<\/td>\n<td style=\"width: 78.2772%;\" colspan=\"12\">mais de 55<\/td>\n<\/tr>\n<tr>\n<td style=\"width: 21.6058%;\" colspan=\"2\">(Diretividade)<\/td>\n<td style=\"width: 78.2772%;\" colspan=\"12\">mais de 55<\/td>\n<\/tr>\n<tr>\n<td style=\"width: 21.6058%;\" colspan=\"2\">(Tipo de fibra)<\/td>\n<td style=\"width: 78.2772%;\" colspan=\"12\">ITU G657A<\/td>\n<\/tr>\n<tr>\n<td style=\"width: 21.6058%;\" colspan=\"2\">(Temperatura operacional)<\/td>\n<td style=\"width: 78.2772%;\" colspan=\"12\">-40 a 85\u2103<\/td>\n<\/tr>\n<tr>\n<td style=\"width: 21.6058%;\" colspan=\"2\">(Comprimento do rabicho)<\/td>\n<td style=\"width: 78.2772%;\" colspan=\"12\">1m (padr\u00e3o) ou personalizado<\/td>\n<\/tr>\n<\/tbody>\n<\/table>\n<p>&nbsp;<\/p>\n<\/div>\n<\/div>","protected":false},"excerpt":{"rendered":"<p>A fun\u00e7\u00e3o de um PLC (Passive Optical Splitter, divisor \u00f3ptico passivo) em uma rede \u00f3ptica \u00e9 dividir o sinal \u00f3ptico de uma \u00fanica porta de entrada em v\u00e1rias portas de sa\u00edda. O divisor PLC \u00e9 um componente \u00f3ptico passivo fundamental que permite a distribui\u00e7\u00e3o e o roteamento eficientes de sinais \u00f3pticos em redes de comunica\u00e7\u00e3o de fibra \u00f3ptica, dando suporte ao fornecimento de servi\u00e7os a v\u00e1rios usu\u00e1rios em uma infraestrutura compartilhada.<\/p>","protected":false},"featured_media":17503,"comment_status":"open","ping_status":"closed","template":"","meta":[],"product_brand":[],"product_cat":[366],"product_tag":[119,306,308,326],"class_list":{"0":"post-12959","1":"product","2":"type-product","3":"status-publish","4":"has-post-thumbnail","6":"product_cat-optical-splitters-and-splitter-box","7":"product_tag-1x32","8":"product_tag-sc-apc","9":"product_tag-sc-upc","10":"product_tag-splitter","12":"first","13":"instock","14":"shipping-taxable","15":"purchasable","16":"product-type-variable"},"_links":{"self":[{"href":"https:\/\/www.luleey.com\/pt\/wp-json\/wp\/v2\/product\/12959","targetHints":{"allow":["GET"]}}],"collection":[{"href":"https:\/\/www.luleey.com\/pt\/wp-json\/wp\/v2\/product"}],"about":[{"href":"https:\/\/www.luleey.com\/pt\/wp-json\/wp\/v2\/types\/product"}],"replies":[{"embeddable":true,"href":"https:\/\/www.luleey.com\/pt\/wp-json\/wp\/v2\/comments?post=12959"}],"wp:featuredmedia":[{"embeddable":true,"href":"https:\/\/www.luleey.com\/pt\/wp-json\/wp\/v2\/media\/17503"}],"wp:attachment":[{"href":"https:\/\/www.luleey.com\/pt\/wp-json\/wp\/v2\/media?parent=12959"}],"wp:term":[{"taxonomy":"product_brand","embeddable":true,"href":"https:\/\/www.luleey.com\/pt\/wp-json\/wp\/v2\/product_brand?post=12959"},{"taxonomy":"product_cat","embeddable":true,"href":"https:\/\/www.luleey.com\/pt\/wp-json\/wp\/v2\/product_cat?post=12959"},{"taxonomy":"product_tag","embeddable":true,"href":"https:\/\/www.luleey.com\/pt\/wp-json\/wp\/v2\/product_tag?post=12959"}],"curies":[{"name":"wp","href":"https:\/\/api.w.org\/{rel}","templated":true}]}}