{"id":12984,"date":"2024-07-19T00:59:35","date_gmt":"2024-07-18T16:59:35","guid":{"rendered":"https:\/\/www.luleey.com\/?post_type=product&#038;p=12984"},"modified":"2025-07-28T10:06:35","modified_gmt":"2025-07-28T02:06:35","slug":"ll-s2-rechargeable-fiber-optic-identifier","status":"publish","type":"product","link":"https:\/\/www.luleey.com\/pt\/produto\/ll-s2-rechargeable-fiber-optic-identifier\/","title":{"rendered":"Identificador de fibra \u00f3ptica recarreg\u00e1vel LL-S2"},"content":{"rendered":"<h3>Recursos<\/h3>\n<ol>\n<li>Trabalho com um toque<\/li>\n<li>Tela colorida<\/li>\n<li>Indica\u00e7\u00e3o da dire\u00e7\u00e3o da fibra, exibi\u00e7\u00e3o da dire\u00e7\u00e3o esquerda e direita<\/li>\n<li>Fixa\u00e7\u00e3o universal de fibra \u00f3ptica, \u03a63mm, \u03a62mm \u03a6900\u03bcm, \u03a6250\u03bcm<\/li>\n<li>Suporte a modo \u00fanico e multimodo<\/li>\n<li>Suporte a 270Hz, 1kHz, 2kHz<\/li>\n<li>Suporte \u00e0 ilumina\u00e7\u00e3o LED<\/li>\n<li>Suporte a VFL, fonte de luz vermelha para detec\u00e7\u00e3o de falhas<\/li>\n<li>Design \u00e0 prova de quedas do corpo<\/li>\n<\/ol>\n<h3>Especifica\u00e7\u00e3o<\/h3>\n<table width=\"413\">\n<tbody>\n<tr>\n<td width=\"173\">Modelo<\/td>\n<td width=\"240\">LL-S2<\/td>\n<\/tr>\n<tr>\n<td>Faixa de comprimento de onda operacional (nm)<\/td>\n<td>\u00a0850 a 1700<\/td>\n<\/tr>\n<tr>\n<td>Tipo de sonda<\/td>\n<td>\u00a0InGaAs<\/td>\n<\/tr>\n<tr>\n<td>Tipo de motor<\/td>\n<td>\u00a0Motor CC<\/td>\n<\/tr>\n<tr>\n<td>Tela<\/td>\n<td>\u00a0Tela colorida FTF de 2,4 polegadas<\/td>\n<\/tr>\n<tr>\n<td>Tipo de adaptador (mm)<\/td>\n<td>\u00a0\u03a63mm, \u03a62mm \u03a6900\u03bcm, \u03a6250\u03bcm<\/td>\n<\/tr>\n<tr>\n<td>Taxa de modula\u00e7\u00e3o (Hz)<\/td>\n<td>CW,270,1K,2K<\/td>\n<\/tr>\n<tr>\n<td>Indica\u00e7\u00e3o da dire\u00e7\u00e3o do sinal<\/td>\n<td>\u00a0Esquerda\/direita, parte superior da tela, indica\u00e7\u00e3o de dire\u00e7\u00e3o<\/td>\n<\/tr>\n<tr>\n<td>Faixa de verifica\u00e7\u00e3o do sinal (dBm, CW\/0,9 mm)<\/td>\n<td>\u00a0-40~+10(1550nm)-30~+10(1310nm)<\/td>\n<\/tr>\n<tr>\n<td>Faixa de verifica\u00e7\u00e3o da pot\u00eancia do sinal<\/td>\n<td>\u00a0-40~+10<\/td>\n<\/tr>\n<tr>\n<td>Faixa de verifica\u00e7\u00e3o de frequ\u00eancia (dBm, m\u00e9dia)<\/td>\n<td>\u00a0-35~+10<\/td>\n<\/tr>\n<tr>\n<td>Perda de inser\u00e7\u00e3o (dBm, t\u00edpica)<\/td>\n<td>\u00a00,8 (1310nm), 2,5 (1550nm)<\/td>\n<\/tr>\n<tr>\n<td>Fonte de alimenta\u00e7\u00e3o<\/td>\n<td>\u00a0Bateria de l\u00edtio recarreg\u00e1vel<\/td>\n<\/tr>\n<tr>\n<td>Tens\u00e3o de carga (V)<\/td>\n<td>5<\/td>\n<\/tr>\n<tr>\n<td>Corrente de carga (A)<\/td>\n<td>\u00a0&lt;1.6<\/td>\n<\/tr>\n<tr>\n<td>Corrente de desligamento (\u03bcA)<\/td>\n<td>18<\/td>\n<\/tr>\n<tr>\n<td>Tempo de funcionamento (carga completa)<\/td>\n<td>\u00a0\u2265600 vezes<\/td>\n<\/tr>\n<tr>\n<td>Capacidade da bateria de \u00edons de l\u00edtio (mAh)<\/td>\n<td>800<\/td>\n<\/tr>\n<tr>\n<td>Temperatura operacional (\u2103)<\/td>\n<td>\u00a0-10~60<\/td>\n<\/tr>\n<tr>\n<td>Temperatura de armazenamento (\u2103)<\/td>\n<td>\u00a0-25~70<\/td>\n<\/tr>\n<tr>\n<td>Desligamento autom\u00e1tico (min)<\/td>\n<td>10<\/td>\n<\/tr>\n<tr>\n<td>Tamanho (mm)<\/td>\n<td>\u00a0160*50*35<\/td>\n<\/tr>\n<\/tbody>\n<\/table>","protected":false},"excerpt":{"rendered":"<p>LL-S2=Identificador de fibra \u00f3ptica+VFL+Lumin\u00e1ria de fibra \u00f3ptica 4 em 1+LED+Bateria de l\u00edtio+Carregamento em USD+Tela colorida HD+Bot\u00e3o de um toque<\/p>","protected":false},"featured_media":12356,"comment_status":"open","ping_status":"closed","template":"","meta":[],"product_brand":[],"product_cat":[369],"product_tag":[225,248,252],"class_list":{"0":"post-12984","1":"product","2":"type-product","3":"status-publish","4":"has-post-thumbnail","6":"product_cat-fiber-optic-identifier-and-tdr-and-vdsl-testers","7":"product_tag-fiber-optic-identifier","8":"product_tag-lithium-battery","9":"product_tag-ll-s2","11":"first","12":"instock","13":"shipping-taxable","14":"purchasable","15":"product-type-simple"},"_links":{"self":[{"href":"https:\/\/www.luleey.com\/pt\/wp-json\/wp\/v2\/product\/12984","targetHints":{"allow":["GET"]}}],"collection":[{"href":"https:\/\/www.luleey.com\/pt\/wp-json\/wp\/v2\/product"}],"about":[{"href":"https:\/\/www.luleey.com\/pt\/wp-json\/wp\/v2\/types\/product"}],"replies":[{"embeddable":true,"href":"https:\/\/www.luleey.com\/pt\/wp-json\/wp\/v2\/comments?post=12984"}],"wp:featuredmedia":[{"embeddable":true,"href":"https:\/\/www.luleey.com\/pt\/wp-json\/wp\/v2\/media\/12356"}],"wp:attachment":[{"href":"https:\/\/www.luleey.com\/pt\/wp-json\/wp\/v2\/media?parent=12984"}],"wp:term":[{"taxonomy":"product_brand","embeddable":true,"href":"https:\/\/www.luleey.com\/pt\/wp-json\/wp\/v2\/product_brand?post=12984"},{"taxonomy":"product_cat","embeddable":true,"href":"https:\/\/www.luleey.com\/pt\/wp-json\/wp\/v2\/product_cat?post=12984"},{"taxonomy":"product_tag","embeddable":true,"href":"https:\/\/www.luleey.com\/pt\/wp-json\/wp\/v2\/product_tag?post=12984"}],"curies":[{"name":"wp","href":"https:\/\/api.w.org\/{rel}","templated":true}]}}