{"id":12985,"date":"2024-07-19T00:59:35","date_gmt":"2024-07-18T16:59:35","guid":{"rendered":"https:\/\/www.luleey.com\/?post_type=product&#038;p=12985"},"modified":"2024-10-11T09:06:45","modified_gmt":"2024-10-11T01:06:45","slug":"fc-sc-fc-to-sc-single-mode-fc-male-sc-female-fiber-adapter-flange-coupler-adapter-fiber-connector","status":"publish","type":"product","link":"https:\/\/www.luleey.com\/pt\/produto\/fc-sc-fc-to-sc-single-mode-fc-male-sc-female-fiber-adapter-flange-coupler-adapter-fiber-connector\/","title":{"rendered":"FC-SC Adaptador de fibra de modo \u00fanico FC macho SC f\u00eamea Adaptador de flange de acoplador FC para SC Conversor de fibra"},"content":{"rendered":"<div class=\"title--wrap--Ms9Zv4A\"><\/div>\n<h3>Recursos<\/h3>\n<ol>\n<li>Adaptador de fibra \u00f3ptica de modo \u00fanico h\u00edbrido simplex FC para SC, SC\/UPC f\u00eamea para FC\/UPC macho<\/li>\n<li>Perda de inser\u00e7\u00e3o: \u2264 0,3dB, Perda de retorno: \u2265 50dB, Material da luva: Cer\u00e2mica de zirc\u00f4nia<\/li>\n<li>Esse adaptador de fibra \u00f3ptica pode ser reutilizado, com alta precis\u00e3o e boa compatibilidade<\/li>\n<li>Usado principalmente para redes de telecomunica\u00e7\u00f5es, redes Ethernet e equipamentos de comunica\u00e7\u00e3o \u00f3ptica<\/li>\n<\/ol>\n<h3>Especifica\u00e7\u00e3o<\/h3>\n<table width=\"323\">\n<tbody>\n<tr>\n<td>Marca<\/td>\n<td>LuLeey<\/td>\n<\/tr>\n<tr>\n<td width=\"101\">Modelo<\/td>\n<td width=\"222\">SC\/UPC (f\u00eamea) para FC\/UPC (macho)<\/td>\n<\/tr>\n<tr>\n<td>Tipo de adaptador<\/td>\n<td>Adaptador h\u00edbrido SM-9\/125<\/td>\n<\/tr>\n<tr>\n<td>Perda de inser\u00e7\u00e3o<\/td>\n<td>\u22640,3dB<\/td>\n<\/tr>\n<tr>\n<td>Perda de retorno<\/td>\n<td>\u226550dB<\/td>\n<\/tr>\n<\/tbody>\n<\/table>\n<p>&nbsp;<\/p>","protected":false},"excerpt":{"rendered":"<p data-pl=\"product-title\" data-spm-anchor-id=\"a2g0o.detail.0.i11.238deU5GeU5Gff\">O adaptador macho-f\u00eamea usa a tecnologia de fibra \u00f3ptica pr\u00e9-embutida e a luva adaptadora de ponteira de fibra \u00f3ptica para converter um tipo de conector de fibra \u00f3ptica (macho) em outro tipo de conector de fibra \u00f3ptica (macho) ou um tipo de interface de conector de fibra \u00f3ptica (f\u00eamea) \u00e9 convertido em outro tipo de interface de conector de fibra \u00f3ptica (f\u00eamea), que tem as caracter\u00edsticas de tamanho pequeno, caracter\u00edsticas \u00f3pticas est\u00e1veis e uso simples.<\/p>","protected":false},"featured_media":12991,"comment_status":"open","ping_status":"closed","template":"","meta":[],"product_brand":[],"product_cat":[365],"product_tag":[217,221,308,325],"class_list":{"0":"post-12985","1":"product","2":"type-product","3":"status-publish","4":"has-post-thumbnail","6":"product_cat-optical-adapters-and-flange-connectors-and-attenuator","7":"product_tag-fc-upc","8":"product_tag-fiber-adapter","9":"product_tag-sc-upc","10":"product_tag-sm","12":"first","13":"instock","14":"shipping-taxable","15":"purchasable","16":"product-type-variable","17":"has-default-attributes"},"_links":{"self":[{"href":"https:\/\/www.luleey.com\/pt\/wp-json\/wp\/v2\/product\/12985","targetHints":{"allow":["GET"]}}],"collection":[{"href":"https:\/\/www.luleey.com\/pt\/wp-json\/wp\/v2\/product"}],"about":[{"href":"https:\/\/www.luleey.com\/pt\/wp-json\/wp\/v2\/types\/product"}],"replies":[{"embeddable":true,"href":"https:\/\/www.luleey.com\/pt\/wp-json\/wp\/v2\/comments?post=12985"}],"wp:featuredmedia":[{"embeddable":true,"href":"https:\/\/www.luleey.com\/pt\/wp-json\/wp\/v2\/media\/12991"}],"wp:attachment":[{"href":"https:\/\/www.luleey.com\/pt\/wp-json\/wp\/v2\/media?parent=12985"}],"wp:term":[{"taxonomy":"product_brand","embeddable":true,"href":"https:\/\/www.luleey.com\/pt\/wp-json\/wp\/v2\/product_brand?post=12985"},{"taxonomy":"product_cat","embeddable":true,"href":"https:\/\/www.luleey.com\/pt\/wp-json\/wp\/v2\/product_cat?post=12985"},{"taxonomy":"product_tag","embeddable":true,"href":"https:\/\/www.luleey.com\/pt\/wp-json\/wp\/v2\/product_tag?post=12985"}],"curies":[{"name":"wp","href":"https:\/\/api.w.org\/{rel}","templated":true}]}}