{"id":13028,"date":"2024-07-19T01:00:26","date_gmt":"2024-07-18T17:00:26","guid":{"rendered":"https:\/\/www.luleey.com\/?post_type=product&#038;p=13028"},"modified":"2025-09-17T23:55:13","modified_gmt":"2025-09-17T15:55:13","slug":"fc-square-bare-fiber-adapter-flange-temporary-splice-otdr-test-bare-fiber-coupler","status":"publish","type":"product","link":"https:\/\/www.luleey.com\/pt\/produto\/fc-square-bare-fiber-adapter-flange-temporary-splice-otdr-test-bare-fiber-coupler\/","title":{"rendered":"Adaptador de fibra nua quadrado FC Flange de emenda tempor\u00e1ria Teste OTDR Conversor de acoplador de fibra nua"},"content":{"rendered":"<div class=\"title--wrap--Ms9Zv4A\"><\/div>\n<h3>Recursos<\/h3>\n<ol>\n<li>Estrutura do conector, f\u00e1cil de usar.<\/li>\n<li>Os m\u00f3dulos de plugue e conector podem ser substitu\u00eddos.<\/li>\n<li>O di\u00e2metro do orif\u00edcio de inser\u00e7\u00e3o pode ser personalizado.<\/li>\n<li>Conformidade com as normas IEC e ROHS.<\/li>\n<li>Opera\u00e7\u00e3o mais de 10.000 vezes.<\/li>\n<li>Alta precis\u00e3o das dimens\u00f5es mec\u00e2nicas.<\/li>\n<\/ol>\n<h3>Especifica\u00e7\u00e3o<\/h3>\n<table style=\"width: 100%; height: 538px;\" width=\"323\">\n<tbody>\n<tr>\n<td>Marca<\/td>\n<td>LuLeey<\/td>\n<\/tr>\n<tr style=\"height: 53px;\">\n<td style=\"height: 53px;\" width=\"101\">Modelo<\/td>\n<td style=\"height: 53px;\" width=\"222\">Adaptador de fibra nua quadrado FC<\/td>\n<\/tr>\n<tr style=\"height: 53px;\">\n<td style=\"height: 53px;\">Tipo de adaptador<\/td>\n<td style=\"height: 53px;\">FC<\/td>\n<\/tr>\n<tr style=\"height: 53px;\">\n<td style=\"height: 53px;\">Perda de inser\u00e7\u00e3o<\/td>\n<td style=\"height: 53px;\">\u22640,2dB<\/td>\n<\/tr>\n<tr style=\"height: 379px;\">\n<td style=\"height: 379px;\">Tamanho do di\u00e2metro do furo de inser\u00e7\u00e3o<\/td>\n<td style=\"height: 379px;\">60u<br \/>\n80u<br \/>\n100u<br \/>\n126u<br \/>\n130u<br \/>\n150u<br \/>\n200u<br \/>\n250u<br \/>\n300u<br \/>\n400u<br \/>\n550u<br \/>\n600u<\/td>\n<\/tr>\n<\/tbody>\n<\/table>","protected":false},"excerpt":{"rendered":"<p>O adaptador \u00f3ptico de fibra nua quadrado FC \u00e9 uma ferramenta auxiliar simples para testes de fibra \u00f3ptica. O ferrolho do adaptador de fibra nua e o orif\u00edcio de passagem da fibra \u00f3ptica n\u00e3o cont\u00eam cola ep\u00f3xi ou qualquer outro meio, o que facilita a inser\u00e7\u00e3o, a retirada e a repeti\u00e7\u00e3o de v\u00e1rios usos da fibra nua. E tem menor perda de inser\u00e7\u00e3o.<\/p>\n<p align=\"left\" data-spm-anchor-id=\"a2g0o.detail.1000023.i0.4d2cypM0ypM0kd\">O FC Bare Fiber Adaptor permite conex\u00f5es FC tempor\u00e1rias r\u00e1pidas e f\u00e1ceis de fibras monomodo. Esse adaptador \u00e9 muito \u00fatil para conectar fibras a medidores de pot\u00eancia. Reflect\u00f4metros \u00f3pticos de dom\u00ednio de tempo (OTDRs) e v\u00e1rios outros instrumentos, permitindo testes funcionais in-situ sem a necessidade de conectar um conector permanente.<\/p>\n<div><\/div>\n<div><\/div>\n<div><\/div>\n<div><\/div>\n<p>&nbsp;<\/p>","protected":false},"featured_media":13055,"comment_status":"open","ping_status":"closed","template":"","meta":[],"product_brand":[],"product_cat":[365],"product_tag":[186,213,275],"class_list":{"0":"post-13028","1":"product","2":"type-product","3":"status-publish","4":"has-post-thumbnail","6":"product_cat-optical-adapters-and-flange-connectors-and-attenuator","7":"product_tag-bare-fiber","8":"product_tag-fc","9":"product_tag-optical-adapter","11":"first","12":"instock","13":"shipping-taxable","14":"purchasable","15":"product-type-variable"},"_links":{"self":[{"href":"https:\/\/www.luleey.com\/pt\/wp-json\/wp\/v2\/product\/13028","targetHints":{"allow":["GET"]}}],"collection":[{"href":"https:\/\/www.luleey.com\/pt\/wp-json\/wp\/v2\/product"}],"about":[{"href":"https:\/\/www.luleey.com\/pt\/wp-json\/wp\/v2\/types\/product"}],"replies":[{"embeddable":true,"href":"https:\/\/www.luleey.com\/pt\/wp-json\/wp\/v2\/comments?post=13028"}],"wp:featuredmedia":[{"embeddable":true,"href":"https:\/\/www.luleey.com\/pt\/wp-json\/wp\/v2\/media\/13055"}],"wp:attachment":[{"href":"https:\/\/www.luleey.com\/pt\/wp-json\/wp\/v2\/media?parent=13028"}],"wp:term":[{"taxonomy":"product_brand","embeddable":true,"href":"https:\/\/www.luleey.com\/pt\/wp-json\/wp\/v2\/product_brand?post=13028"},{"taxonomy":"product_cat","embeddable":true,"href":"https:\/\/www.luleey.com\/pt\/wp-json\/wp\/v2\/product_cat?post=13028"},{"taxonomy":"product_tag","embeddable":true,"href":"https:\/\/www.luleey.com\/pt\/wp-json\/wp\/v2\/product_tag?post=13028"}],"curies":[{"name":"wp","href":"https:\/\/api.w.org\/{rel}","templated":true}]}}