{"id":13043,"date":"2024-07-19T01:00:29","date_gmt":"2024-07-18T17:00:29","guid":{"rendered":"https:\/\/www.luleey.com\/?post_type=product&#038;p=13043"},"modified":"2024-10-11T09:05:37","modified_gmt":"2024-10-11T01:05:37","slug":"fc-st-st-fc-single-mode-fc-male-st-female-connector-fiber-optical-adapter-flange-coupler-adapter","status":"publish","type":"product","link":"https:\/\/www.luleey.com\/pt\/produto\/fc-st-st-fc-single-mode-fc-male-st-female-connector-fiber-optical-adapter-flange-coupler-adapter\/","title":{"rendered":"FC-ST\/ST-FC Conector monomodo FC macho ST f\u00eamea Adaptador de fibra \u00f3ptica Adaptador de flange Acoplador Conversor"},"content":{"rendered":"<div class=\"title--wrap--Ms9Zv4A\"><\/div>\n<h3>Recursos<\/h3>\n<ol>\n<li>Estrutura do conector, f\u00e1cil de usar.<\/li>\n<li>Alta intercambialidade, alta confiabilidade.<\/li>\n<li>baixa perda de inser\u00e7\u00e3o, alta perda de retorno.<\/li>\n<\/ol>\n<h3>Especifica\u00e7\u00e3o<\/h3>\n<table style=\"width: 100%; height: 169px;\" width=\"323\">\n<tbody>\n<tr>\n<td>Marca<\/td>\n<td>LuLeey<\/td>\n<\/tr>\n<tr style=\"height: 53px;\">\n<td style=\"height: 53px;\" width=\"101\">Modelo<\/td>\n<td style=\"height: 53px;\" width=\"222\">Adaptador \u00f3ptico FC-ST SM<\/td>\n<\/tr>\n<tr style=\"height: 53px;\">\n<td style=\"height: 53px;\">Tipo de adaptador<\/td>\n<td style=\"height: 53px;\">Adaptador h\u00edbrido SM-9\/125<\/td>\n<\/tr>\n<tr style=\"height: 53px;\">\n<td style=\"height: 53px;\">Perda de inser\u00e7\u00e3o<\/td>\n<td style=\"height: 53px;\">\u22640,3dB<\/td>\n<\/tr>\n<tr>\n<td>Perda de retorno<\/td>\n<td>\u226550dB<\/td>\n<\/tr>\n<tr style=\"height: 379px;\">\n<td style=\"height: 10px;\">Cen\u00e1rios de uso<\/td>\n<td style=\"height: 10px;\">Instrumento de fibra \u00f3ptica, equipamento de comunica\u00e7\u00e3o,<br \/>\nConvers\u00e3o da interface do detector de falhas de fibra \u00f3ptica.<br \/>\nConvers\u00e3o do conector de fibra \u00f3ptica.<br \/>\nTeste de dados \u00f3pticos.<br \/>\nTransmiss\u00e3o de dados \u00f3pticos.<br \/>\nRedes de telecomunica\u00e7\u00f5es, r\u00e1dio e televis\u00e3o<\/td>\n<\/tr>\n<\/tbody>\n<\/table>","protected":false},"excerpt":{"rendered":"<p data-spm-anchor-id=\"a2g0o.detail.1000023.i2.3fd2RBCrRBCrKX\">O adaptador macho-f\u00eamea usa a tecnologia de fibra \u00f3ptica pr\u00e9-embutida e a luva adaptadora de ponteira de fibra \u00f3ptica para converter um tipo de conector de fibra \u00f3ptica (macho) em outro tipo de conector de fibra \u00f3ptica (macho) ou um tipo de interface de conector de fibra \u00f3ptica (f\u00eamea) \u00e9 convertido em outro tipo de interface de conector de fibra \u00f3ptica (f\u00eamea), que tem as caracter\u00edsticas de tamanho pequeno, caracter\u00edsticas \u00f3pticas est\u00e1veis e uso simples.<samp><code><\/code><\/samp><\/p>","protected":false},"featured_media":13064,"comment_status":"open","ping_status":"closed","template":"","meta":[],"product_brand":[],"product_cat":[365],"product_tag":[216,275,325],"class_list":{"0":"post-13043","1":"product","2":"type-product","3":"status-publish","4":"has-post-thumbnail","6":"product_cat-optical-adapters-and-flange-connectors-and-attenuator","7":"product_tag-fc-to-st","8":"product_tag-optical-adapter","9":"product_tag-sm","11":"first","12":"instock","13":"shipping-taxable","14":"purchasable","15":"product-type-variable","16":"has-default-attributes"},"_links":{"self":[{"href":"https:\/\/www.luleey.com\/pt\/wp-json\/wp\/v2\/product\/13043","targetHints":{"allow":["GET"]}}],"collection":[{"href":"https:\/\/www.luleey.com\/pt\/wp-json\/wp\/v2\/product"}],"about":[{"href":"https:\/\/www.luleey.com\/pt\/wp-json\/wp\/v2\/types\/product"}],"replies":[{"embeddable":true,"href":"https:\/\/www.luleey.com\/pt\/wp-json\/wp\/v2\/comments?post=13043"}],"wp:featuredmedia":[{"embeddable":true,"href":"https:\/\/www.luleey.com\/pt\/wp-json\/wp\/v2\/media\/13064"}],"wp:attachment":[{"href":"https:\/\/www.luleey.com\/pt\/wp-json\/wp\/v2\/media?parent=13043"}],"wp:term":[{"taxonomy":"product_brand","embeddable":true,"href":"https:\/\/www.luleey.com\/pt\/wp-json\/wp\/v2\/product_brand?post=13043"},{"taxonomy":"product_cat","embeddable":true,"href":"https:\/\/www.luleey.com\/pt\/wp-json\/wp\/v2\/product_cat?post=13043"},{"taxonomy":"product_tag","embeddable":true,"href":"https:\/\/www.luleey.com\/pt\/wp-json\/wp\/v2\/product_tag?post=13043"}],"curies":[{"name":"wp","href":"https:\/\/api.w.org\/{rel}","templated":true}]}}