{"id":13048,"date":"2024-07-19T01:00:30","date_gmt":"2024-07-18T17:00:30","guid":{"rendered":"https:\/\/www.luleey.com\/?post_type=product&#038;p=13048"},"modified":"2025-02-20T22:28:27","modified_gmt":"2025-02-20T14:28:27","slug":"fbt-splitter-1x2-headless-optical-splitter","status":"publish","type":"product","link":"https:\/\/www.luleey.com\/pt\/produto\/fbt-splitter-1x2-headless-optical-splitter\/","title":{"rendered":"Divisor FBT 1\u00d72 sem cabe\u00e7a"},"content":{"rendered":"<p><span style=\"font-size: 18pt;\"><strong>Recursos<\/strong><\/span><\/p>\n<ol>\n<li>O divisor FBT suporta propor\u00e7\u00f5es de divis\u00e3o definidas, por exemplo, 1:99,2:98<\/li>\n<li>divisor \u00f3ptico 1\u00d72 sem cabe\u00e7a, pode ser usado com splicer de fus\u00e3o de fibra \u00f3ptica, conectores de fibra \u00f3ptica como SC, FC, ST.<\/li>\n<\/ol>\n<p><span style=\"font-size: 1.5em; font-weight: bold;\">Especifica\u00e7\u00e3o<\/span><\/p>\n<div class=\"MachTrans__textWrap__1NtxT\">\n<div class=\"MachTrans__textWrap__1NtxT\">\n<table style=\"width: 100%; height: 424px;\" width=\"834\">\n<tbody>\n<tr style=\"height: 53px;\">\n<td style=\"height: 53px;\" width=\"273\">Modelo<\/td>\n<td style=\"height: 53px;\" width=\"561\">Divisor FBT 1\u00d72 sem cabe\u00e7a<\/td>\n<\/tr>\n<tr style=\"height: 53px;\">\n<td style=\"height: 53px;\">Tipo de divisor<\/td>\n<td style=\"height: 53px;\">Divisor FBT<\/td>\n<\/tr>\n<tr style=\"height: 53px;\">\n<td style=\"height: 53px;\">Uso para<\/td>\n<td style=\"height: 53px;\">fibra \u00f3ptica<\/td>\n<\/tr>\n<tr style=\"height: 53px;\">\n<td style=\"height: 53px;\">Rede<\/td>\n<td style=\"height: 53px;\">LAN sem fio, wifi, 4g<\/td>\n<\/tr>\n<tr style=\"height: 53px;\">\n<td style=\"height: 53px;\">Comprimento de onda operacional (nm)<\/td>\n<td style=\"height: 53px;\">1260~1650<\/td>\n<\/tr>\n<tr style=\"height: 53px;\">\n<td style=\"height: 53px;\">OEM<\/td>\n<td style=\"height: 53px;\">Aceit\u00e1vel<\/td>\n<\/tr>\n<tr style=\"height: 53px;\">\n<td style=\"height: 53px;\">Aplicativo<\/td>\n<td style=\"height: 53px;\">Sistema de comunica\u00e7\u00e3o por fibra \u00f3ptica<br \/>\nLAN de fibra \u00f3ptica<br \/>\nCATV<br \/>\nFTTH<br \/>\nSensor de fibra \u00f3ptica<br \/>\nInstrumento de medi\u00e7\u00e3o<\/td>\n<\/tr>\n<tr style=\"height: 53px;\">\n<td style=\"height: 53px;\">\u00cdndice de divis\u00e3o<\/td>\n<td style=\"height: 53px;\"><strong>1\u00d72<\/strong><\/td>\n<\/tr>\n<\/tbody>\n<\/table>\n<\/div>\n<div class=\"MachTrans__text__duH8w\">\n<p>&nbsp;<\/p>\n<\/div>\n<\/div>","protected":false},"excerpt":{"rendered":"<p>O divisor FBT pode definir a taxa de divis\u00e3o;<br \/>\ndivisor \u00f3ptico 1\u00d72 sem cabe\u00e7a, voc\u00ea mesmo pode fazer a fus\u00e3o t\u00e9rmica dos conectores;<br \/>\nEcon\u00f4mico por meio de splicer de fus\u00e3o de fibra \u00f3ptica.<\/p>","protected":false},"featured_media":13087,"comment_status":"open","ping_status":"closed","template":"","meta":[],"product_brand":[],"product_cat":[366],"product_tag":[118,212,232,282],"class_list":{"0":"post-13048","1":"product","2":"type-product","3":"status-publish","4":"has-post-thumbnail","6":"product_cat-optical-splitters-and-splitter-box","7":"product_tag-1x2","8":"product_tag-fbt-splitter","9":"product_tag-headless","10":"product_tag-optical-splitter","12":"first","13":"instock","14":"shipping-taxable","15":"purchasable","16":"product-type-variable"},"_links":{"self":[{"href":"https:\/\/www.luleey.com\/pt\/wp-json\/wp\/v2\/product\/13048","targetHints":{"allow":["GET"]}}],"collection":[{"href":"https:\/\/www.luleey.com\/pt\/wp-json\/wp\/v2\/product"}],"about":[{"href":"https:\/\/www.luleey.com\/pt\/wp-json\/wp\/v2\/types\/product"}],"replies":[{"embeddable":true,"href":"https:\/\/www.luleey.com\/pt\/wp-json\/wp\/v2\/comments?post=13048"}],"wp:featuredmedia":[{"embeddable":true,"href":"https:\/\/www.luleey.com\/pt\/wp-json\/wp\/v2\/media\/13087"}],"wp:attachment":[{"href":"https:\/\/www.luleey.com\/pt\/wp-json\/wp\/v2\/media?parent=13048"}],"wp:term":[{"taxonomy":"product_brand","embeddable":true,"href":"https:\/\/www.luleey.com\/pt\/wp-json\/wp\/v2\/product_brand?post=13048"},{"taxonomy":"product_cat","embeddable":true,"href":"https:\/\/www.luleey.com\/pt\/wp-json\/wp\/v2\/product_cat?post=13048"},{"taxonomy":"product_tag","embeddable":true,"href":"https:\/\/www.luleey.com\/pt\/wp-json\/wp\/v2\/product_tag?post=13048"}],"curies":[{"name":"wp","href":"https:\/\/api.w.org\/{rel}","templated":true}]}}