{"id":13084,"date":"2024-07-19T01:00:56","date_gmt":"2024-07-18T17:00:56","guid":{"rendered":"https:\/\/www.luleey.com\/?post_type=product&#038;p=13084"},"modified":"2025-02-20T22:29:36","modified_gmt":"2025-02-20T14:29:36","slug":"headless-plc-fibre-optic-splitter-no-connector-mini-plc-steel-tube-1x4","status":"publish","type":"product","link":"https:\/\/www.luleey.com\/pt\/produto\/headless-plc-fibre-optic-splitter-no-connector-mini-plc-steel-tube-1x4\/","title":{"rendered":"Divisor de fibra \u00f3ptica PLC sem cabe\u00e7a, sem conector, tubo de a\u00e7o Mini PLC, 1\u00d74"},"content":{"rendered":"<h3>Recursos<\/h3>\n<ol>\n<li>Excelente mec\u00e2nica, tamanho pequeno.<\/li>\n<li>Alta confiabilidade.<\/li>\n<li>Baixa perda de inser\u00e7\u00e3o e baixa perda dependente da polariza\u00e7\u00e3o.<\/li>\n<li>Elevado n\u00famero de canais.<\/li>\n<li>Excelente estabilidade ambiental e amplamente utilizado.<\/li>\n<li>Cen\u00e1rios de uso: FTTx (GPON\/BPON\/EPON), televis\u00e3o a cabo (CATV), redes locais (LAN), equipamentos de teste, redes \u00f3pticas passivas (PON).<\/li>\n<\/ol>\n<h3>Especifica\u00e7\u00e3o<\/h3>\n<table width=\"1323\">\n<tbody>\n<tr>\n<td width=\"211\">Nome do produto<\/td>\n<td colspan=\"7\" width=\"1112\">Divisor de fibra \u00f3ptica PLC sem cabe\u00e7a<\/td>\n<\/tr>\n<tr>\n<td>Nome do modelo<\/td>\n<td colspan=\"7\">LL-headless-PLC-SPLITTER<\/td>\n<\/tr>\n<tr>\n<td>Marca<\/td>\n<td colspan=\"7\">LuLeey<\/td>\n<\/tr>\n<tr>\n<td>Comprimento de onda operacional<\/td>\n<td colspan=\"7\">1260~1650(nm)<\/td>\n<\/tr>\n<tr>\n<td>Tipo de fibra<\/td>\n<td colspan=\"7\">G657A1<\/td>\n<\/tr>\n<tr>\n<td>Configura\u00e7\u00e3o de portas<\/td>\n<td>1\u00d72<\/td>\n<td>1\u00d74<\/td>\n<td>1\u00d78<\/td>\n<td>1\u00d716<\/td>\n<td>1\u00d732<\/td>\n<td>1\u00d764<\/td>\n<td>1\u00d7128<\/td>\n<\/tr>\n<tr>\n<td>Perda de inser\u00e7\u00e3o (dB)<\/td>\n<td>3.8\/4.0<\/td>\n<td>7.1\/7.3<\/td>\n<td>10.2\/10.5<\/td>\n<td>13.5\/13.7<\/td>\n<td>16.5\/16.9<\/td>\n<td>20.5\/21.0<\/td>\n<td>23.8\/24.2<\/td>\n<\/tr>\n<tr>\n<td>Uniformidade de perda (dB)<\/td>\n<td>0.4<\/td>\n<td>0.6<\/td>\n<td>0.8<\/td>\n<td>1.2<\/td>\n<td>1.5<\/td>\n<td>2<\/td>\n<td>2.5<\/td>\n<\/tr>\n<tr>\n<td>Perda dependente da polariza\u00e7\u00e3o (dB)<\/td>\n<td>0.2<\/td>\n<td>0.2<\/td>\n<td>0.2<\/td>\n<td>0.25<\/td>\n<td>0.3<\/td>\n<td>0.35<\/td>\n<td>0.4<\/td>\n<\/tr>\n<tr>\n<td>Perda dependente do comprimento de onda (dB)<\/td>\n<td>0.3<\/td>\n<td>0.3<\/td>\n<td>0.3<\/td>\n<td>0.5<\/td>\n<td>0.5<\/td>\n<td>0.5<\/td>\n<td>0.5<\/td>\n<\/tr>\n<tr>\n<td>Perda dependente da temperatura (-40~85 ) (dB)<\/td>\n<td>0.4<\/td>\n<td>0.4<\/td>\n<td>0.4<\/td>\n<td>0.5<\/td>\n<td>0.5<\/td>\n<td>0.5<\/td>\n<td>0.5<\/td>\n<\/tr>\n<tr>\n<td>Perda de retorno (dB)<\/td>\n<td colspan=\"7\">55\/50<\/td>\n<\/tr>\n<tr>\n<td>Diretividade (dB)<\/td>\n<td colspan=\"7\">&gt; 55<\/td>\n<\/tr>\n<tr>\n<td>Temperatura de opera\u00e7\u00e3o e armazenamento (\u00b0C)<\/td>\n<td colspan=\"7\">-40-80<\/td>\n<\/tr>\n<\/tbody>\n<\/table>","protected":false},"excerpt":{"rendered":"<p>O divisor de fibra \u00f3ptica PLC sem cabe\u00e7a \u00e9 um dispositivo de distribui\u00e7\u00e3o de energia \u00f3ptica de guia de onda integrado baseado em substrato de quartzo, com tamanho pequeno, ampla faixa de comprimentos de onda operacionais, alta confiabilidade, boa uniformidade etc., especialmente adequado para redes \u00f3pticas passivas (EPON, BPON, GPON etc.) na conex\u00e3o entre o escrit\u00f3rio local e o equipamento terminal e para realizar a divis\u00e3o de sinais \u00f3pticos, atualmente dispon\u00edvel em dois tipos: 1 \u00d7 N e 2 \u00d7 N. Os divisores 1 \u00d7 N e 2 \u00d7 N dividem uniformemente o sinal \u00f3ptico de uma entrada \u00fanica ou dupla em v\u00e1rias sa\u00eddas ou invertem o trabalho de v\u00e1rios sinais \u00f3pticos convergidos em v\u00e1rias sa\u00eddas.<\/p>","protected":false},"featured_media":13122,"comment_status":"open","ping_status":"closed","template":"","meta":[],"product_brand":[],"product_cat":[366],"product_tag":[120,234,274,288],"class_list":{"0":"post-13084","1":"product","2":"type-product","3":"status-publish","4":"has-post-thumbnail","6":"product_cat-optical-splitters-and-splitter-box","7":"product_tag-1x4","8":"product_tag-headless-splitter","9":"product_tag-optic-splitter","10":"product_tag-plc-splitter","12":"first","13":"instock","14":"shipping-taxable","15":"purchasable","16":"product-type-variable"},"_links":{"self":[{"href":"https:\/\/www.luleey.com\/pt\/wp-json\/wp\/v2\/product\/13084","targetHints":{"allow":["GET"]}}],"collection":[{"href":"https:\/\/www.luleey.com\/pt\/wp-json\/wp\/v2\/product"}],"about":[{"href":"https:\/\/www.luleey.com\/pt\/wp-json\/wp\/v2\/types\/product"}],"replies":[{"embeddable":true,"href":"https:\/\/www.luleey.com\/pt\/wp-json\/wp\/v2\/comments?post=13084"}],"wp:featuredmedia":[{"embeddable":true,"href":"https:\/\/www.luleey.com\/pt\/wp-json\/wp\/v2\/media\/13122"}],"wp:attachment":[{"href":"https:\/\/www.luleey.com\/pt\/wp-json\/wp\/v2\/media?parent=13084"}],"wp:term":[{"taxonomy":"product_brand","embeddable":true,"href":"https:\/\/www.luleey.com\/pt\/wp-json\/wp\/v2\/product_brand?post=13084"},{"taxonomy":"product_cat","embeddable":true,"href":"https:\/\/www.luleey.com\/pt\/wp-json\/wp\/v2\/product_cat?post=13084"},{"taxonomy":"product_tag","embeddable":true,"href":"https:\/\/www.luleey.com\/pt\/wp-json\/wp\/v2\/product_tag?post=13084"}],"curies":[{"name":"wp","href":"https:\/\/api.w.org\/{rel}","templated":true}]}}