{"id":13121,"date":"2024-07-19T01:01:25","date_gmt":"2024-07-18T17:01:25","guid":{"rendered":"https:\/\/www.luleey.com\/?post_type=product&#038;p=13121"},"modified":"2024-12-14T22:38:36","modified_gmt":"2024-12-14T14:38:36","slug":"fiber-optic-fusion-splicer-heat-shrink-tubing-double-needle","status":"publish","type":"product","link":"https:\/\/www.luleey.com\/pt\/produto\/fiber-optic-fusion-splicer-heat-shrink-tubing-double-needle\/","title":{"rendered":"Tubo termoencolh\u00edvel para fus\u00e3o de fibra \u00f3ptica, agulha dupla"},"content":{"rendered":"<h3>Recursos<\/h3>\n<ol>\n<li>Projeto de chanfro da agulha de a\u00e7o: evita danificar a parede interna da luva de fus\u00e3o t\u00e9rmica, parede antiest\u00e1tica e antiaderente, com forte prote\u00e7\u00e3o.<\/li>\n<li>Resist\u00eancia \u00e0 temperatura e \u00e0 umidade: Ap\u00f3s o encolhimento t\u00e9rmico do tubo de hot melt, ele tem boas caracter\u00edsticas de resist\u00eancia a altas temperaturas e \u00e0 umidade.<\/li>\n<li>Sem obstru\u00e7\u00e3o \u00e0 transmiss\u00e3o de fibra \u00f3ptica.<\/li>\n<li>Protege o ponto de emenda e aumenta a praticidade.<\/li>\n<li>Opera\u00e7\u00e3o simples, reduz os danos \u00e0 fibra \u00f3ptica durante a instala\u00e7\u00e3o.<\/li>\n<li>Luva transparente de fus\u00e3o a quente, o status da emenda da fibra \u00f3ptica pode ser visto rapidamente.<\/li>\n<li>Velocidade de encolhimento r\u00e1pida, constru\u00e7\u00e3o conveniente e r\u00e1pida.<\/li>\n<li>Agulhas de a\u00e7o inoxid\u00e1vel 304, que n\u00e3o enferrujam<\/li>\n<li>Tubo termoencolh\u00edvel com agulha dupla para fus\u00e3o de fibra \u00f3ptica<\/li>\n<\/ol>\n<h3>Especifica\u00e7\u00e3o<\/h3>\n<table style=\"width: 1334px;\" width=\"323\">\n<tbody>\n<tr>\n<td style=\"width: 481px;\" width=\"101\">Nome<\/td>\n<td style=\"width: 853px;\" width=\"222\">Tubo termoencolh\u00edvel para fus\u00e3o de fibra \u00f3ptica com agulha dupla<\/td>\n<\/tr>\n<tr>\n<td style=\"width: 481px;\">Modelo<\/td>\n<td style=\"width: 853px;\">LL-D - tubo termoencolh\u00edvel<\/td>\n<\/tr>\n<tr>\n<td style=\"width: 481px;\">Marca<\/td>\n<td style=\"width: 853px;\">\u00a0LuLeey<\/td>\n<\/tr>\n<tr>\n<td style=\"width: 481px;\">Material da agulha de a\u00e7o<\/td>\n<td style=\"width: 853px;\">\u00a0A\u00e7o inoxid\u00e1vel SUS 304<\/td>\n<\/tr>\n<tr>\n<td style=\"width: 481px;\">Especifica\u00e7\u00e3o da agulha de a\u00e7o<\/td>\n<td style=\"width: 853px;\">\u00a0di\u00e2metro de 1,2 mm<\/td>\n<\/tr>\n<tr>\n<td style=\"width: 481px;\">Comprimento da agulha de a\u00e7o<\/td>\n<td style=\"width: 853px;\">\u00a055 mm<\/td>\n<\/tr>\n<tr>\n<td style=\"width: 481px;\">Material do tubo<\/td>\n<td style=\"width: 853px;\">\u00a0material PE de prote\u00e7\u00e3o ambiental<\/td>\n<\/tr>\n<tr>\n<td style=\"width: 481px;\">Comprimento do tubo<\/td>\n<td style=\"width: 853px;\">\u00a060 mm<\/td>\n<\/tr>\n<tr>\n<td style=\"width: 481px;\">Di\u00e2metro da parede externa<\/td>\n<td style=\"width: 853px;\">\u00a05,5 mm<\/td>\n<\/tr>\n<tr>\n<td style=\"width: 481px;\">Di\u00e2metro da parede interna<\/td>\n<td style=\"width: 853px;\">\u00a03,8 mm<\/td>\n<\/tr>\n<tr>\n<td style=\"width: 481px;\">Cor<\/td>\n<td style=\"width: 853px;\">\u00a0transparente<\/td>\n<\/tr>\n<tr>\n<td style=\"width: 481px;\">Temperatura de trabalho<\/td>\n<td style=\"width: 853px;\">\u00a0-55~105\u2103<\/td>\n<\/tr>\n<\/tbody>\n<\/table>","protected":false},"excerpt":{"rendered":"<p>O design do chanfro da agulha de a\u00e7o \u00e9 fundamental para proteger a parede interna do tubo termorretr\u00e1til durante a emenda da fibra \u00f3ptica. Nosso projeto garante propriedades antiest\u00e1ticas e antiaderentes \u00e0 parede, proporcionando forte prote\u00e7\u00e3o sem obstruir a transmiss\u00e3o da fibra \u00f3ptica. O tubo termoencolh\u00edvel para emenda por fus\u00e3o de fibra \u00f3ptica, ap\u00f3s o encolhimento por calor, apresenta excelente resist\u00eancia \u00e0 temperatura e \u00e0 umidade, protegendo o ponto de emenda e aumentando a praticidade. Com opera\u00e7\u00e3o simples e velocidade de encolhimento r\u00e1pida, nossas luvas transparentes de fus\u00e3o a quente permitem uma constru\u00e7\u00e3o conveniente e r\u00e1pida, al\u00e9m de facilitar a visibilidade do status da emenda da fibra \u00f3ptica. Al\u00e9m disso, as agulhas de a\u00e7o inoxid\u00e1vel 304 garantem a resist\u00eancia \u00e0 ferrugem, assegurando ainda mais a integridade do processo de emenda.<\/p>","protected":false},"featured_media":13131,"comment_status":"open","ping_status":"closed","template":"","meta":[],"product_brand":[],"product_cat":[790],"product_tag":[226,235],"class_list":{"0":"post-13121","1":"product","2":"type-product","3":"status-publish","4":"has-post-thumbnail","6":"product_cat-fiber-optic-fusion-splicer","7":"product_tag-fusion-splicer","8":"product_tag-heat-shrink-tubing","10":"first","11":"instock","12":"shipping-taxable","13":"purchasable","14":"product-type-variable"},"_links":{"self":[{"href":"https:\/\/www.luleey.com\/pt\/wp-json\/wp\/v2\/product\/13121","targetHints":{"allow":["GET"]}}],"collection":[{"href":"https:\/\/www.luleey.com\/pt\/wp-json\/wp\/v2\/product"}],"about":[{"href":"https:\/\/www.luleey.com\/pt\/wp-json\/wp\/v2\/types\/product"}],"replies":[{"embeddable":true,"href":"https:\/\/www.luleey.com\/pt\/wp-json\/wp\/v2\/comments?post=13121"}],"wp:featuredmedia":[{"embeddable":true,"href":"https:\/\/www.luleey.com\/pt\/wp-json\/wp\/v2\/media\/13131"}],"wp:attachment":[{"href":"https:\/\/www.luleey.com\/pt\/wp-json\/wp\/v2\/media?parent=13121"}],"wp:term":[{"taxonomy":"product_brand","embeddable":true,"href":"https:\/\/www.luleey.com\/pt\/wp-json\/wp\/v2\/product_brand?post=13121"},{"taxonomy":"product_cat","embeddable":true,"href":"https:\/\/www.luleey.com\/pt\/wp-json\/wp\/v2\/product_cat?post=13121"},{"taxonomy":"product_tag","embeddable":true,"href":"https:\/\/www.luleey.com\/pt\/wp-json\/wp\/v2\/product_tag?post=13121"}],"curies":[{"name":"wp","href":"https:\/\/api.w.org\/{rel}","templated":true}]}}