{"id":14342,"date":"2024-08-05T21:10:17","date_gmt":"2024-08-05T13:10:17","guid":{"rendered":"https:\/\/www.luleey.com\/?post_type=product&#038;p=14342"},"modified":"2024-12-17T10:51:59","modified_gmt":"2024-12-17T02:51:59","slug":"8-port-gigabit-ethernet-switch-unmanaged-switches-and-hub","status":"publish","type":"product","link":"https:\/\/www.luleey.com\/pt\/produto\/8-port-gigabit-ethernet-switch-unmanaged-switches-and-hub\/","title":{"rendered":"Switch Gigabit Ethernet de 8 portas, switches n\u00e3o gerenciados e hub"},"content":{"rendered":"<h3>Recursos<\/h3>\n<ol>\n<li>Portas Gigabit Ethernet completas, cada porta pode fornecer transmiss\u00e3o de 1 Gbps, switches n\u00e3o gerenciados, switch ethernet<\/li>\n<li>A porta \u00e9 ajustada automaticamente e transmitida com cuidado, sendo f\u00e1cil de usar e sem necessidade de configura\u00e7\u00e3o.<\/li>\n<li>Dissipa\u00e7\u00e3o de calor de alta qualidade, uso est\u00e1vel e longa vida \u00fatil.<\/li>\n<\/ol>\n<h3>Especifica\u00e7\u00e3o<\/h3>\n<table style=\"width: 100%; height: 897px;\" width=\"598\">\n<tbody>\n<tr style=\"height: 69px;\">\n<td style=\"height: 69px; width: 35.2744%;\" width=\"211\">Nome da marca<\/td>\n<td style=\"height: 69px; width: 64.6586%;\" width=\"387\">LuLeey<\/td>\n<\/tr>\n<tr>\n<td style=\"width: 35.2744%;\">\n<div class=\"specification--title--SfH3sA8\"><span data-spm-anchor-id=\"a2g0o.detail.0.i10.73c8G5LJG5LJdG\">N\u00famero do modelo<\/span><\/div>\n<\/td>\n<td style=\"width: 64.6586%;\" width=\"158\">LL-UM-1000M-8<\/td>\n<\/tr>\n<tr style=\"height: 69px;\">\n<td style=\"height: 69px; width: 35.2744%;\" width=\"211\">Certifica\u00e7\u00e3o<\/td>\n<td style=\"height: 69px; width: 64.6586%;\" width=\"387\">CE, FCC, RoHS<\/td>\n<\/tr>\n<tr style=\"height: 69px;\">\n<td style=\"height: 69px; width: 35.2744%;\" width=\"211\">tipo de dispositivo<\/td>\n<td style=\"height: 69px; width: 64.6586%;\" width=\"387\">Switch Gigabit de 8 portas<\/td>\n<\/tr>\n<tr style=\"height: 69px;\">\n<td style=\"height: 69px; width: 35.2744%;\" width=\"211\">Corrente de alimenta\u00e7\u00e3o<\/td>\n<td style=\"height: 69px; width: 64.6586%;\" width=\"387\">2ma<\/td>\n<\/tr>\n<tr style=\"height: 69px;\">\n<td style=\"height: 69px; width: 35.2744%;\" width=\"211\">Tens\u00e3o de alimenta\u00e7\u00e3o<\/td>\n<td style=\"height: 69px; width: 64.6586%;\" width=\"387\">5V<\/td>\n<\/tr>\n<tr style=\"height: 69px;\">\n<td style=\"height: 69px; width: 35.2744%;\" width=\"211\">Origem<\/td>\n<td style=\"height: 69px; width: 64.6586%;\" width=\"387\">China continental<\/td>\n<\/tr>\n<tr>\n<td style=\"width: 35.2744%;\">Batatas fritas<\/td>\n<td style=\"width: 64.6586%;\">RTL8370N<\/td>\n<\/tr>\n<tr style=\"height: 69px;\">\n<td style=\"height: 69px; width: 35.2744%;\" width=\"211\">Tens\u00e3o da fonte de alimenta\u00e7\u00e3o<\/td>\n<td style=\"height: 69px; width: 64.6586%;\" width=\"387\">AC 220V\/ DC5-12V<\/td>\n<\/tr>\n<tr style=\"height: 69px;\">\n<td style=\"height: 69px; width: 35.2744%;\" width=\"211\">Tamanho<\/td>\n<td style=\"height: 69px; width: 64.6586%;\" width=\"387\">140*73*27mm<\/td>\n<\/tr>\n<tr style=\"height: 69px;\">\n<td style=\"height: 69px; width: 35.2744%;\" width=\"211\">O n\u00famero de portas<\/td>\n<td style=\"height: 69px; width: 64.6586%;\" width=\"387\">8<\/td>\n<\/tr>\n<tr style=\"height: 69px;\">\n<td style=\"height: 69px; width: 35.2744%;\" width=\"211\">Modo de transmiss\u00e3o<\/td>\n<td style=\"height: 69px; width: 64.6586%;\" width=\"387\">Adapta\u00e7\u00e3o full\/ half duplex<\/td>\n<\/tr>\n<tr style=\"height: 69px;\">\n<td style=\"height: 69px; width: 35.2744%;\" width=\"211\">Taxa de transmiss\u00e3o<\/td>\n<td style=\"height: 69px; width: 64.6586%;\" width=\"387\">\n<p data-spm-anchor-id=\"a2g0o.detail.0.i6.73c8G5LJG5LJdG\">1000 Mbps<\/p>\n<\/td>\n<\/tr>\n<tr style=\"height: 69px;\">\n<td style=\"height: 69px; width: 35.2744%;\" width=\"211\">Tipo de troca<\/td>\n<td style=\"height: 69px; width: 64.6586%;\" width=\"387\">Trocador comum<\/td>\n<\/tr>\n<tr style=\"height: 69px;\">\n<td style=\"height: 69px; width: 35.2744%;\" width=\"211\">Largura de banda do backplane<\/td>\n<td style=\"height: 69px; width: 64.6586%;\" width=\"387\">1,25 GB<\/td>\n<\/tr>\n<\/tbody>\n<\/table>","protected":false},"excerpt":{"rendered":"<p>Tamanho: 140x73x27mm<\/p>\n<p>Tipo de porta de rede: Switch ethernet RJ45<\/p>\n<p>Taxa de transmiss\u00e3o: 1000M<\/p>\n<p>N\u00famero de portas de rede: 8 portas<\/p>\n<p>Concha: Metal<\/p>\n<p>Tipo de switch: Switches n\u00e3o gerenciados<\/p>","protected":false},"featured_media":14350,"comment_status":"open","ping_status":"closed","template":"","meta":[],"product_brand":[],"product_cat":[356],"product_tag":[173,208,386,385],"class_list":{"0":"post-14342","1":"product","2":"type-product","3":"status-publish","4":"has-post-thumbnail","6":"product_cat-unmanaged-switches","7":"product_tag-8-port","8":"product_tag-ethernet-switch","9":"product_tag-hub","10":"product_tag-unmanaged-switches","12":"first","13":"instock","14":"shipping-taxable","15":"purchasable","16":"product-type-variable"},"_links":{"self":[{"href":"https:\/\/www.luleey.com\/pt\/wp-json\/wp\/v2\/product\/14342","targetHints":{"allow":["GET"]}}],"collection":[{"href":"https:\/\/www.luleey.com\/pt\/wp-json\/wp\/v2\/product"}],"about":[{"href":"https:\/\/www.luleey.com\/pt\/wp-json\/wp\/v2\/types\/product"}],"replies":[{"embeddable":true,"href":"https:\/\/www.luleey.com\/pt\/wp-json\/wp\/v2\/comments?post=14342"}],"wp:featuredmedia":[{"embeddable":true,"href":"https:\/\/www.luleey.com\/pt\/wp-json\/wp\/v2\/media\/14350"}],"wp:attachment":[{"href":"https:\/\/www.luleey.com\/pt\/wp-json\/wp\/v2\/media?parent=14342"}],"wp:term":[{"taxonomy":"product_brand","embeddable":true,"href":"https:\/\/www.luleey.com\/pt\/wp-json\/wp\/v2\/product_brand?post=14342"},{"taxonomy":"product_cat","embeddable":true,"href":"https:\/\/www.luleey.com\/pt\/wp-json\/wp\/v2\/product_cat?post=14342"},{"taxonomy":"product_tag","embeddable":true,"href":"https:\/\/www.luleey.com\/pt\/wp-json\/wp\/v2\/product_tag?post=14342"}],"curies":[{"name":"wp","href":"https:\/\/api.w.org\/{rel}","templated":true}]}}