{"id":14359,"date":"2024-08-05T21:58:40","date_gmt":"2024-08-05T13:58:40","guid":{"rendered":"https:\/\/www.luleey.com\/?post_type=product&#038;p=14359"},"modified":"2025-01-21T12:18:02","modified_gmt":"2025-01-21T04:18:02","slug":"100mbps-2sc-4rj45-media-converter","status":"publish","type":"product","link":"https:\/\/www.luleey.com\/pt\/produto\/100mbps-2sc-4rj45-media-converter\/","title":{"rendered":"Conversor de m\u00eddia 100Mbps 2SC 4RJ45 1Pair"},"content":{"rendered":"<h3>Recursos<\/h3>\n<ol>\n<li>Chip de alto desempenho, opera\u00e7\u00e3o est\u00e1vel<\/li>\n<li>4 portas Ethernet 10M\/100M adapt\u00e1veis RJ45<\/li>\n<li>Suporta os modos de trabalho full duplex\/alf duplex<\/li>\n<li>Pode conectar 4 c\u00e2meras de alta defini\u00e7\u00e3o<\/li>\n<li>SC para RJ45, Plug and play<\/li>\n<li>Adequado para monitoramento de rede, fibra at\u00e9 a resid\u00eancia e outros cen\u00e1rios de uso<\/li>\n<li>Luzes indicadoras de trabalho de suporte<\/li>\n<li>Fibra \u00fanica, modo \u00fanico<\/li>\n<\/ol>\n<h3>Especifica\u00e7\u00e3o<\/h3>\n<table width=\"598\">\n<tbody>\n<tr>\n<td width=\"211\">Nome da marca<\/td>\n<td width=\"387\">LuLeey<\/td>\n<\/tr>\n<tr>\n<td width=\"211\">Nome do produto<\/td>\n<td width=\"387\">Conversor de m\u00eddia 100Mbps 2SC 4RJ45<\/td>\n<\/tr>\n<tr>\n<td width=\"211\">Tens\u00e3o de alimenta\u00e7\u00e3o<\/td>\n<td width=\"387\">12V<\/td>\n<\/tr>\n<tr>\n<td width=\"211\">Origem<\/td>\n<td width=\"387\">China continental<\/td>\n<\/tr>\n<tr>\n<td width=\"211\">Tens\u00e3o da fonte de alimenta\u00e7\u00e3o<\/td>\n<td width=\"387\">AC 220V\/ DC12V<\/td>\n<\/tr>\n<tr>\n<td width=\"211\">Dist\u00e2ncia de transmiss\u00e3o<\/td>\n<td width=\"387\">20 km<\/td>\n<\/tr>\n<tr>\n<td width=\"211\">O n\u00famero de portas<\/td>\n<td width=\"387\">2SC 4RJ45<\/td>\n<\/tr>\n<tr>\n<td width=\"211\">Taxa de transmiss\u00e3o<\/td>\n<td width=\"387\">\n<p data-spm-anchor-id=\"a2g0o.detail.0.i6.73c8G5LJG5LJdG\">100Mbps\/10Mbps<\/p>\n<\/td>\n<\/tr>\n<tr>\n<td width=\"211\">Tamanho<\/td>\n<td width=\"387\">88*70*27mm<\/td>\n<\/tr>\n<\/tbody>\n<\/table>","protected":false},"excerpt":{"rendered":"<p>Conversor de m\u00eddia Suporta opera\u00e7\u00e3o full\/alf-duplex<br \/>\nSuporta o modo de armazenamento e encaminhamento<br \/>\nSinal de link de feedback de status do indicador LED RJ45 2SC<br \/>\nSC para RJ45, conecte-o e jogue<\/p>","protected":false},"featured_media":14363,"comment_status":"open","ping_status":"closed","template":"","meta":[],"product_brand":[],"product_cat":[310],"product_tag":[387,259,388],"class_list":{"0":"post-14359","1":"product","2":"type-product","3":"status-publish","4":"has-post-thumbnail","6":"product_cat-copper-to-fiber-media-converters","7":"product_tag-2sc-4rj45","8":"product_tag-media-converter","9":"product_tag-sc-to-rj45","11":"first","12":"instock","13":"shipping-taxable","14":"purchasable","15":"product-type-variable"},"_links":{"self":[{"href":"https:\/\/www.luleey.com\/pt\/wp-json\/wp\/v2\/product\/14359","targetHints":{"allow":["GET"]}}],"collection":[{"href":"https:\/\/www.luleey.com\/pt\/wp-json\/wp\/v2\/product"}],"about":[{"href":"https:\/\/www.luleey.com\/pt\/wp-json\/wp\/v2\/types\/product"}],"replies":[{"embeddable":true,"href":"https:\/\/www.luleey.com\/pt\/wp-json\/wp\/v2\/comments?post=14359"}],"wp:featuredmedia":[{"embeddable":true,"href":"https:\/\/www.luleey.com\/pt\/wp-json\/wp\/v2\/media\/14363"}],"wp:attachment":[{"href":"https:\/\/www.luleey.com\/pt\/wp-json\/wp\/v2\/media?parent=14359"}],"wp:term":[{"taxonomy":"product_brand","embeddable":true,"href":"https:\/\/www.luleey.com\/pt\/wp-json\/wp\/v2\/product_brand?post=14359"},{"taxonomy":"product_cat","embeddable":true,"href":"https:\/\/www.luleey.com\/pt\/wp-json\/wp\/v2\/product_cat?post=14359"},{"taxonomy":"product_tag","embeddable":true,"href":"https:\/\/www.luleey.com\/pt\/wp-json\/wp\/v2\/product_tag?post=14359"}],"curies":[{"name":"wp","href":"https:\/\/api.w.org\/{rel}","templated":true}]}}