{"id":14368,"date":"2024-08-05T23:16:22","date_gmt":"2024-08-05T15:16:22","guid":{"rendered":"https:\/\/www.luleey.com\/?post_type=product&#038;p=14368"},"modified":"2025-07-25T09:51:06","modified_gmt":"2025-07-25T01:51:06","slug":"fc-upc-adjustable-attenuator-fc-apc-adjustable-attenuator","status":"publish","type":"product","link":"https:\/\/www.luleey.com\/pt\/produto\/fc-upc-adjustable-attenuator-fc-apc-adjustable-attenuator\/","title":{"rendered":"Atenuador ajust\u00e1vel FC UPC \/ Atenuador ajust\u00e1vel FC APC"},"content":{"rendered":"<h3>Recursos<\/h3>\n<ol>\n<li>Boa repetibilidade, boa resist\u00eancia ao desgaste e boa estabilidade de temperatura.<\/li>\n<li><span data-spm-anchor-id=\"a2g0o.detail.1000023.i1.5e06yANUyANUVU\">A perda adicional m\u00e9dia \u00e9 inferior a 0,2 dB, e a perda de retorno \u00e9 alta. <\/span><\/li>\n<li>O uso de plug-ins \u00e9 maior que 1.000 vezes.<\/li>\n<\/ol>\n<h3>Especifica\u00e7\u00e3o<\/h3>\n<table width=\"598\">\n<tbody>\n<tr>\n<td width=\"211\">Nome da marca<\/td>\n<td width=\"387\">luleey<\/td>\n<\/tr>\n<tr>\n<td width=\"211\">Nome do produto<\/td>\n<td width=\"387\">Atenuador ajust\u00e1vel FC UPC \/ Atenuador ajust\u00e1vel FC APC<\/td>\n<\/tr>\n<tr>\n<td width=\"211\">Atenua\u00e7\u00e3o precisa<\/td>\n<td width=\"387\">&lt;=+\/-0,5dB<\/td>\n<\/tr>\n<tr>\n<td>Atenua\u00e7\u00e3o db<\/td>\n<td>0-30dB<\/td>\n<\/tr>\n<tr>\n<td width=\"211\">Par\u00e2metros de comprimento de onda<\/td>\n<td width=\"387\">modo \u00fanico 1310~1550nm<\/td>\n<\/tr>\n<tr>\n<td width=\"211\">Perda de retorno<\/td>\n<td width=\"387\">maior ou igual a 60dB<\/td>\n<\/tr>\n<tr>\n<td width=\"211\">Tipo de virola<\/td>\n<td width=\"387\">cer\u00e2mica<\/td>\n<\/tr>\n<tr>\n<td width=\"211\">Temperatura de trabalho<\/td>\n<td width=\"387\">-40~80 graus Celsius<\/td>\n<\/tr>\n<tr>\n<td width=\"211\">Temperatura de armazenamento<\/td>\n<td>-55~85 graus Celsius<\/td>\n<\/tr>\n<\/tbody>\n<\/table>","protected":false},"excerpt":{"rendered":"<p>Atenuador FC, perda de inser\u00e7\u00e3o 1-5db\u2264\u00b10,5db, 5-30db\u00b1\u226410%.<\/p>\n<p>Suporta o ajuste manual da atenua\u00e7\u00e3o<\/p>\n<p>Suporte \u00e0 reutiliza\u00e7\u00e3o, boa estabilidade<\/p>\n<p>Suporte ao atenuador ajust\u00e1vel FC UPC ou ao atenuador ajust\u00e1vel FC APC<\/p>\n<p>Usado em sistemas de comunica\u00e7\u00e3o por fibra \u00f3ptica, instrumenta\u00e7\u00e3o, rede CATV e outros usos da cena<\/p>","protected":false},"featured_media":14369,"comment_status":"open","ping_status":"closed","template":"","meta":[],"product_brand":[],"product_cat":[365,788],"product_tag":[394,393,395],"class_list":{"0":"post-14368","1":"product","2":"type-product","3":"status-publish","4":"has-post-thumbnail","6":"product_cat-optical-adapters-and-flange-connectors-and-attenuator","7":"product_cat-optical-attenuator","8":"product_tag-adjustable-attenuator","9":"product_tag-fc-apc-attenuator","10":"product_tag-fc-upc-attenuator","12":"first","13":"instock","14":"shipping-taxable","15":"purchasable","16":"product-type-variable"},"_links":{"self":[{"href":"https:\/\/www.luleey.com\/pt\/wp-json\/wp\/v2\/product\/14368","targetHints":{"allow":["GET"]}}],"collection":[{"href":"https:\/\/www.luleey.com\/pt\/wp-json\/wp\/v2\/product"}],"about":[{"href":"https:\/\/www.luleey.com\/pt\/wp-json\/wp\/v2\/types\/product"}],"replies":[{"embeddable":true,"href":"https:\/\/www.luleey.com\/pt\/wp-json\/wp\/v2\/comments?post=14368"}],"wp:featuredmedia":[{"embeddable":true,"href":"https:\/\/www.luleey.com\/pt\/wp-json\/wp\/v2\/media\/14369"}],"wp:attachment":[{"href":"https:\/\/www.luleey.com\/pt\/wp-json\/wp\/v2\/media?parent=14368"}],"wp:term":[{"taxonomy":"product_brand","embeddable":true,"href":"https:\/\/www.luleey.com\/pt\/wp-json\/wp\/v2\/product_brand?post=14368"},{"taxonomy":"product_cat","embeddable":true,"href":"https:\/\/www.luleey.com\/pt\/wp-json\/wp\/v2\/product_cat?post=14368"},{"taxonomy":"product_tag","embeddable":true,"href":"https:\/\/www.luleey.com\/pt\/wp-json\/wp\/v2\/product_tag?post=14368"}],"curies":[{"name":"wp","href":"https:\/\/api.w.org\/{rel}","templated":true}]}}