{"id":14375,"date":"2024-08-06T22:53:07","date_gmt":"2024-08-06T14:53:07","guid":{"rendered":"https:\/\/www.luleey.com\/?post_type=product&#038;p=14375"},"modified":"2025-07-25T09:51:05","modified_gmt":"2025-07-25T01:51:05","slug":"fc-apc-attenuator-0-30db-fixed-value","status":"publish","type":"product","link":"https:\/\/www.luleey.com\/pt\/produto\/fc-apc-attenuator-0-30db-fixed-value\/","title":{"rendered":"Atenuador FC APC Valor fixo de 0-30db"},"content":{"rendered":"<h4 data-spm-anchor-id=\"a2g0o.detail.1000023.i0.525da32aC35IUk\">Recursos<\/h4>\n<ol>\n<li>Suporte \u00e0 reutiliza\u00e7\u00e3o, boa resist\u00eancia \u00e0 abras\u00e3o, resist\u00eancia a altas temperaturas.<\/li>\n<li>Baixa perda de inser\u00e7\u00e3o, m\u00e9dia abaixo de 0,2 dB, alta perda de retorno.<\/li>\n<li>Adequado para switches de rede de fibra \u00f3ptica, roteadores de rede de fibra \u00f3ptica, switches de rede, NICs de fibra \u00f3ptica, servidores, dispositivos de armazenamento de rede, transceptores de fibra \u00f3ptica e assim por diante.<\/li>\n<\/ol>\n<div class=\"a-column a-span6\">\n<h3>Especifica\u00e7\u00e3o<\/h3>\n<table style=\"width: 100%; height: 414px;\" width=\"598\">\n<tbody>\n<tr style=\"height: 69px;\">\n<td style=\"height: 69px;\" width=\"211\">Nome da marca<\/td>\n<td style=\"height: 69px;\" width=\"387\">LuLeey<\/td>\n<\/tr>\n<tr style=\"height: 69px;\">\n<td style=\"height: 69px;\" width=\"211\">Tipo de conector<\/td>\n<td style=\"height: 69px;\" width=\"387\">FC\/APC<\/td>\n<\/tr>\n<tr style=\"height: 69px;\">\n<td style=\"height: 69px;\" width=\"211\">Nome do produto<\/td>\n<td style=\"height: 69px;\" width=\"387\">Atenuador FC\/APC<\/td>\n<\/tr>\n<tr style=\"height: 69px;\">\n<td style=\"height: 69px;\" width=\"211\">Origem<\/td>\n<td style=\"height: 69px;\" width=\"387\">China continental<\/td>\n<\/tr>\n<tr style=\"height: 69px;\">\n<td style=\"height: 69px;\" width=\"211\">tempos de tomada<\/td>\n<td style=\"height: 69px;\" width=\"387\">mais 1000<\/td>\n<\/tr>\n<\/tbody>\n<\/table>\n<\/div>","protected":false},"excerpt":{"rendered":"<ol>\n<li>O atenuador FC APC tem boa repetibilidade, boa resist\u00eancia ao desgaste e boa estabilidade de temperatura.<\/li>\n<li>A perda adicional m\u00e9dia \u00e9 inferior a 0,2 dB, e a perda de retorno \u00e9 alta.<\/li>\n<li>O n\u00famero de usos de plug-in \u00e9 superior a 1.000 vezes.<\/li>\n<\/ol>","protected":false},"featured_media":14382,"comment_status":"open","ping_status":"closed","template":"","meta":[],"product_brand":[],"product_cat":[365,788],"product_tag":[402,393],"class_list":{"0":"post-14375","1":"product","2":"type-product","3":"status-publish","4":"has-post-thumbnail","6":"product_cat-optical-adapters-and-flange-connectors-and-attenuator","7":"product_cat-optical-attenuator","8":"product_tag-attenuator","9":"product_tag-fc-apc-attenuator","11":"first","12":"instock","13":"shipping-taxable","14":"purchasable","15":"product-type-variable"},"_links":{"self":[{"href":"https:\/\/www.luleey.com\/pt\/wp-json\/wp\/v2\/product\/14375","targetHints":{"allow":["GET"]}}],"collection":[{"href":"https:\/\/www.luleey.com\/pt\/wp-json\/wp\/v2\/product"}],"about":[{"href":"https:\/\/www.luleey.com\/pt\/wp-json\/wp\/v2\/types\/product"}],"replies":[{"embeddable":true,"href":"https:\/\/www.luleey.com\/pt\/wp-json\/wp\/v2\/comments?post=14375"}],"wp:featuredmedia":[{"embeddable":true,"href":"https:\/\/www.luleey.com\/pt\/wp-json\/wp\/v2\/media\/14382"}],"wp:attachment":[{"href":"https:\/\/www.luleey.com\/pt\/wp-json\/wp\/v2\/media?parent=14375"}],"wp:term":[{"taxonomy":"product_brand","embeddable":true,"href":"https:\/\/www.luleey.com\/pt\/wp-json\/wp\/v2\/product_brand?post=14375"},{"taxonomy":"product_cat","embeddable":true,"href":"https:\/\/www.luleey.com\/pt\/wp-json\/wp\/v2\/product_cat?post=14375"},{"taxonomy":"product_tag","embeddable":true,"href":"https:\/\/www.luleey.com\/pt\/wp-json\/wp\/v2\/product_tag?post=14375"}],"curies":[{"name":"wp","href":"https:\/\/api.w.org\/{rel}","templated":true}]}}