{"id":14391,"date":"2024-08-07T22:34:49","date_gmt":"2024-08-07T14:34:49","guid":{"rendered":"https:\/\/www.luleey.com\/?post_type=product&#038;p=14391"},"modified":"2025-09-12T22:46:35","modified_gmt":"2025-09-12T14:46:35","slug":"110-impact-punch-down-tool-with-110-blade","status":"publish","type":"product","link":"https:\/\/www.luleey.com\/pt\/produto\/110-impact-punch-down-tool-with-110-blade\/","title":{"rendered":"Ferramenta de perfura\u00e7\u00e3o de impacto 110 com l\u00e2mina 110"},"content":{"rendered":"<p>Cabo de rede m\u00f3dulo de rede batedor de cabos painel de sa\u00edda 110 quadro de distribui\u00e7\u00e3o crimper de linha telef\u00f4nica cortador de cabos multifuncional<\/p>\n<h3>Recursos<\/h3>\n<ol>\n<li>Cabo de rede m\u00f3dulo de rede batedor de cabos painel de sa\u00edda 110 quadro de distribui\u00e7\u00e3o linha telef\u00f4nica crimper cortador de cabos multifuncionalCabe\u00e7a de corte dupla.<\/li>\n<li>A\u00e7o de alta qualidade.<\/li>\n<li>Remove facilmente os cabos indesejados.<\/li>\n<li>A estrutura da ferramenta \u00e9 dividida em um corpo principal com mecanismo de impacto interno e um corpo girat\u00f3rio, com controle de press\u00e3o de impacto ajust\u00e1vel.<\/li>\n<li>no sentido hor\u00e1rio para a press\u00e3o H indicada H =15+.2kgs para inserir um fio maior no bloco de terminais, ou a press\u00e3o L indicada L=10+2 kgs para o fio padr\u00e3o. A parte girat\u00f3ria \u00e9 irrevers\u00edvel.<\/li>\n<li>O compartimento na parte superior da ferramenta serve para armazenar uma l\u00e2mina sobressalente<\/li>\n<li>Todas as l\u00e2minas s\u00e3o intercambi\u00e1veis e revers\u00edveis. As l\u00e2minas s\u00e3o f\u00e1ceis de trocar.<\/li>\n<\/ol>\n<h3>Especifica\u00e7\u00e3o<\/h3>\n<table width=\"598\">\n<tbody>\n<tr>\n<td width=\"211\">Nome da marca<\/td>\n<td width=\"387\">LuLeey<\/td>\n<\/tr>\n<tr>\n<td>Nome do produto<\/td>\n<td>110 Ferramenta de perfura\u00e7\u00e3o de impacto<\/td>\n<\/tr>\n<tr>\n<td width=\"211\">L\u00e2mina remov\u00edvel<\/td>\n<td>Suporte<\/td>\n<\/tr>\n<tr>\n<td>Material da al\u00e7a<\/td>\n<td>ABS<\/td>\n<\/tr>\n<tr>\n<td width=\"211\">Regulagem de press\u00e3o<\/td>\n<td>Suporte<\/td>\n<\/tr>\n<tr>\n<td width=\"211\">Slot de armazenamento para l\u00e2mina<\/td>\n<td>Suporte<\/td>\n<\/tr>\n<tr>\n<td width=\"211\">Material da l\u00e2mina<\/td>\n<td>A\u00e7o de alto carbono<\/td>\n<\/tr>\n<tr>\n<td width=\"211\">L\u00e2mina dupla<\/td>\n<td>Suporte<\/td>\n<\/tr>\n<tr>\n<td>Tamanho<\/td>\n<td>170x31mm<\/td>\n<\/tr>\n<\/tbody>\n<\/table>","protected":false},"excerpt":{"rendered":"<ol>\n<li>As ferramentas de perfura\u00e7\u00e3o cortam e terminam o cabo em um patch panel 110 ou em um conector keystone.<\/li>\n<li>A l\u00e2mina remov\u00edvel da ferramenta de perfura\u00e7\u00e3o Ethernet tipo impacto com soquetes de tor\u00e7\u00e3o e trava pode ser armazenada no corpo da ferramenta para transporte.<\/li>\n<li>Configura\u00e7\u00f5es ajust\u00e1veis de for\u00e7a de impacto (Lo\/Hi) para termina\u00e7\u00e3o de cabos em um conector, bloco ou patch panel com terminais IDC 110.<\/li>\n<li>O conector keystone \u00e9 compat\u00edvel com cabos de rede ou de voz Cat 5, Cat 5e, Cat 6, Cat 6A, Cat 7 e Cat 8; emparelhado com um suporte de perfura\u00e7\u00e3o de conector keystone para uma instala\u00e7\u00e3o segura.<\/li>\n<li>A ferramenta de bloco 110 usa a\u00e7\u00e3o de mola para encaixe e termina\u00e7\u00e3o r\u00e1pida e de baixo esfor\u00e7o do cabo com l\u00e2mina revers\u00edvel de corte\/perfura\u00e7\u00e3o<\/li>\n<\/ol>","protected":false},"featured_media":14392,"comment_status":"open","ping_status":"closed","template":"","meta":[],"product_brand":[],"product_cat":[352],"product_tag":[404,403],"class_list":{"0":"post-14391","1":"product","2":"type-product","3":"status-publish","4":"has-post-thumbnail","6":"product_cat-copper-tools","7":"product_tag-110-block-tool","8":"product_tag-impact-punch-down-tool","10":"first","11":"instock","12":"shipping-taxable","13":"purchasable","14":"product-type-simple"},"_links":{"self":[{"href":"https:\/\/www.luleey.com\/pt\/wp-json\/wp\/v2\/product\/14391","targetHints":{"allow":["GET"]}}],"collection":[{"href":"https:\/\/www.luleey.com\/pt\/wp-json\/wp\/v2\/product"}],"about":[{"href":"https:\/\/www.luleey.com\/pt\/wp-json\/wp\/v2\/types\/product"}],"replies":[{"embeddable":true,"href":"https:\/\/www.luleey.com\/pt\/wp-json\/wp\/v2\/comments?post=14391"}],"wp:featuredmedia":[{"embeddable":true,"href":"https:\/\/www.luleey.com\/pt\/wp-json\/wp\/v2\/media\/14392"}],"wp:attachment":[{"href":"https:\/\/www.luleey.com\/pt\/wp-json\/wp\/v2\/media?parent=14391"}],"wp:term":[{"taxonomy":"product_brand","embeddable":true,"href":"https:\/\/www.luleey.com\/pt\/wp-json\/wp\/v2\/product_brand?post=14391"},{"taxonomy":"product_cat","embeddable":true,"href":"https:\/\/www.luleey.com\/pt\/wp-json\/wp\/v2\/product_cat?post=14391"},{"taxonomy":"product_tag","embeddable":true,"href":"https:\/\/www.luleey.com\/pt\/wp-json\/wp\/v2\/product_tag?post=14391"}],"curies":[{"name":"wp","href":"https:\/\/api.w.org\/{rel}","templated":true}]}}