{"id":14562,"date":"2024-08-11T21:43:03","date_gmt":"2024-08-11T13:43:03","guid":{"rendered":"https:\/\/www.luleey.com\/?post_type=product&#038;p=14562"},"modified":"2024-08-11T21:43:06","modified_gmt":"2024-08-11T13:43:06","slug":"fiber-optic-drop-cable-stripper","status":"publish","type":"product","link":"https:\/\/www.luleey.com\/pt\/produto\/fiber-optic-drop-cable-stripper\/","title":{"rendered":"Decapador de cabos de fibra \u00f3ptica"},"content":{"rendered":"<h3>Recursos<\/h3>\n<ol>\n<li>\n<div>Design elegante, resistente e dur\u00e1vel.<\/div>\n<\/li>\n<li>\n<div>Pele de cabo \u00f3ptico remov\u00edvel e comprimento fixo remov\u00edvel.<\/div>\n<\/li>\n<li>\n<div>com posicionamento de comprimento, f\u00e1cil de operar.<\/div>\n<\/li>\n<li>\n<div><span data-spm-anchor-id=\"a2g0o.detail.1000023.i0.5543tOmKtOmKmu\">Tamanho pequeno, f\u00e1cil de transportar<\/span><\/div>\n<\/li>\n<\/ol>\n<h3>Especifica\u00e7\u00e3o<\/h3>\n<table style=\"border-collapse: collapse; width: 100%;\">\n<tbody>\n<tr>\n<td style=\"width: 50%;\">Marca<\/td>\n<td style=\"width: 50%;\">LuLeey<\/td>\n<\/tr>\n<tr>\n<td style=\"width: 50%;\">Nome do produto<\/td>\n<td style=\"width: 50%;\">Decapador de cabos de fibra \u00f3ptica<\/td>\n<\/tr>\n<tr>\n<td style=\"width: 50%;\" width=\"222\">Faixa adaptativa<\/td>\n<td style=\"width: 50%;\" width=\"72\">Cabo \u00f3ptico interno de 3 mm (L) * 2 mm (A);<\/td>\n<\/tr>\n<tr>\n<td style=\"width: 50%;\">Fibra \u00f3ptica adaptativa<\/td>\n<td style=\"width: 50%;\">Fibra \u00f3ptica de 1\/2 n\u00facleo;<\/td>\n<\/tr>\n<tr>\n<td style=\"width: 50%;\">Di\u00e2metro de revestimento adapt\u00e1vel da fibra \u00f3ptica<\/td>\n<td style=\"width: 50%;\">\u03a60,25 mm e \u03a60,9 mm;<\/td>\n<\/tr>\n<tr>\n<td style=\"width: 50%;\">Di\u00e2metro de revestimento adapt\u00e1vel da fibra \u00f3ptica<\/td>\n<td style=\"width: 50%;\">125\u03bcm<\/td>\n<\/tr>\n<\/tbody>\n<\/table>","protected":false},"excerpt":{"rendered":"<p>\u3010Alta qualidade\u3011 O alicate para desencapar cabos \u00f3pticos \u00e9 feito de metal de alta qualidade, com uma nova vers\u00e3o atualizada da mola. A al\u00e7a de borracha foi projetada de acordo com a ergonomia, sendo confort\u00e1vel de segurar, f\u00e1cil de operar e mais adapt\u00e1vel.<br \/>\n\u3010L\u00e2mina afiada\u3011A l\u00e2mina \u00e9 afiada, o que permite descascar facilmente o fio. Ela n\u00e3o danificar\u00e1 o n\u00facleo da fibra \u00f3ptica ao remover o cabo externo. A l\u00e2mina n\u00e3o fica exposta e pode evitar que objetos rombos colidam com a l\u00e2mina e causem danos a ela. Tamb\u00e9m pode evitar que a l\u00e2mina arranhe o usu\u00e1rio.<br \/>\n\u3010Aplicabilidade\u3011Faixa de adapta\u00e7\u00e3o: Cabo \u00f3ptico interno de 3 mm (L) * 2 mm (A); Fibra \u00f3ptica adapt\u00e1vel: fibra \u00f3ptica de 1\/2 n\u00facleo; Di\u00e2metro de revestimento adapt\u00e1vel da fibra \u00f3ptica: \u03a60,25mm e \u03a60,9; di\u00e2metro de revestimento adapt\u00e1vel da fibra \u00f3ptica: 125\u03bcm.<br \/>\n\u3010Escala de 2,4 polegadas\u3011A escala de descascamento \u00e9 clara para garantir a precis\u00e3o do comprimento do descascamento. Voc\u00ea pode escolher o comprimento de descascamento que precisa. F\u00e1cil de usar, aumenta a efici\u00eancia do trabalho.<\/p>","protected":false},"featured_media":14563,"comment_status":"open","ping_status":"closed","template":"","meta":[],"product_brand":[],"product_cat":[357],"product_tag":[420],"class_list":{"0":"post-14562","1":"product","2":"type-product","3":"status-publish","4":"has-post-thumbnail","6":"product_cat-fiber-cleavers-and-fiber-strippers","7":"product_tag-fiber-optic-drop-cable-stripper","9":"first","10":"instock","11":"shipping-taxable","12":"purchasable","13":"product-type-simple"},"_links":{"self":[{"href":"https:\/\/www.luleey.com\/pt\/wp-json\/wp\/v2\/product\/14562","targetHints":{"allow":["GET"]}}],"collection":[{"href":"https:\/\/www.luleey.com\/pt\/wp-json\/wp\/v2\/product"}],"about":[{"href":"https:\/\/www.luleey.com\/pt\/wp-json\/wp\/v2\/types\/product"}],"replies":[{"embeddable":true,"href":"https:\/\/www.luleey.com\/pt\/wp-json\/wp\/v2\/comments?post=14562"}],"wp:featuredmedia":[{"embeddable":true,"href":"https:\/\/www.luleey.com\/pt\/wp-json\/wp\/v2\/media\/14563"}],"wp:attachment":[{"href":"https:\/\/www.luleey.com\/pt\/wp-json\/wp\/v2\/media?parent=14562"}],"wp:term":[{"taxonomy":"product_brand","embeddable":true,"href":"https:\/\/www.luleey.com\/pt\/wp-json\/wp\/v2\/product_brand?post=14562"},{"taxonomy":"product_cat","embeddable":true,"href":"https:\/\/www.luleey.com\/pt\/wp-json\/wp\/v2\/product_cat?post=14562"},{"taxonomy":"product_tag","embeddable":true,"href":"https:\/\/www.luleey.com\/pt\/wp-json\/wp\/v2\/product_tag?post=14562"}],"curies":[{"name":"wp","href":"https:\/\/api.w.org\/{rel}","templated":true}]}}