{"id":14567,"date":"2024-08-11T23:10:48","date_gmt":"2024-08-11T15:10:48","guid":{"rendered":"https:\/\/www.luleey.com\/?post_type=product&#038;p=14567"},"modified":"2025-07-25T09:51:04","modified_gmt":"2025-07-25T01:51:04","slug":"lc-upc-adjustable-attenuator","status":"publish","type":"product","link":"https:\/\/www.luleey.com\/pt\/produto\/lc-upc-adjustable-attenuator\/","title":{"rendered":"Atenuador ajust\u00e1vel LC UPC"},"content":{"rendered":"<div class=\"woocommerce-tabs wc-tabs-wrapper\">\n<div id=\"tab-description\" class=\"woocommerce-Tabs-panel woocommerce-Tabs-panel--description panel entry-content wc-tab\" role=\"tabpanel\" aria-labelledby=\"tab-title-description\">\n<h3>Recursos<\/h3>\n<ol>\n<li>Atenuador ajust\u00e1vel LC UPC Boa repetibilidade, boa resist\u00eancia ao desgaste e boa estabilidade de temperatura.<\/li>\n<li>A perda adicional m\u00e9dia \u00e9 inferior a 0,2 dB, e a perda de retorno \u00e9 alta.<\/li>\n<li>O n\u00famero de usos de conex\u00e3o e desconex\u00e3o \u00e9 superior a 1.000 vezes.<\/li>\n<\/ol>\n<h3>Especifica\u00e7\u00e3o<\/h3>\n<table style=\"width: 1288px;\" width=\"598\">\n<tbody>\n<tr>\n<td style=\"width: 454px;\" width=\"211\">Nome da marca<\/td>\n<td style=\"width: 834px;\" width=\"387\">luleey<\/td>\n<\/tr>\n<tr>\n<td style=\"width: 454px;\" width=\"211\">Nome do produto<\/td>\n<td style=\"width: 834px;\" width=\"387\">Atenuador ajust\u00e1vel LC UPC<\/td>\n<\/tr>\n<tr>\n<td style=\"width: 454px;\" width=\"211\">Atenua\u00e7\u00e3o precisa<\/td>\n<td style=\"width: 834px;\" width=\"387\">&lt;=+\/-0,5dB<\/td>\n<\/tr>\n<tr>\n<td style=\"width: 454px;\">Atenua\u00e7\u00e3o db<\/td>\n<td style=\"width: 834px;\">0-30dB<\/td>\n<\/tr>\n<tr>\n<td style=\"width: 454px;\" width=\"211\">Par\u00e2metros de comprimento de onda<\/td>\n<td style=\"width: 834px;\" width=\"387\">modo \u00fanico 1310~1550nm<\/td>\n<\/tr>\n<tr>\n<td style=\"width: 454px;\" width=\"211\">Perda de retorno<\/td>\n<td style=\"width: 834px;\" width=\"387\">maior ou igual a 60dB<\/td>\n<\/tr>\n<tr>\n<td style=\"width: 454px;\" width=\"211\">Tipo de virola<\/td>\n<td style=\"width: 834px;\" width=\"387\">cer\u00e2mica<\/td>\n<\/tr>\n<tr>\n<td style=\"width: 454px;\" width=\"211\">Temperatura de trabalho<\/td>\n<td style=\"width: 834px;\" width=\"387\">-40~80 graus Celsius<\/td>\n<\/tr>\n<tr>\n<td style=\"width: 454px;\" width=\"211\">Temperatura de armazenamento<\/td>\n<td style=\"width: 834px;\">-55~85 graus Celsius<\/td>\n<\/tr>\n<\/tbody>\n<\/table>\n<\/div>\n<\/div>","protected":false},"excerpt":{"rendered":"<div id=\"offer-template-0\">\n<ul>\n<li>Atenuador ajust\u00e1vel LC UPC Atenua\u00e7\u00e3o precisa: &lt;=+\/-0,5db<\/li>\n<li>Par\u00e2metros de comprimento de onda: modo \u00fanico 1310~1550nm<\/li>\n<li>Perda de retorno: &gt;=55dB<\/li>\n<li>Tipo de virola: cer\u00e2mica<\/li>\n<li>Temperatura de trabalho: -40~80 graus Celsius<\/li>\n<li data-spm-anchor-id=\"a2g0o.detail.1000023.i0.3fa7bOYTbOYTIX\">Temperatura de armazenamento: -55~85 graus Celsius<\/li>\n<\/ul>\n<\/div>","protected":false},"featured_media":14569,"comment_status":"open","ping_status":"closed","template":"","meta":[],"product_brand":[],"product_cat":[365,788],"product_tag":[394,422],"class_list":{"0":"post-14567","1":"product","2":"type-product","3":"status-publish","4":"has-post-thumbnail","6":"product_cat-optical-adapters-and-flange-connectors-and-attenuator","7":"product_cat-optical-attenuator","8":"product_tag-adjustable-attenuator","9":"product_tag-lc-upc-adjustable-attenuator","11":"first","12":"instock","13":"shipping-taxable","14":"purchasable","15":"product-type-variable"},"_links":{"self":[{"href":"https:\/\/www.luleey.com\/pt\/wp-json\/wp\/v2\/product\/14567","targetHints":{"allow":["GET"]}}],"collection":[{"href":"https:\/\/www.luleey.com\/pt\/wp-json\/wp\/v2\/product"}],"about":[{"href":"https:\/\/www.luleey.com\/pt\/wp-json\/wp\/v2\/types\/product"}],"replies":[{"embeddable":true,"href":"https:\/\/www.luleey.com\/pt\/wp-json\/wp\/v2\/comments?post=14567"}],"wp:featuredmedia":[{"embeddable":true,"href":"https:\/\/www.luleey.com\/pt\/wp-json\/wp\/v2\/media\/14569"}],"wp:attachment":[{"href":"https:\/\/www.luleey.com\/pt\/wp-json\/wp\/v2\/media?parent=14567"}],"wp:term":[{"taxonomy":"product_brand","embeddable":true,"href":"https:\/\/www.luleey.com\/pt\/wp-json\/wp\/v2\/product_brand?post=14567"},{"taxonomy":"product_cat","embeddable":true,"href":"https:\/\/www.luleey.com\/pt\/wp-json\/wp\/v2\/product_cat?post=14567"},{"taxonomy":"product_tag","embeddable":true,"href":"https:\/\/www.luleey.com\/pt\/wp-json\/wp\/v2\/product_tag?post=14567"}],"curies":[{"name":"wp","href":"https:\/\/api.w.org\/{rel}","templated":true}]}}