{"id":14650,"date":"2024-08-18T00:02:46","date_gmt":"2024-08-17T16:02:46","guid":{"rendered":"https:\/\/www.luleey.com\/?post_type=product&#038;p=14650"},"modified":"2024-08-18T00:05:39","modified_gmt":"2024-08-17T16:05:39","slug":"5pcs-l925b-universal-fiber-optic-cold-splices","status":"publish","type":"product","link":"https:\/\/www.luleey.com\/pt\/produto\/5pcs-l925b-universal-fiber-optic-cold-splices\/","title":{"rendered":"5pcs L925B emendas frias de fibra \u00f3ptica universal"},"content":{"rendered":"<h3>Recursos<\/h3>\n<ol>\n<li>\u00f3timo design, a precis\u00e3o da ponta da fibra \u00f3ptica \u00e9 alta, os indicadores t\u00e9cnicos s\u00e3o excelentes.<\/li>\n<li>A estrutura do n\u00facleo: o design da estrutura da caixa, o bom desempenho de veda\u00e7\u00e3o, o fluido correspondente n\u00e3o \u00e9 f\u00e1cil de perder, a resist\u00eancia \u00e0s intemp\u00e9ries \u00e9 forte.<\/li>\n<li>Cabo \u00f3ptico aplic\u00e1vel: adequado para qualquer combina\u00e7\u00e3o de fibra \u00f3ptica de 0,25 mm e fibra \u00f3ptica de 0,9 mm.<\/li>\n<li>opera\u00e7\u00e3o simples, velocidade de constru\u00e7\u00e3o r\u00e1pida, alta taxa de sucesso de instala\u00e7\u00e3o, ciclo de vida longo, manuten\u00e7\u00e3o simples e conveniente posteriormente.<\/li>\n<li>Aplica\u00e7\u00e3o: para engenharia de FTTH e reparo de cabos \u00f3pticos.<\/li>\n<\/ol>\n<h3>Especifica\u00e7\u00e3o<\/h3>\n<table width=\"598\">\n<tbody>\n<tr>\n<td width=\"211\">Nome da marca<\/td>\n<td width=\"387\">LuLeey<\/td>\n<\/tr>\n<tr>\n<td width=\"211\">Origem<\/td>\n<td width=\"387\">China continental<\/td>\n<\/tr>\n<tr>\n<td>Nome do produto<\/td>\n<td width=\"387\">L925B Emendas frias de fibra \u00f3ptica universais<\/td>\n<\/tr>\n<tr>\n<td>Faixa de uso<\/td>\n<td>\u00a00,25 mm\/0,90 mm<\/td>\n<\/tr>\n<tr>\n<td>Di\u00e2metro da fibra<\/td>\n<td>125\u03bcm(657A&amp;657B)<\/td>\n<\/tr>\n<tr>\n<td>Di\u00e2metro compacto<\/td>\n<td>\u00a0250\u03bcm e 900\u03bcm<\/td>\n<\/tr>\n<tr>\n<td>Modelo aplic\u00e1vel<\/td>\n<td>\u00a0Modo \u00fanico e multimodo<\/td>\n<\/tr>\n<tr>\n<td>Perda de inser\u00e7\u00e3o<\/td>\n<td>\u00a0\u22640,10dB<\/td>\n<\/tr>\n<tr>\n<td>Perda de retorno<\/td>\n<td>\u00a0\u2264-40dB<\/td>\n<\/tr>\n<tr>\n<td>For\u00e7a de aperto da fibra nua<\/td>\n<td>\uff1e5N<\/td>\n<\/tr>\n<tr>\n<td>For\u00e7a de empacotamento apertada<\/td>\n<td>\u00a0\uff1e8N<\/td>\n<\/tr>\n<tr>\n<td>Temperatura de uso<\/td>\n<td>\u00a0-40~75\u2103<\/td>\n<\/tr>\n<\/tbody>\n<\/table>","protected":false},"excerpt":{"rendered":"<p><span class=\"a-list-item\">\u3010Caracter\u00edstica\u3011L925B Emendas frias de fibra \u00f3ptica universal, n\u00facleo de cer\u00e2mica, perda de inser\u00e7\u00e3o: 50dB. Alta repetibilidade, inser\u00e7\u00e3o e extra\u00e7\u00e3o: &gt; 10 vezes.<\/span><\/p>\n<p><span class=\"a-list-item\">\u3010F\u00e1cil de instalar\u3011 Inclui mecanismo de guia de fibra, mais conveniente para usar a fibra. O pacote cont\u00e9m instru\u00e7\u00f5es de instala\u00e7\u00e3o.<\/span><\/p>\n<p><span class=\"a-list-item\">\u3010Material\u3011Feito de materiais de alto desempenho, mais dur\u00e1veis, resistentes a altas temperaturas e a quedas.<\/span><\/p>\n<p><span class=\"a-list-item\">\u3010Aplica\u00e7\u00e3o\u3011 Adequado para fibra nua de 0,25 mm ou pigtail de 0,9 mm.<\/span><\/p>","protected":false},"featured_media":14651,"comment_status":"open","ping_status":"closed","template":"","meta":[],"product_brand":[],"product_cat":[368],"product_tag":[427],"class_list":{"0":"post-14650","1":"product","2":"type-product","3":"status-publish","4":"has-post-thumbnail","6":"product_cat-quick-connector-and-connector-panel","7":"product_tag-l925b","9":"first","10":"instock","11":"shipping-taxable","12":"purchasable","13":"product-type-simple"},"_links":{"self":[{"href":"https:\/\/www.luleey.com\/pt\/wp-json\/wp\/v2\/product\/14650","targetHints":{"allow":["GET"]}}],"collection":[{"href":"https:\/\/www.luleey.com\/pt\/wp-json\/wp\/v2\/product"}],"about":[{"href":"https:\/\/www.luleey.com\/pt\/wp-json\/wp\/v2\/types\/product"}],"replies":[{"embeddable":true,"href":"https:\/\/www.luleey.com\/pt\/wp-json\/wp\/v2\/comments?post=14650"}],"wp:featuredmedia":[{"embeddable":true,"href":"https:\/\/www.luleey.com\/pt\/wp-json\/wp\/v2\/media\/14651"}],"wp:attachment":[{"href":"https:\/\/www.luleey.com\/pt\/wp-json\/wp\/v2\/media?parent=14650"}],"wp:term":[{"taxonomy":"product_brand","embeddable":true,"href":"https:\/\/www.luleey.com\/pt\/wp-json\/wp\/v2\/product_brand?post=14650"},{"taxonomy":"product_cat","embeddable":true,"href":"https:\/\/www.luleey.com\/pt\/wp-json\/wp\/v2\/product_cat?post=14650"},{"taxonomy":"product_tag","embeddable":true,"href":"https:\/\/www.luleey.com\/pt\/wp-json\/wp\/v2\/product_tag?post=14650"}],"curies":[{"name":"wp","href":"https:\/\/api.w.org\/{rel}","templated":true}]}}