{"id":14657,"date":"2024-08-18T00:20:36","date_gmt":"2024-08-17T16:20:36","guid":{"rendered":"https:\/\/www.luleey.com\/?post_type=product&#038;p=14657"},"modified":"2024-08-18T00:35:25","modified_gmt":"2024-08-17T16:35:25","slug":"5pcs-l925bp-optical-fiber-cold-connector","status":"publish","type":"product","link":"https:\/\/www.luleey.com\/pt\/produto\/5pcs-l925bp-optical-fiber-cold-connector\/","title":{"rendered":"5pcs L925BP Conector frio de fibra \u00f3ptica\u00a0"},"content":{"rendered":"<h3>Recursos<\/h3>\n<ol>\n<li>\u00f3timo design, a precis\u00e3o da ponta da fibra \u00f3ptica \u00e9 alta, os indicadores t\u00e9cnicos s\u00e3o excelentes.<\/li>\n<li>A estrutura do n\u00facleo: o design da estrutura da caixa, o bom desempenho de veda\u00e7\u00e3o, o fluido correspondente n\u00e3o \u00e9 f\u00e1cil de perder, a resist\u00eancia \u00e0s intemp\u00e9ries \u00e9 forte.<\/li>\n<li>Cabo \u00f3ptico aplic\u00e1vel: adequado para qualquer combina\u00e7\u00e3o de fibra \u00f3ptica de 0,25 mm e fibra \u00f3ptica de 0,9 mm.<\/li>\n<li>opera\u00e7\u00e3o simples, velocidade de constru\u00e7\u00e3o r\u00e1pida, alta taxa de sucesso de instala\u00e7\u00e3o, ciclo de vida longo, manuten\u00e7\u00e3o simples e conveniente posteriormente.<\/li>\n<li>Aplica\u00e7\u00e3o: para engenharia de FTTH e reparo de cabos \u00f3pticos.<\/li>\n<\/ol>\n<h3>Especifica\u00e7\u00e3o<\/h3>\n<table width=\"598\">\n<tbody>\n<tr>\n<td width=\"211\">Nome da marca<\/td>\n<td width=\"387\">LuLeey<\/td>\n<\/tr>\n<tr>\n<td width=\"211\">Origem<\/td>\n<td width=\"387\">China continental<\/td>\n<\/tr>\n<tr>\n<td>Nome do produto<\/td>\n<td>L925BP Conector frio de fibra \u00f3ptica<\/td>\n<\/tr>\n<tr>\n<td>ESCOPO DE APLICA\u00c7\u00c3O<\/td>\n<td>\u00a0250\u03bcm e 900\u03bcm<\/td>\n<\/tr>\n<tr>\n<td>Modelo aplic\u00e1vel<\/td>\n<td>\u00a0Modo \u00fanico\/multimodo<\/td>\n<\/tr>\n<tr>\n<td>Faixa de uso<\/td>\n<td>125\u03bcm(657A&amp;657B)<\/td>\n<\/tr>\n<tr>\n<td>Perda de inser\u00e7\u00e3o<\/td>\n<td>\u00a0\u22640,10ddB<\/td>\n<\/tr>\n<tr>\n<td>Perda de retorno<\/td>\n<td>\u00a0\u2265-40dB<\/td>\n<\/tr>\n<tr>\n<td>Temperatura de uso<\/td>\n<td>\u00a0-40-75\u00b0 C<\/td>\n<\/tr>\n<\/tbody>\n<\/table>","protected":false},"excerpt":{"rendered":"<p><span class=\"a-list-item\">Aten\u00e7\u00e3o\u3011Antes de comprar e usar essa emenda a frio de fibra \u00f3ptica L925BP, \u00e9 necess\u00e1rio ter ferramentas profissionais: alicate de decapagem de fibra \u00f3ptica, ajustador de comprimento, cortador de fibra \u00f3ptica. Recomenda-se entender cuidadosamente as etapas de opera\u00e7\u00e3o.<\/span><\/p>\n<p><span class=\"a-list-item\">\u3010Emenda de fibra \u00f3ptica\u3011L925BP conector de emenda r\u00e1pida de fibra \u00f3ptica de n\u00facleo \u00fanico. Estenda ou repare duas fibras \u00f3pticas monomodo ou multimodo de 125\u03bcm acoplando-as pelo m\u00e9todo de emenda a frio (por exemplo, 9\/125\u03bcm, 50\/125\u03bcm, 62,5\/125\u03bcm). Adequado para cabos O.D. \u2264 \u03a62mm.<\/span><\/p>\n<p><span class=\"a-list-item\">\u3010Baixa perda\u3011125\u03bcm emenda fria de fibra \u00f3ptica de uso geral. Desempenho est\u00e1vel, baixa perda de inser\u00e7\u00e3o. Perda de inser\u00e7\u00e3o: \u22640,10dB, perda de retorno: \u2264-40dB.<\/span><\/p>\n<p><span class=\"a-list-item\">\u3010Conector de emenda r\u00e1pida de fibra nua de baixo custo e reutiliz\u00e1vel\u3011L925BP. Adequado para todos os tipos de ambiente de emenda a frio de fibra \u00f3ptica, sem splicer de fus\u00e3o, opera\u00e7\u00e3o simples e r\u00e1pida, baixo custo de emenda e reutiliz\u00e1vel.<\/span><\/p>\n<p><span class=\"a-list-item\">\u3010Instala\u00e7\u00e3o r\u00e1pida\u3011 Conector de emenda r\u00e1pida de fibra simples nua de 125\u03bcm. A base \u00e9 equipada com um mecanismo de guia de fibra para inser\u00e7\u00e3o r\u00e1pida e f\u00e1cil da fibra nua, e o cabo pode ser fixado em ambas as extremidades para facilitar a instala\u00e7\u00e3o, e a tampa superior pode ser protegida.<\/span><\/p>","protected":false},"featured_media":14658,"comment_status":"open","ping_status":"closed","template":"","meta":[],"product_brand":[],"product_cat":[368],"product_tag":[428],"class_list":{"0":"post-14657","1":"product","2":"type-product","3":"status-publish","4":"has-post-thumbnail","6":"product_cat-quick-connector-and-connector-panel","7":"product_tag-l925bp","9":"first","10":"instock","11":"shipping-taxable","12":"purchasable","13":"product-type-simple"},"_links":{"self":[{"href":"https:\/\/www.luleey.com\/pt\/wp-json\/wp\/v2\/product\/14657","targetHints":{"allow":["GET"]}}],"collection":[{"href":"https:\/\/www.luleey.com\/pt\/wp-json\/wp\/v2\/product"}],"about":[{"href":"https:\/\/www.luleey.com\/pt\/wp-json\/wp\/v2\/types\/product"}],"replies":[{"embeddable":true,"href":"https:\/\/www.luleey.com\/pt\/wp-json\/wp\/v2\/comments?post=14657"}],"wp:featuredmedia":[{"embeddable":true,"href":"https:\/\/www.luleey.com\/pt\/wp-json\/wp\/v2\/media\/14658"}],"wp:attachment":[{"href":"https:\/\/www.luleey.com\/pt\/wp-json\/wp\/v2\/media?parent=14657"}],"wp:term":[{"taxonomy":"product_brand","embeddable":true,"href":"https:\/\/www.luleey.com\/pt\/wp-json\/wp\/v2\/product_brand?post=14657"},{"taxonomy":"product_cat","embeddable":true,"href":"https:\/\/www.luleey.com\/pt\/wp-json\/wp\/v2\/product_cat?post=14657"},{"taxonomy":"product_tag","embeddable":true,"href":"https:\/\/www.luleey.com\/pt\/wp-json\/wp\/v2\/product_tag?post=14657"}],"curies":[{"name":"wp","href":"https:\/\/api.w.org\/{rel}","templated":true}]}}