{"id":14665,"date":"2024-08-18T21:29:31","date_gmt":"2024-08-18T13:29:31","guid":{"rendered":"https:\/\/www.luleey.com\/?post_type=product&#038;p=14665"},"modified":"2024-08-18T21:34:15","modified_gmt":"2024-08-18T13:34:15","slug":"s09-high-precision-optical-fiber-cleaver","status":"publish","type":"product","link":"https:\/\/www.luleey.com\/pt\/produto\/s09-high-precision-optical-fiber-cleaver\/","title":{"rendered":"S09 Cortador de fibra \u00f3ptica de alta precis\u00e3o"},"content":{"rendered":"<h3>Recursos<\/h3>\n<ol>\n<li><span class=\"a-text-bold\">O Clivador de Fibra de Precis\u00e3o Tools S09 foi projetado para fornecer clivagem precisa e prepara\u00e7\u00e3o de fibras para emenda para fibras revestidas de 250 \u00b5m, 900 \u00b5m e 3,0 mm<\/span><\/li>\n<li><span class=\"a-text-bold\">Possui um compartimento de fibras embutido<\/span><\/li>\n<li><span class=\"a-text-bold\">Longa vida \u00fatil de 48.000 cortes com l\u00e2minas de 16 posi\u00e7\u00f5es<\/span><\/li>\n<li><span class=\"a-text-bold\">Suporte de escala para comprimentos de corte precisos de 8 a 20 mm (0,31\u2033 a 0,78\u2033)<\/span><\/li>\n<li><span class=\"a-text-bold\">Fornece clivagem com um \u00e2ngulo de clivagem inferior a 0,5\u00b0 para uma prepara\u00e7\u00e3o ideal da fibra para emenda<\/span><\/li>\n<li><span class=\"a-text-bold\">Design leve e robusto para durabilidade a longo prazo<\/span><\/li>\n<\/ol>\n<h3>Especifica\u00e7\u00e3o<\/h3>\n<table width=\"598\">\n<tbody>\n<tr>\n<td width=\"211\">Nome da marca<\/td>\n<td width=\"387\">LuLeey<\/td>\n<\/tr>\n<tr>\n<td width=\"211\">Origem<\/td>\n<td width=\"387\">China continental<\/td>\n<\/tr>\n<tr>\n<td>Nome do produto<\/td>\n<td width=\"387\">S09 Cortador de fibra \u00f3ptica de alta precis\u00e3o<\/td>\n<\/tr>\n<tr>\n<td>Material<\/td>\n<td>Liga de magn\u00e9sio<\/td>\n<\/tr>\n<tr>\n<td>Cor<\/td>\n<td>Ouro<\/td>\n<\/tr>\n<tr>\n<td>Dimens\u00f5es do produto<\/td>\n<td>60*59*51mm<\/td>\n<\/tr>\n<tr>\n<td>Di\u00e2metro do revestimento<\/td>\n<td>80-150\u03bcm<\/td>\n<\/tr>\n<tr>\n<td>Comprimento de corte<\/td>\n<td>Fibra de n\u00facleo \u00fanico de 8 a 20 mm<\/td>\n<\/tr>\n<tr>\n<td>Adequado para cabos de fibra \u00f3ptica<\/td>\n<td>Fibra de n\u00facleo \u00fanico de 250\u03bcm, 900\u03bcm, 3,0 mm, cabo de couro interno<\/td>\n<\/tr>\n<tr>\n<td>Peso do item<\/td>\n<td>0,3 kg<\/td>\n<\/tr>\n<tr>\n<td>Vida \u00fatil da l\u00e2mina<\/td>\n<td>3000*16; corte de 1000 vezes para ajustar a altura uma vez, cada escala pode ser ajustada 3 vezes a altura, um total de 16 escalas.<\/td>\n<\/tr>\n<tr>\n<td>Retorno autom\u00e1tico da l\u00e2mina:<\/td>\n<td>Sim<\/td>\n<\/tr>\n<tr>\n<td>\u00c2ngulo m\u00e9dio de corte<\/td>\n<td>\uff1c0.5\u00b0<\/td>\n<\/tr>\n<tr>\n<td>Tapetes de borracha antiderrapantes<\/td>\n<td>Suporte<\/td>\n<\/tr>\n<tr>\n<td>Ferramenta de soquete hexagonal<\/td>\n<td>Inclu\u00eddo<\/td>\n<\/tr>\n<tr>\n<td>Caixa de fibra residual<\/td>\n<td>Inclu\u00eddo<\/td>\n<\/tr>\n<tr>\n<td>Estojo de prote\u00e7\u00e3o<\/td>\n<td>Inclu\u00eddo<\/td>\n<\/tr>\n<\/tbody>\n<\/table>","protected":false},"excerpt":{"rendered":"<ul>\n<li><span class=\"a-list-item\">Corte de precis\u00e3o: Proporciona uma clivagem com um \u00e2ngulo de corte inferior a 0,5\u00b0 para a prepara\u00e7\u00e3o ideal da fibra para a emenda por fus\u00e3o.<\/span><\/li>\n<li><span class=\"a-list-item\">Suporte de fibra embutido: O cortador de fibra pode conter fibras individuais de 250 \u00b5m, 900 \u00b5m e 3,0 mm com uma escala leg\u00edvel para comprimentos de corte precisos de 5 a 25 mm.<\/span><\/li>\n<li><span class=\"a-list-item\">Uso vers\u00e1til: Ideal para aplica\u00e7\u00f5es de emenda em campo, caminh\u00f5es de emenda, laborat\u00f3rios, t\u00e9cnicos de fibra, emendadores de fibra e qualquer pessoa que precise clivar um cabo de fibra \u00f3ptica antes de realizar uma emenda por fus\u00e3o.<\/span><\/li>\n<li><span class=\"a-list-item\">Durabilidade: O design leve e robusto aumenta a durabilidade. Tamb\u00e9m \u00e9 f\u00e1cil de desmontar e operar, permitindo a substitui\u00e7\u00e3o f\u00e1cil da l\u00e2mina.<\/span><\/li>\n<li><span class=\"a-list-item\">Vida \u00fatil da l\u00e2mina: 48.000 vezes (3000*16). .<\/span><\/li>\n<\/ul>","protected":false},"featured_media":14668,"comment_status":"open","ping_status":"closed","template":"","meta":[],"product_brand":[],"product_cat":[357],"product_tag":[431,432],"class_list":{"0":"post-14665","1":"product","2":"type-product","3":"status-publish","4":"has-post-thumbnail","6":"product_cat-fiber-cleavers-and-fiber-strippers","7":"product_tag-optical-fiber-cleaver","8":"product_tag-s09","10":"first","11":"instock","12":"shipping-taxable","13":"purchasable","14":"product-type-variable"},"_links":{"self":[{"href":"https:\/\/www.luleey.com\/pt\/wp-json\/wp\/v2\/product\/14665","targetHints":{"allow":["GET"]}}],"collection":[{"href":"https:\/\/www.luleey.com\/pt\/wp-json\/wp\/v2\/product"}],"about":[{"href":"https:\/\/www.luleey.com\/pt\/wp-json\/wp\/v2\/types\/product"}],"replies":[{"embeddable":true,"href":"https:\/\/www.luleey.com\/pt\/wp-json\/wp\/v2\/comments?post=14665"}],"wp:featuredmedia":[{"embeddable":true,"href":"https:\/\/www.luleey.com\/pt\/wp-json\/wp\/v2\/media\/14668"}],"wp:attachment":[{"href":"https:\/\/www.luleey.com\/pt\/wp-json\/wp\/v2\/media?parent=14665"}],"wp:term":[{"taxonomy":"product_brand","embeddable":true,"href":"https:\/\/www.luleey.com\/pt\/wp-json\/wp\/v2\/product_brand?post=14665"},{"taxonomy":"product_cat","embeddable":true,"href":"https:\/\/www.luleey.com\/pt\/wp-json\/wp\/v2\/product_cat?post=14665"},{"taxonomy":"product_tag","embeddable":true,"href":"https:\/\/www.luleey.com\/pt\/wp-json\/wp\/v2\/product_tag?post=14665"}],"curies":[{"name":"wp","href":"https:\/\/api.w.org\/{rel}","templated":true}]}}