{"id":14676,"date":"2024-08-18T21:55:40","date_gmt":"2024-08-18T13:55:40","guid":{"rendered":"https:\/\/www.luleey.com\/?post_type=product&#038;p=14676"},"modified":"2025-02-18T10:42:59","modified_gmt":"2025-02-18T02:42:59","slug":"original-fusion-splicer-electrodes-for-ai-6a-6cai-7-7s-7c-7vai-8-8cai-s9ai-10a","status":"publish","type":"product","link":"https:\/\/www.luleey.com\/pt\/produto\/original-fusion-splicer-electrodes-for-ai-6a-6cai-7-7s-7c-7vai-8-8cai-s9ai-10a\/","title":{"rendered":"Eletrodos de emenda por fus\u00e3o originais para AI-6A\/6C, AI-7\/7S\/7C\/7V, AI-8\/8C, AI-S9, AI-10A"},"content":{"rendered":"<h3>Recursos<\/h3>\n<ol>\n<li class=\"a-spacing-base\"><span class=\"a-text-bold\">Eletrodos de substitui\u00e7\u00e3o da m\u00e1quina de emenda por fus\u00e3o para a m\u00e1quina de emenda de fibra AI-6A\/6C, AI-7\/7S\/7C\/7V, AI-8\/8C, AI-S9, AI-10A<\/span><\/li>\n<li class=\"a-spacing-base\"><span class=\"a-text-bold\">Cada eletrodo \u00e9 fabricado para exceder as especifica\u00e7\u00f5es exigidas pelo setor de fibra \u00f3ptica.<\/span><\/li>\n<li class=\"a-spacing-base\"><span class=\"a-text-bold\">Os eletrodos do splicer de fus\u00e3o podem aumentar a produtividade ao limitar o retrabalho.<\/span><\/li>\n<li class=\"a-spacing-base\"><span class=\"a-text-bold\">Eletrodos de longa dura\u00e7\u00e3o 3000 vezes.<\/span><\/li>\n<li class=\"a-spacing-base\"><span class=\"a-text-bold\">Tamanho pequeno, f\u00e1cil de transportar e armazenar.<\/span><\/li>\n<li class=\"a-spacing-base\"><span class=\"a-text-bold\">F\u00e1cil de instalar, preste aten\u00e7\u00e3o para que a ponta n\u00e3o machuque suas m\u00e3os durante a instala\u00e7\u00e3o.<\/span><\/li>\n<\/ol>\n<p>Manuten\u00e7\u00e3o: Use uma l\u00e2mina de barbear para raspar suavemente o carbono dos eletrodos<\/p>\n<h3>Especifica\u00e7\u00e3o<\/h3>\n<table width=\"598\">\n<tbody>\n<tr>\n<td width=\"211\">Nome da marca<\/td>\n<td width=\"387\">LuLeey<\/td>\n<\/tr>\n<tr>\n<td width=\"211\">Origem<\/td>\n<td width=\"387\">China continental<\/td>\n<\/tr>\n<tr>\n<td width=\"211\">Nome do produto<\/td>\n<td width=\"387\">Eletrodos de emenda por fus\u00e3o para AI-6A\/6C, AI-7\/7S\/7C\/7V, AI-8\/8C, AI-S9, AI-10A<\/td>\n<\/tr>\n<tr>\n<td width=\"211\">Material<\/td>\n<td width=\"387\">a\u00e7o de tungst\u00eanio<\/td>\n<\/tr>\n<tr>\n<td width=\"211\">Uso<\/td>\n<td width=\"387\">cerca de 3000 vezes<\/td>\n<\/tr>\n<tr>\n<td>N\u00famero de itens<\/td>\n<td>1 par<\/td>\n<\/tr>\n<\/tbody>\n<\/table>","protected":false},"excerpt":{"rendered":"<ul>\n<li class=\"a-spacing-mini\"><span class=\"a-list-item\">Eletrodos de longa dura\u00e7\u00e3o 3000 vezes.<\/span><\/li>\n<li class=\"a-spacing-mini\"><span class=\"a-list-item\">Cada eletrodo \u00e9 fabricado para exceder as especifica\u00e7\u00f5es exigidas pelo setor de fibra \u00f3ptica.<\/span><\/li>\n<li class=\"a-spacing-mini\"><span class=\"a-list-item\">Os eletrodos do splicer de fus\u00e3o podem aumentar a produtividade ao limitar o retrabalho.<\/span><\/li>\n<li class=\"a-spacing-mini\"><span class=\"a-list-item\">F\u00e1cil de instalar, preste aten\u00e7\u00e3o para que a ponta n\u00e3o machuque suas m\u00e3os durante a instala\u00e7\u00e3o.<\/span><\/li>\n<li class=\"a-spacing-mini\"><span class=\"a-list-item\">A escolha perfeita para seu uso di\u00e1rio. Eletrodos para m\u00e1quina de fus\u00e3o Eletrodos para m\u00e1quinas de fus\u00e3o AI-6A\/6C, AI-7\/7S\/7C\/7V, AI-8\/8C, AI-S9, AI-10A (um par)<\/span><\/li>\n<li><\/li>\n<\/ul>","protected":false},"featured_media":14678,"comment_status":"open","ping_status":"closed","template":"","meta":[],"product_brand":[],"product_cat":[790],"product_tag":[438,435,434,436,433],"class_list":{"0":"post-14676","1":"product","2":"type-product","3":"status-publish","4":"has-post-thumbnail","6":"product_cat-fiber-optic-fusion-splicer","7":"product_tag-ai-10a","8":"product_tag-ai-7c","9":"product_tag-ai-8c","10":"product_tag-ai-s9","11":"product_tag-fusion-splicer-electrodes","13":"first","14":"instock","15":"shipping-taxable","16":"purchasable","17":"product-type-simple"},"_links":{"self":[{"href":"https:\/\/www.luleey.com\/pt\/wp-json\/wp\/v2\/product\/14676","targetHints":{"allow":["GET"]}}],"collection":[{"href":"https:\/\/www.luleey.com\/pt\/wp-json\/wp\/v2\/product"}],"about":[{"href":"https:\/\/www.luleey.com\/pt\/wp-json\/wp\/v2\/types\/product"}],"replies":[{"embeddable":true,"href":"https:\/\/www.luleey.com\/pt\/wp-json\/wp\/v2\/comments?post=14676"}],"wp:featuredmedia":[{"embeddable":true,"href":"https:\/\/www.luleey.com\/pt\/wp-json\/wp\/v2\/media\/14678"}],"wp:attachment":[{"href":"https:\/\/www.luleey.com\/pt\/wp-json\/wp\/v2\/media?parent=14676"}],"wp:term":[{"taxonomy":"product_brand","embeddable":true,"href":"https:\/\/www.luleey.com\/pt\/wp-json\/wp\/v2\/product_brand?post=14676"},{"taxonomy":"product_cat","embeddable":true,"href":"https:\/\/www.luleey.com\/pt\/wp-json\/wp\/v2\/product_cat?post=14676"},{"taxonomy":"product_tag","embeddable":true,"href":"https:\/\/www.luleey.com\/pt\/wp-json\/wp\/v2\/product_tag?post=14676"}],"curies":[{"name":"wp","href":"https:\/\/api.w.org\/{rel}","templated":true}]}}