{"id":14738,"date":"2024-08-25T21:15:32","date_gmt":"2024-08-25T13:15:32","guid":{"rendered":"https:\/\/www.luleey.com\/?post_type=product&#038;p=14738"},"modified":"2025-06-19T22:25:31","modified_gmt":"2025-06-19T14:25:31","slug":"fttr-indoor-transparent-fiber-optic-cable","status":"publish","type":"product","link":"https:\/\/www.luleey.com\/pt\/produto\/fttr-indoor-transparent-fiber-optic-cable\/","title":{"rendered":"Cabo de fibra \u00f3ptica transparente para ambientes internos FTTR,G657A2"},"content":{"rendered":"<h3>Recursos<\/h3>\n<ol class=\"a-unordered-list a-vertical\">\n<li>Baixa perda de inser\u00e7\u00e3o para inser\u00e7\u00f5es Classe A<\/li>\n<li>Transmiss\u00e3o mais r\u00e1pida e est\u00e1vel com inser\u00e7\u00f5es Classe A<\/li>\n<li>Transparente e incolor, bonito e f\u00e1cil de esconder<\/li>\n<li>O cabo de fibra \u00f3ptica \u00e9 robusto e resistente \u00e0 flex\u00e3o<\/li>\n<\/ol>\n<h3>Especifica\u00e7\u00e3o<\/h3>\n<table width=\"598\">\n<tbody>\n<tr>\n<td width=\"211\">Nome da marca<\/td>\n<td width=\"387\">LuLeey<\/td>\n<\/tr>\n<tr>\n<td width=\"211\">Origem<\/td>\n<td width=\"387\">China continental<\/td>\n<\/tr>\n<tr>\n<td>Nome do produto<\/td>\n<td width=\"387\">Cabo de fibra \u00f3ptica transparente para ambientes internos FTTR<\/td>\n<\/tr>\n<tr>\n<td>Material<\/td>\n<td>G657.A2<\/td>\n<\/tr>\n<tr>\n<td>Cor<\/td>\n<td>sem cor<\/td>\n<\/tr>\n<tr>\n<td>Dimens\u00f5es do produto<\/td>\n<td>0,9 mm<\/td>\n<\/tr>\n<tr>\n<td>Conector<\/td>\n<td>SCAPC SCUPC FCAPC LCUPC sem cabe\u00e7a<\/td>\n<\/tr>\n<tr>\n<td>Comprimento do cabo<\/td>\n<td>1m-2km<\/td>\n<\/tr>\n<tr>\n<td>Perda de inser\u00e7\u00e3o<\/td>\n<td>\u2264 0,3dB<\/td>\n<\/tr>\n<\/tbody>\n<\/table>","protected":false},"excerpt":{"rendered":"<ul>\n<li>FTTR Cabo de fibra \u00f3ptica transparente para uso interno Transparente Sem cor.<\/li>\n<li>O cabo de fibra \u00f3ptica interno \u00e9 mais r\u00e1pido do que o cabo de rede, tem baixa perda e suporta dist\u00e2ncias ultralongas.<\/li>\n<li>Fibra G657.A2, boa flexibilidade.<\/li>\n<\/ul>","protected":false},"featured_media":14819,"comment_status":"open","ping_status":"closed","template":"","meta":[],"product_brand":[],"product_cat":[364],"product_tag":[462,1055,461],"class_list":{"0":"post-14738","1":"product","2":"type-product","3":"status-publish","4":"has-post-thumbnail","6":"product_cat-optic-cables-and-fiber-pigtails","7":"product_tag-fttr","8":"product_tag-g657a2","9":"product_tag-transparent-fiber-optic-cable","11":"first","12":"instock","13":"shipping-taxable","14":"purchasable","15":"product-type-variable"},"_links":{"self":[{"href":"https:\/\/www.luleey.com\/pt\/wp-json\/wp\/v2\/product\/14738","targetHints":{"allow":["GET"]}}],"collection":[{"href":"https:\/\/www.luleey.com\/pt\/wp-json\/wp\/v2\/product"}],"about":[{"href":"https:\/\/www.luleey.com\/pt\/wp-json\/wp\/v2\/types\/product"}],"replies":[{"embeddable":true,"href":"https:\/\/www.luleey.com\/pt\/wp-json\/wp\/v2\/comments?post=14738"}],"wp:featuredmedia":[{"embeddable":true,"href":"https:\/\/www.luleey.com\/pt\/wp-json\/wp\/v2\/media\/14819"}],"wp:attachment":[{"href":"https:\/\/www.luleey.com\/pt\/wp-json\/wp\/v2\/media?parent=14738"}],"wp:term":[{"taxonomy":"product_brand","embeddable":true,"href":"https:\/\/www.luleey.com\/pt\/wp-json\/wp\/v2\/product_brand?post=14738"},{"taxonomy":"product_cat","embeddable":true,"href":"https:\/\/www.luleey.com\/pt\/wp-json\/wp\/v2\/product_cat?post=14738"},{"taxonomy":"product_tag","embeddable":true,"href":"https:\/\/www.luleey.com\/pt\/wp-json\/wp\/v2\/product_tag?post=14738"}],"curies":[{"name":"wp","href":"https:\/\/api.w.org\/{rel}","templated":true}]}}