{"id":14824,"date":"2024-08-26T22:51:44","date_gmt":"2024-08-26T14:51:44","guid":{"rendered":"https:\/\/www.luleey.com\/?post_type=product&#038;p=14824"},"modified":"2024-12-16T09:25:01","modified_gmt":"2024-12-16T01:25:01","slug":"e2000-apc-e2000-apc-flange-coupler","status":"publish","type":"product","link":"https:\/\/www.luleey.com\/pt\/produto\/e2000-apc-e2000-apc-flange-coupler\/","title":{"rendered":"Acoplador de flange E2000 SCAPC\/UPC 5pcs"},"content":{"rendered":"<h3>Recursos<\/h3>\n<ol class=\"a-unordered-list a-vertical\">\n<li class=\"a-spacing-mini\"><span class=\"a-list-item\">Pacote de 5 unidades de acopladores de flange E2000<\/span><\/li>\n<li class=\"a-spacing-mini\"><span class=\"a-list-item\">Plug and Play, <\/span><span class=\"a-list-item\">F\u00e1cil de usar<\/span><\/li>\n<li class=\"a-spacing-mini\">Dispositivo de v\u00e1lvula com mola: o dispositivo de tensionamento trava completamente quando o conector \u00e9 inserido e a v\u00e1lvula com mola se fecha automaticamente quando o conector \u00e9 retirado.<\/li>\n<li class=\"a-spacing-mini\">Est\u00e1vel e repet\u00edvel: amplamente utilizado em estruturas de distribui\u00e7\u00e3o de fibra \u00f3ptica, equipamentos de comunica\u00e7\u00e3o \u00f3ptica, etc.<\/li>\n<li class=\"a-spacing-mini\">Baixa perda, alta perda de retorno: pode efetivamente suprimir o ru\u00eddo de loop e isolar outros tipos de interfer\u00eancia de sinal.<\/li>\n<\/ol>\n<h3>Especifica\u00e7\u00e3o<\/h3>\n<table width=\"598\">\n<tbody>\n<tr>\n<td width=\"211\">Nome da marca<\/td>\n<td width=\"387\">LuLeey<\/td>\n<\/tr>\n<tr>\n<td width=\"211\">Origem<\/td>\n<td width=\"387\">China continental<\/td>\n<\/tr>\n<tr>\n<td>Nome do produto<\/td>\n<td width=\"387\">Acoplador de flange E2000\/APC-E2000\/APC<\/p>\n<p>Acoplador de flange E2000\/UPC-E2000\/UPC<\/td>\n<\/tr>\n<tr>\n<td>Cor<\/td>\n<td>Verde , Azul<\/td>\n<\/tr>\n<tr>\n<td>Conector<\/td>\n<td>E2000APC E2000\/UPC<\/td>\n<\/tr>\n<tr>\n<td>Perda de inser\u00e7\u00e3o<\/td>\n<td>\u2264 0,2dB<\/td>\n<\/tr>\n<tr>\n<td>Tempos de reutiliza\u00e7\u00e3o<\/td>\n<td>\u22651000<\/td>\n<\/tr>\n<tr>\n<td>Perda de retorno<\/td>\n<td>PC&gt;45 dB, UPC&gt;55dB, APC&gt;65dB<\/td>\n<\/tr>\n<tr>\n<td>Comprimento de onda de trabalho<\/td>\n<td>\u00a01310nm\/1550nm<\/td>\n<\/tr>\n<tr>\n<td>Temperatura de trabalho<\/td>\n<td>\u00a0-40~+70\u2103<\/td>\n<\/tr>\n<tr>\n<td>Temperatura de armazenamento<\/td>\n<td>\u00a0-40~85\u2103<\/td>\n<\/tr>\n<\/tbody>\n<\/table>","protected":false},"excerpt":{"rendered":"<ul>\n<li>Manga de cer\u00e2mica de zirc\u00f4nia para um desempenho est\u00e1vel e confi\u00e1vel<\/li>\n<li>V\u00e1lvula de mola integrada<\/li>\n<li>Excelente perda de inser\u00e7\u00e3o e perda por revers\u00e3o<\/li>\n<li>Acoplador de flange E2000 reutiliz\u00e1vel 1000 vezes<\/li>\n<\/ul>","protected":false},"featured_media":14826,"comment_status":"open","ping_status":"closed","template":"","meta":[],"product_brand":[],"product_cat":[787],"product_tag":[472,471],"class_list":{"0":"post-14824","1":"product","2":"type-product","3":"status-publish","4":"has-post-thumbnail","6":"product_cat-fiber-flange-connectors","7":"product_tag-e2000","8":"product_tag-e2000-flange","10":"first","11":"instock","12":"shipping-taxable","13":"purchasable","14":"product-type-variable","15":"has-default-attributes"},"_links":{"self":[{"href":"https:\/\/www.luleey.com\/pt\/wp-json\/wp\/v2\/product\/14824","targetHints":{"allow":["GET"]}}],"collection":[{"href":"https:\/\/www.luleey.com\/pt\/wp-json\/wp\/v2\/product"}],"about":[{"href":"https:\/\/www.luleey.com\/pt\/wp-json\/wp\/v2\/types\/product"}],"replies":[{"embeddable":true,"href":"https:\/\/www.luleey.com\/pt\/wp-json\/wp\/v2\/comments?post=14824"}],"wp:featuredmedia":[{"embeddable":true,"href":"https:\/\/www.luleey.com\/pt\/wp-json\/wp\/v2\/media\/14826"}],"wp:attachment":[{"href":"https:\/\/www.luleey.com\/pt\/wp-json\/wp\/v2\/media?parent=14824"}],"wp:term":[{"taxonomy":"product_brand","embeddable":true,"href":"https:\/\/www.luleey.com\/pt\/wp-json\/wp\/v2\/product_brand?post=14824"},{"taxonomy":"product_cat","embeddable":true,"href":"https:\/\/www.luleey.com\/pt\/wp-json\/wp\/v2\/product_cat?post=14824"},{"taxonomy":"product_tag","embeddable":true,"href":"https:\/\/www.luleey.com\/pt\/wp-json\/wp\/v2\/product_tag?post=14824"}],"curies":[{"name":"wp","href":"https:\/\/api.w.org\/{rel}","templated":true}]}}