{"id":14857,"date":"2024-08-27T23:17:16","date_gmt":"2024-08-27T15:17:16","guid":{"rendered":"https:\/\/www.luleey.com\/?post_type=product&#038;p=14857"},"modified":"2024-10-11T09:04:55","modified_gmt":"2024-10-11T01:04:55","slug":"e2000-adapter-e2000-fc-e2000-lc-e2000-st","status":"publish","type":"product","link":"https:\/\/www.luleey.com\/pt\/produto\/e2000-adapter-e2000-fc-e2000-lc-e2000-st\/","title":{"rendered":"Adaptador E2000 Adaptador E2000-FC Conversor E2000-LC E2000-ST"},"content":{"rendered":"<h3>Recursos<\/h3>\n<ol class=\"a-unordered-list a-vertical\">\n<li class=\"a-spacing-mini\">Os adaptadores E2000 com v\u00e1lvulas acionadas por mola s\u00e3o totalmente travados por uma trava push-pull quando inseridos.<\/li>\n<li class=\"a-spacing-mini\">O ferrolho de baixa perda de inser\u00e7\u00e3o e alta qualidade permite que a fibra seja conectada a v\u00e1rios formatos de adaptadores por meio de uma luva interna aberta.<\/li>\n<li class=\"a-spacing-mini\">Boa repetibilidade, gra\u00e7as ao design exclusivo da estrutura mec\u00e2nica do E2000, que torna o adaptador intercambi\u00e1vel, excelente repetibilidade de inser\u00e7\u00e3o e remo\u00e7\u00e3o, desempenho est\u00e1vel e confi\u00e1vel.<\/li>\n<\/ol>\n<h3>Especifica\u00e7\u00e3o<\/h3>\n<table style=\"width: 100%; height: 477px;\" width=\"598\">\n<tbody>\n<tr style=\"height: 53px;\">\n<td style=\"height: 53px; width: 35.2211%;\" width=\"211\">Nome da marca<\/td>\n<td style=\"height: 53px; width: 64.7013%;\" width=\"387\">LuLeey<\/td>\n<\/tr>\n<tr style=\"height: 53px;\">\n<td style=\"height: 53px; width: 35.2211%;\" width=\"211\">Origem<\/td>\n<td style=\"height: 53px; width: 64.7013%;\" width=\"387\">China continental<\/td>\n<\/tr>\n<tr style=\"height: 53px;\">\n<td style=\"height: 53px; width: 35.2211%;\">Nome do produto<\/td>\n<td style=\"height: 53px; width: 64.7013%;\" width=\"387\">Adaptador E2000 E2000-FC E2000-LC E2000-ST<\/td>\n<\/tr>\n<tr style=\"height: 53px;\">\n<td style=\"height: 53px; width: 35.2211%;\">Perda de inser\u00e7\u00e3o<\/td>\n<td style=\"height: 53px; width: 64.7013%;\">\u00a0\u22640,2dB<\/td>\n<\/tr>\n<tr style=\"height: 53px;\">\n<td style=\"height: 53px; width: 35.2211%;\">Perda de retorno<\/td>\n<td style=\"height: 53px; width: 64.7013%;\">\u00a0UPC\u226550dB, APC\u226560dB<\/td>\n<\/tr>\n<tr style=\"height: 53px;\">\n<td style=\"height: 53px; width: 35.2211%;\">Comprimento de onda de trabalho<\/td>\n<td style=\"width: 64.7013%;\">\u00a01310nm\/1550nm<\/td>\n<\/tr>\n<tr style=\"height: 53px;\">\n<td style=\"height: 53px; width: 35.2211%;\">Temperatura de trabalho<\/td>\n<td style=\"height: 53px; width: 64.7013%;\">\u00a0-40~75\u2103.<\/td>\n<\/tr>\n<tr>\n<td style=\"width: 35.2211%;\">Temperatura de armazenamento<\/td>\n<td style=\"width: 64.7013%;\">-40~85\u2103<\/td>\n<\/tr>\n<tr style=\"height: 53px;\">\n<td style=\"height: 53px; width: 35.2211%;\">Tempos de multiplexa\u00e7\u00e3o<\/td>\n<td style=\"height: 53px; width: 64.7013%;\">\u00a0\u22651000<\/td>\n<\/tr>\n<tr style=\"height: 53px;\">\n<td style=\"height: 53px; width: 35.2211%;\">Repetibilidade<\/td>\n<td style=\"height: 53px; width: 64.7013%;\">\u00a00,1 dB m\u00e1x.<\/td>\n<\/tr>\n<\/tbody>\n<\/table>","protected":false},"excerpt":{"rendered":"<ul class=\"a-unordered-list a-vertical\">\n<li class=\"a-spacing-mini\">O adaptador E2000 tem conex\u00e3o de precis\u00e3o com luva<\/li>\n<li class=\"a-spacing-mini\">Baixa perda de inser\u00e7\u00e3o, alta perda de retorno<\/li>\n<li>Aplica\u00e7\u00f5es: Rede de telecomunica\u00e7\u00f5es, rede Ethernet, equipamento de comunica\u00e7\u00e3o \u00f3ptica<\/li>\n<\/ul>","protected":false},"featured_media":14858,"comment_status":"open","ping_status":"closed","template":"","meta":[],"product_brand":[],"product_cat":[365],"product_tag":[473],"class_list":{"0":"post-14857","1":"product","2":"type-product","3":"status-publish","4":"has-post-thumbnail","6":"product_cat-optical-adapters-and-flange-connectors-and-attenuator","7":"product_tag-e2000-adapter","9":"first","10":"instock","11":"shipping-taxable","12":"purchasable","13":"product-type-variable"},"_links":{"self":[{"href":"https:\/\/www.luleey.com\/pt\/wp-json\/wp\/v2\/product\/14857","targetHints":{"allow":["GET"]}}],"collection":[{"href":"https:\/\/www.luleey.com\/pt\/wp-json\/wp\/v2\/product"}],"about":[{"href":"https:\/\/www.luleey.com\/pt\/wp-json\/wp\/v2\/types\/product"}],"replies":[{"embeddable":true,"href":"https:\/\/www.luleey.com\/pt\/wp-json\/wp\/v2\/comments?post=14857"}],"wp:featuredmedia":[{"embeddable":true,"href":"https:\/\/www.luleey.com\/pt\/wp-json\/wp\/v2\/media\/14858"}],"wp:attachment":[{"href":"https:\/\/www.luleey.com\/pt\/wp-json\/wp\/v2\/media?parent=14857"}],"wp:term":[{"taxonomy":"product_brand","embeddable":true,"href":"https:\/\/www.luleey.com\/pt\/wp-json\/wp\/v2\/product_brand?post=14857"},{"taxonomy":"product_cat","embeddable":true,"href":"https:\/\/www.luleey.com\/pt\/wp-json\/wp\/v2\/product_cat?post=14857"},{"taxonomy":"product_tag","embeddable":true,"href":"https:\/\/www.luleey.com\/pt\/wp-json\/wp\/v2\/product_tag?post=14857"}],"curies":[{"name":"wp","href":"https:\/\/api.w.org\/{rel}","templated":true}]}}