{"id":14871,"date":"2024-08-30T23:40:18","date_gmt":"2024-08-30T15:40:18","guid":{"rendered":"https:\/\/www.luleey.com\/?post_type=product&#038;p=14871"},"modified":"2026-03-28T00:54:24","modified_gmt":"2026-03-27T16:54:24","slug":"sc-apc-fixed-attenuator","status":"publish","type":"product","link":"https:\/\/www.luleey.com\/pt\/produto\/sc-apc-fixed-attenuator\/","title":{"rendered":"Atenuador fixo SC APC"},"content":{"rendered":"<h4 data-spm-anchor-id=\"a2g0o.detail.1000023.i0.525da32aC35IUk\">Recursos<\/h4>\n<ol>\n<li>Boa repetibilidade, boa resist\u00eancia \u00e0 abras\u00e3o, boa estabilidade de temperatura. Confiabilidade e desempenho, baixa perda de inser\u00e7\u00e3o, valor m\u00e9dio de perda adicional inferior a 0,2 dB, alta perda de retorno, tempos de conex\u00e3o e desconex\u00e3o superiores a 1.000 vezes<\/li>\n<li>Capacidade de produ\u00e7\u00e3o suficiente, padroniza\u00e7\u00e3o 5S, gerenciamento cient\u00edfico sob a premissa de garantir a qualidade da entrega mais r\u00e1pida da f\u00e1brica antes de testes rigorosos para garantir que cada produto possa ser usado adequadamente.<\/li>\n<li>O equipamento de moagem avan\u00e7ado garante que a fibra \u00f3ptica seja compensada circularmente, e a luva branca oxidada com alta temperatura, resist\u00eancia a \u00e1cidos e \u00e1lcalis e forte dureza (alta densidade) \u00e9 usada, o que tem propriedades \u00f3pticas muito boas e melhores propriedades mec\u00e2nicas.<\/li>\n<li>plug-and-play<\/li>\n<\/ol>\n<div class=\"a-column a-span6\">\n<h3>Especifica\u00e7\u00e3o<\/h3>\n<table style=\"width: 100%; height: 827px;\" width=\"598\">\n<tbody>\n<tr style=\"height: 69px;\">\n<td style=\"height: 69px;\" width=\"211\">Nome da marca<\/td>\n<td style=\"height: 69px;\" width=\"387\">LuLeey<\/td>\n<\/tr>\n<tr style=\"height: 69px;\">\n<td style=\"height: 69px;\" width=\"211\">Tipo de conector<\/td>\n<td style=\"height: 69px;\" width=\"387\">SC\/APC<\/td>\n<\/tr>\n<tr style=\"height: 69px;\">\n<td style=\"height: 69px;\" width=\"211\">Nome do produto<\/td>\n<td style=\"height: 69px;\" width=\"387\">Atenuador fixo SC APC<\/td>\n<\/tr>\n<tr style=\"height: 69px;\">\n<td style=\"height: 69px;\" width=\"211\">Origem<\/td>\n<td style=\"height: 69px;\" width=\"387\">China continental<\/td>\n<\/tr>\n<tr style=\"height: 69px;\">\n<td style=\"height: 69px;\" width=\"211\">tempos de reutiliza\u00e7\u00e3o<\/td>\n<td style=\"height: 69px;\" width=\"387\">mais 1000<\/td>\n<\/tr>\n<tr style=\"height: 53px;\">\n<td style=\"height: 53px;\">Comprimento de onda de trabalho<\/td>\n<td style=\"height: 53px;\">SM, 1310nm\/1550nm<\/p>\n<p>MM, 850nm<\/td>\n<\/tr>\n<tr style=\"height: 53px;\">\n<td style=\"height: 53px;\">Material do n\u00facleo<\/td>\n<td style=\"height: 53px;\">cer\u00e2mica<\/td>\n<\/tr>\n<tr style=\"height: 53px;\">\n<td style=\"height: 53px;\">Umidade<\/td>\n<td style=\"height: 53px;\">95%RH<\/td>\n<\/tr>\n<tr style=\"height: 53px;\">\n<td style=\"height: 53px;\">Perda de retorno<\/td>\n<td style=\"height: 53px;\">\u226550dB<\/td>\n<\/tr>\n<tr style=\"height: 82px;\">\n<td style=\"height: 82px;\">Temperatura de trabalho<\/td>\n<td style=\"height: 82px;\">-40~85\u2103<\/td>\n<\/tr>\n<tr style=\"height: 82px;\">\n<td style=\"height: 82px;\">Temperatura de armazenamento<\/td>\n<td style=\"height: 82px;\">-55~85\u2103<\/td>\n<\/tr>\n<tr style=\"height: 53px;\">\n<td style=\"height: 53px;\">Atenuador de valor fixo<\/td>\n<td style=\"height: 53px;\">0-30dB<\/td>\n<\/tr>\n<\/tbody>\n<\/table>\n<\/div>","protected":false},"excerpt":{"rendered":"<ol>\n<li>O atenuador fixo SC APC tem boa repetibilidade, boa resist\u00eancia ao desgaste e boa estabilidade de temperatura.<\/li>\n<li>A perda adicional m\u00e9dia \u00e9 inferior a 0,2 dB, e a perda de retorno \u00e9 alta.<\/li>\n<li>tempos de conex\u00e3o e desconex\u00e3o superiores a 1.000 vezes<\/li>\n<\/ol>","protected":false},"featured_media":14879,"comment_status":"open","ping_status":"closed","template":"","meta":[],"product_brand":[],"product_cat":[365,788],"product_tag":[402,474],"class_list":{"0":"post-14871","1":"product","2":"type-product","3":"status-publish","4":"has-post-thumbnail","6":"product_cat-optical-adapters-and-flange-connectors-and-attenuator","7":"product_cat-optical-attenuator","8":"product_tag-attenuator","9":"product_tag-sc-apc-fixed-attenuator","11":"first","12":"instock","13":"shipping-taxable","14":"purchasable","15":"product-type-variable"},"_links":{"self":[{"href":"https:\/\/www.luleey.com\/pt\/wp-json\/wp\/v2\/product\/14871","targetHints":{"allow":["GET"]}}],"collection":[{"href":"https:\/\/www.luleey.com\/pt\/wp-json\/wp\/v2\/product"}],"about":[{"href":"https:\/\/www.luleey.com\/pt\/wp-json\/wp\/v2\/types\/product"}],"replies":[{"embeddable":true,"href":"https:\/\/www.luleey.com\/pt\/wp-json\/wp\/v2\/comments?post=14871"}],"wp:featuredmedia":[{"embeddable":true,"href":"https:\/\/www.luleey.com\/pt\/wp-json\/wp\/v2\/media\/14879"}],"wp:attachment":[{"href":"https:\/\/www.luleey.com\/pt\/wp-json\/wp\/v2\/media?parent=14871"}],"wp:term":[{"taxonomy":"product_brand","embeddable":true,"href":"https:\/\/www.luleey.com\/pt\/wp-json\/wp\/v2\/product_brand?post=14871"},{"taxonomy":"product_cat","embeddable":true,"href":"https:\/\/www.luleey.com\/pt\/wp-json\/wp\/v2\/product_cat?post=14871"},{"taxonomy":"product_tag","embeddable":true,"href":"https:\/\/www.luleey.com\/pt\/wp-json\/wp\/v2\/product_tag?post=14871"}],"curies":[{"name":"wp","href":"https:\/\/api.w.org\/{rel}","templated":true}]}}