{"id":14900,"date":"2024-09-01T21:07:01","date_gmt":"2024-09-01T13:07:01","guid":{"rendered":"https:\/\/www.luleey.com\/?post_type=product&#038;p=14900"},"modified":"2025-09-18T16:45:19","modified_gmt":"2025-09-18T08:45:19","slug":"mpo-to-lc-upc-12-core-sm","status":"publish","type":"product","link":"https:\/\/www.luleey.com\/pt\/produto\/mpo-to-lc-upc-12-core-sm\/","title":{"rendered":"MPO\/MTP para LC UPC 12 core, SM"},"content":{"rendered":"<p data-spm-anchor-id=\"a2g0o.detail.1000023.i0.525da32aC35IUk\"><span style=\"font-size: 12pt;\">Os patch cords de fibra \u00f3ptica MPO\/MTP s\u00e3o usados em sistemas de cabeamento de tronco entre pr\u00e9dios, sistemas de comunica\u00e7\u00e3o por fibra \u00f3ptica, cabeamento de rede local e equipamentos ativos \u00f3pticos. Sistemas de telecomunica\u00e7\u00f5es, interconex\u00e3o de links \u00f3pticos em equipamentos ativos \u00f3pticos de cabeamento de \u00e1rea local, sistemas de comunica\u00e7\u00e3o Cabeamento de fibra \u00f3ptica em esta\u00e7\u00f5es de base de telecomunica\u00e7\u00f5es, salas de parque, salas de pr\u00e9dios comerciais, salas de pr\u00e9dios comerciais, redes de TV a cabo, redes de telecomunica\u00e7\u00f5es, redes locais (ILANs), redes de \u00e1rea ampla (WANs) e sinais \u00f3pticos de fibra at\u00e9 o desktop (FTTX).<\/span><\/p>\n<h4 data-spm-anchor-id=\"a2g0o.detail.1000023.i0.525da32aC35IUk\">Recursos<\/h4>\n<ol>\n<li>O n\u00facleo MPO\/MTP para LC UPC 12 \u00e9 altamente compat\u00edvel e pode ser usado em todos os tipos de redes locais de fibra \u00f3ptica, sistemas de comunica\u00e7\u00e3o por fibra \u00f3ptica, instrumentos e medidores, rede CATV.<\/li>\n<li>A baixa perda de inser\u00e7\u00e3o garante uma transmiss\u00e3o est\u00e1vel e de alta velocidade.<\/li>\n<li>N\u00facleo de fibra de alta qualidade, transmiss\u00e3o est\u00e1vel, alta velocidade e transmiss\u00e3o est\u00e1vel de at\u00e9 40G.<\/li>\n<li>LSZH, retardante de chamas com baixa emiss\u00e3o de fuma\u00e7a e sem halog\u00eanio, com forte resist\u00eancia \u00e0 tra\u00e7\u00e3o e durabilidade.<\/li>\n<\/ol>\n<div class=\"a-column a-span6\">\n<h3>Especifica\u00e7\u00e3o<\/h3>\n<table style=\"width: 100%; height: 848px;\" width=\"598\">\n<tbody>\n<tr style=\"height: 53px;\">\n<td style=\"height: 53px;\" width=\"211\">Nome da marca<\/td>\n<td style=\"height: 53px;\" width=\"387\">LuLeey<\/td>\n<\/tr>\n<tr style=\"height: 53px;\">\n<td style=\"height: 53px;\" width=\"211\">Origem<\/td>\n<td style=\"height: 53px;\" width=\"387\">China continental<\/td>\n<\/tr>\n<tr style=\"height: 53px;\">\n<td style=\"height: 53px;\">Nome do produto<\/td>\n<td style=\"height: 53px;\" width=\"387\">MPO\/MTP para LC UPC 12 core<\/td>\n<\/tr>\n<tr style=\"height: 53px;\">\n<td style=\"height: 53px;\">tipo de conector MPO<\/td>\n<td style=\"height: 53px;\">MPO\/MTP<\/td>\n<\/tr>\n<tr style=\"height: 53px;\">\n<td style=\"height: 53px;\">Conector<\/td>\n<td style=\"height: 53px;\">\u00a0FC, LC, SC, ST (opcional)<\/td>\n<\/tr>\n<tr style=\"height: 53px;\">\n<td style=\"height: 53px;\">Tipo de fibra<\/td>\n<td style=\"height: 53px;\">\u00a0Modo \u00fanico<\/td>\n<\/tr>\n<tr style=\"height: 53px;\">\n<td style=\"height: 53px;\">Faixa de comprimento de onda operacional<\/td>\n<td style=\"height: 53px;\">\u00a0acima de 1310nm<\/td>\n<\/tr>\n<tr style=\"height: 53px;\">\n<td style=\"height: 53px;\">Comprimento de onda de teste<\/td>\n<td style=\"height: 53px;\">\u00a01310nm 1550nm<\/td>\n<\/tr>\n<tr style=\"height: 53px;\">\n<td style=\"height: 53px;\">Perda de inser\u00e7\u00e3o MPO<\/td>\n<td style=\"height: 53px;\">\u00a0T\u00edpico \u2264 0,20dB, m\u00e1ximo \u2264 0,70dB<\/td>\n<\/tr>\n<tr style=\"height: 53px;\">\n<td style=\"height: 53px;\">Conector<\/td>\n<td style=\"height: 53px;\">\u00a0T\u00edpico \u2264 0,20dB, m\u00e1ximo \u2264 0,30dB<\/td>\n<\/tr>\n<tr style=\"height: 53px;\">\n<td style=\"height: 53px;\">Perda de retorno<\/td>\n<td style=\"height: 53px;\">\u00a0APC \u2265 60dB, UPC \u2265 50dB<\/td>\n<\/tr>\n<tr style=\"height: 53px;\">\n<td style=\"height: 53px;\">Teste os tempos de inser\u00e7\u00e3o e remo\u00e7\u00e3o do MPO<\/td>\n<td style=\"height: 53px;\">\u00a0\u2265500 vezes<\/td>\n<\/tr>\n<tr style=\"height: 53px;\">\n<td style=\"height: 53px;\">Teste os tempos de conex\u00e3o e desconex\u00e3o do conector<\/td>\n<td style=\"height: 53px;\">\u00a0\u22651000 vezes<\/td>\n<\/tr>\n<tr style=\"height: 53px;\">\n<td style=\"height: 53px;\">Resist\u00eancia \u00e0 tra\u00e7\u00e3o<\/td>\n<td style=\"height: 53px;\">\u00a0\u2265120N (excluindo o cabo de fibra \u00f3ptica de 0,9 mm)<\/td>\n<\/tr>\n<tr style=\"height: 53px;\">\n<td style=\"height: 53px;\">Temperatura operacional<\/td>\n<td style=\"height: 53px;\">\u00a0-20~+70\u00b0C<\/td>\n<\/tr>\n<tr style=\"height: 53px;\">\n<td style=\"height: 53px;\">Temperatura de armazenamento<\/td>\n<td style=\"height: 53px;\">\u00a0-20~+70\u00b0C<\/td>\n<\/tr>\n<\/tbody>\n<\/table>\n<\/div>","protected":false},"excerpt":{"rendered":"<ul>\n<li>Baixa perda de inser\u00e7\u00e3o, alta perda de retorno<\/li>\n<li>Inser\u00e7\u00f5es de alta qualidade, suporte \u00e0 reutiliza\u00e7\u00e3o<\/li>\n<li>N\u00facleo MPO\/MTP para LC UPC 12, material LSZH, forte resist\u00eancia \u00e0 tra\u00e7\u00e3o<\/li>\n<\/ul>","protected":false},"featured_media":14907,"comment_status":"open","ping_status":"closed","template":"","meta":[],"product_brand":[],"product_cat":[475],"product_tag":[479,264,478,325],"class_list":{"0":"post-14900","1":"product","2":"type-product","3":"status-publish","4":"has-post-thumbnail","6":"product_cat-mtp-mpo-fiber-cables","7":"product_tag-12-core","8":"product_tag-mpo","9":"product_tag-mpo-to-lc","10":"product_tag-sm","12":"first","13":"instock","14":"shipping-taxable","15":"purchasable","16":"product-type-variable","17":"has-default-attributes"},"_links":{"self":[{"href":"https:\/\/www.luleey.com\/pt\/wp-json\/wp\/v2\/product\/14900","targetHints":{"allow":["GET"]}}],"collection":[{"href":"https:\/\/www.luleey.com\/pt\/wp-json\/wp\/v2\/product"}],"about":[{"href":"https:\/\/www.luleey.com\/pt\/wp-json\/wp\/v2\/types\/product"}],"replies":[{"embeddable":true,"href":"https:\/\/www.luleey.com\/pt\/wp-json\/wp\/v2\/comments?post=14900"}],"wp:featuredmedia":[{"embeddable":true,"href":"https:\/\/www.luleey.com\/pt\/wp-json\/wp\/v2\/media\/14907"}],"wp:attachment":[{"href":"https:\/\/www.luleey.com\/pt\/wp-json\/wp\/v2\/media?parent=14900"}],"wp:term":[{"taxonomy":"product_brand","embeddable":true,"href":"https:\/\/www.luleey.com\/pt\/wp-json\/wp\/v2\/product_brand?post=14900"},{"taxonomy":"product_cat","embeddable":true,"href":"https:\/\/www.luleey.com\/pt\/wp-json\/wp\/v2\/product_cat?post=14900"},{"taxonomy":"product_tag","embeddable":true,"href":"https:\/\/www.luleey.com\/pt\/wp-json\/wp\/v2\/product_tag?post=14900"}],"curies":[{"name":"wp","href":"https:\/\/api.w.org\/{rel}","templated":true}]}}