{"id":14999,"date":"2024-09-05T22:11:59","date_gmt":"2024-09-05T14:11:59","guid":{"rendered":"https:\/\/www.luleey.com\/?post_type=product&#038;p=14999"},"modified":"2024-12-16T09:24:34","modified_gmt":"2024-12-16T01:24:34","slug":"sc-apc-flange-single-mode-single-core-metal-adapter-6pcs","status":"publish","type":"product","link":"https:\/\/www.luleey.com\/pt\/produto\/sc-apc-flange-single-mode-single-core-metal-adapter-6pcs\/","title":{"rendered":"Adaptador de metal de n\u00facleo \u00fanico de modo \u00fanico SC APC Flange 6pcs"},"content":{"rendered":"<h3>Recursos<\/h3>\n<ol>\n<li>Entre as fibras \u00f3pticas APC, os cabos s\u00e3o conectados ou remendados por uma luva adaptadora de fibra \u00f3ptica SC para SC APC atrav\u00e9s do adaptador interno da abertura.<\/li>\n<li>Os extensores de acoplador de fibra \u00f3ptica SC f\u00eamea para f\u00eamea s\u00e3o adequados para adaptadores de painel de remendo de fibra, o que significa que voc\u00ea pode us\u00e1-los em qualquer tipo de gabinete com recortes retangulares.<\/li>\n<li>A carca\u00e7a \u00e9 retangular, usando o pino e o tamanho da estrutura da luva de acoplamento exatamente iguais. A superf\u00edcie do m\u00e9todo de retifica\u00e7\u00e3o da extremidade do pino usa o tipo APC, opera\u00e7\u00e3o conveniente do plugue, pequenas flutua\u00e7\u00f5es na perda de inser\u00e7\u00e3o, alta resist\u00eancia \u00e0 compress\u00e3o e alta densidade de montagem.<\/li>\n<li>Aplica\u00e7\u00e3o: sistema de comunica\u00e7\u00e3o por fibra \u00f3ptica, rede de acesso por fibra \u00f3ptica, transmiss\u00e3o de dados por fibra \u00f3ptica, CATV por fibra \u00f3ptica, LAN (rede local), equipamento de teste, neg\u00f3cios, instala\u00e7\u00f5es, seguran\u00e7a, FTTH, FTTP, FTTA, alta EMI e aplica\u00e7\u00f5es comerciais.<\/li>\n<\/ol>\n<h3>Especifica\u00e7\u00e3o<\/h3>\n<table style=\"width: 100%; height: 583px;\" width=\"745\">\n<tbody>\n<tr style=\"height: 53px;\">\n<td style=\"height: 53px;\" width=\"211\">Nome da marca<\/td>\n<td style=\"height: 53px;\" width=\"534\">LuLeey<\/td>\n<\/tr>\n<tr style=\"height: 53px;\">\n<td style=\"height: 53px;\" width=\"211\">Origem<\/td>\n<td style=\"height: 53px;\" width=\"534\">China continental<\/td>\n<\/tr>\n<tr style=\"height: 53px;\">\n<td style=\"height: 53px;\">Nome do produto<\/td>\n<td style=\"height: 53px;\" width=\"534\">Adaptador de metal de n\u00facleo \u00fanico de modo \u00fanico SC APC Flange<\/td>\n<\/tr>\n<tr>\n<td>Conector<\/td>\n<td>SC APC f\u00eamea para SC APC f\u00eamea<\/td>\n<\/tr>\n<tr style=\"height: 53px;\">\n<td style=\"height: 53px;\">Quantidade<\/td>\n<td style=\"height: 53px;\" width=\"534\">6 unidades<\/td>\n<\/tr>\n<tr style=\"height: 53px;\">\n<td style=\"height: 53px;\">Perda de inser\u00e7\u00e3o<\/td>\n<td style=\"height: 53px;\">\u2264 0,30dB<\/td>\n<\/tr>\n<tr style=\"height: 53px;\">\n<td style=\"height: 53px;\">Perda de retorno<\/td>\n<td style=\"height: 53px;\">\u2265 50dB<\/td>\n<\/tr>\n<tr style=\"height: 53px;\">\n<td style=\"height: 53px;\">Comprimento de onda de trabalho<\/td>\n<td style=\"height: 53px;\">1310nm \/ 1550nm<\/td>\n<\/tr>\n<tr style=\"height: 53px;\">\n<td style=\"height: 53px;\">Modo de trabalho<\/td>\n<td style=\"height: 53px;\">Modo \u00fanico<\/td>\n<\/tr>\n<tr style=\"height: 53px;\">\n<td style=\"height: 53px;\">N\u00facleo N\u00e3o<\/td>\n<td style=\"height: 53px;\">N\u00facleo \u00fanico<\/td>\n<\/tr>\n<tr style=\"height: 53px;\">\n<td style=\"height: 53px;\">Temperatura operacional<\/td>\n<td style=\"height: 53px;\">\u00a0-40~+80\u00b0C<\/td>\n<\/tr>\n<tr style=\"height: 53px;\">\n<td style=\"height: 53px;\">Temperatura de armazenamento<\/td>\n<td style=\"height: 53px;\">\u00a0-55~+85\u00b0C<\/td>\n<\/tr>\n<\/tbody>\n<\/table>","protected":false},"excerpt":{"rendered":"<ul>\n<li>N\u00facleo de cer\u00e2mica para um desempenho est\u00e1vel.<\/li>\n<li>Suporta inser\u00e7\u00e3o e remo\u00e7\u00e3o 1000 vezes, reutiliz\u00e1vel.<\/li>\n<li>Baixa perda de inser\u00e7\u00e3o, alta perda de retorno de chamada.<\/li>\n<li>Adaptador de metal com flange SC APC de modo \u00fanico e n\u00facleo \u00fanico para uso prolongado.<\/li>\n<\/ul>","protected":false},"featured_media":15000,"comment_status":"open","ping_status":"closed","template":"","meta":[],"product_brand":[],"product_cat":[787],"product_tag":[306,484],"class_list":{"0":"post-14999","1":"product","2":"type-product","3":"status-publish","4":"has-post-thumbnail","6":"product_cat-fiber-flange-connectors","7":"product_tag-sc-apc","8":"product_tag-sc-apc-flange","10":"first","11":"instock","12":"shipping-taxable","13":"purchasable","14":"product-type-variable","15":"has-default-attributes"},"_links":{"self":[{"href":"https:\/\/www.luleey.com\/pt\/wp-json\/wp\/v2\/product\/14999","targetHints":{"allow":["GET"]}}],"collection":[{"href":"https:\/\/www.luleey.com\/pt\/wp-json\/wp\/v2\/product"}],"about":[{"href":"https:\/\/www.luleey.com\/pt\/wp-json\/wp\/v2\/types\/product"}],"replies":[{"embeddable":true,"href":"https:\/\/www.luleey.com\/pt\/wp-json\/wp\/v2\/comments?post=14999"}],"wp:featuredmedia":[{"embeddable":true,"href":"https:\/\/www.luleey.com\/pt\/wp-json\/wp\/v2\/media\/15000"}],"wp:attachment":[{"href":"https:\/\/www.luleey.com\/pt\/wp-json\/wp\/v2\/media?parent=14999"}],"wp:term":[{"taxonomy":"product_brand","embeddable":true,"href":"https:\/\/www.luleey.com\/pt\/wp-json\/wp\/v2\/product_brand?post=14999"},{"taxonomy":"product_cat","embeddable":true,"href":"https:\/\/www.luleey.com\/pt\/wp-json\/wp\/v2\/product_cat?post=14999"},{"taxonomy":"product_tag","embeddable":true,"href":"https:\/\/www.luleey.com\/pt\/wp-json\/wp\/v2\/product_tag?post=14999"}],"curies":[{"name":"wp","href":"https:\/\/api.w.org\/{rel}","templated":true}]}}